{"id":455,"date":"2025-08-10T02:12:52","date_gmt":"2025-08-09T23:12:52","guid":{"rendered":"https:\/\/hotel.sunwayapart.com\/?page_id=455"},"modified":"2025-09-17T02:29:12","modified_gmt":"2025-09-16T23:29:12","slug":"kisisel-verilerin-korunmasi-kanunu","status":"publish","type":"page","link":"https:\/\/hotel.sunwayapart.com\/tr\/kisisel-verilerin-korunmasi-kanunu\/","title":{"rendered":"Ki\u015fisel Verilerin Korunmas\u0131 Kanunu"},"content":{"rendered":"<div data-elementor-type=\"wp-page\" data-elementor-id=\"455\" class=\"elementor elementor-455\">\n\t\t\t\t<div class=\"elementor-element elementor-element-73032ef e-flex e-con-boxed elementor-invisible e-con e-parent\" data-id=\"73032ef\" data-element_type=\"container\" data-settings=\"{&quot;jet_parallax_layout_list&quot;:[],&quot;animation&quot;:&quot;fadeInUp&quot;}\">\n\t\t\t\t\t<div class=\"e-con-inner\">\n\t\t\t\t<div class=\"elementor-element elementor-element-a290b8c elementor-widget elementor-widget-heading\" data-id=\"a290b8c\" data-element_type=\"widget\" data-widget_type=\"heading.default\">\n\t\t\t\t\t<h2 class=\"elementor-heading-title elementor-size-default\">Ki\u015fisel Verilerin Korunmas\u0131 ve \u0130\u015flenmesi Politikas\u0131<\/h2>\t\t\t\t<\/div>\n\t\t\t\t<div class=\"elementor-element elementor-element-1f82239 elementor-widget elementor-widget-text-editor\" data-id=\"1f82239\" data-element_type=\"widget\" data-widget_type=\"text-editor.default\">\n\t\t\t\t\t\t\t\t\t<p data-start=\"213\" data-end=\"510\">Bu politika, web sitemizi kullanan ger\u00e7ek ki\u015filerin (\u201cVeri Sahipleri\u201d) ki\u015fisel verilerinin, 6698 say\u0131l\u0131 Ki\u015fisel Verilerin Korunmas\u0131 Kanunu (KVKK) ve Avrupa Birli\u011fi Genel Veri Koruma T\u00fcz\u00fc\u011f\u00fc (GDPR) uyar\u0131nca i\u015flenmesi, saklanmas\u0131 ve korunmas\u0131na ili\u015fkin ilkeleri belirlemektedir.<\/p><h2 data-start=\"512\" data-end=\"533\">1. Veri Sorumlusu<\/h2><p data-start=\"534\" data-end=\"753\">Bu web sitesinde toplanan ki\u015fisel veriler i\u00e7in y\u00fcr\u00fcrl\u00fckteki mevzuat kapsam\u0131nda veri sorumlusu olarak hareket etmekteyiz. Her t\u00fcrl\u00fc sorunuz i\u00e7in web sitemizde yer alan ileti\u015fim kanallar\u0131 arac\u0131l\u0131\u011f\u0131yla bizimle ileti\u015fime ge\u00e7ebilirsiniz.<\/p><h2 data-start=\"755\" data-end=\"785\">2. Toplad\u0131\u011f\u0131m\u0131z Ki\u015fisel Veriler<\/h2><p data-start=\"786\" data-end=\"857\">Kullan\u0131c\u0131lardan do\u011frudan veya otomatik olarak a\u015fa\u011f\u0131daki verileri toplayabiliriz:<\/p><ul data-start=\"859\" data-end=\"1325\"><li data-start=\"859\" data-end=\"927\"><p data-start=\"861\" data-end=\"927\"><strong data-start=\"861\" data-end=\"886\">Kimlik Bilgileri:<\/strong> Ad, soyad, kullan\u0131c\u0131 ad\u0131, do\u011fum tarihi<\/p><\/li><li data-start=\"928\" data-end=\"1000\"><p data-start=\"930\" data-end=\"1000\"><strong data-start=\"930\" data-end=\"954\">\u0130leti\u015fim Bilgileri:<\/strong> Telefon numaras\u0131, e-posta adresi, posta adresi<\/p><\/li><li data-start=\"1001\" data-end=\"1090\"><p data-start=\"1003\" data-end=\"1090\"><strong data-start=\"1003\" data-end=\"1029\">Teknik Bilgiler:<\/strong> IP adresi, taray\u0131c\u0131 t\u00fcr\u00fc, i\u015fletim sistemi, cihaz ayr\u0131nt\u0131lar\u0131<\/p><\/li><li data-start=\"1091\" data-end=\"1172\"><p data-start=\"1093\" data-end=\"1172\"><strong data-start=\"1093\" data-end=\"1115\">Kullan\u0131m Bilgileri:<\/strong> Site i\u00e7i gezinme, i\u015flem ge\u00e7mi\u015fi, t\u0131klama kay\u0131tlar\u0131<\/p><\/li><li data-start=\"1173\" data-end=\"1268\"><p data-start=\"1175\" data-end=\"1268\"><strong data-start=\"1175\" data-end=\"1201\">Finansal Bilgiler:<\/strong> \u00d6deme ve faturalama detaylar\u0131 (bir i\u015flemin ger\u00e7ekle\u015ftirildi\u011fi yer)<\/p><\/li><li data-start=\"1269\" data-end=\"1325\"><p data-start=\"1271\" data-end=\"1325\"><strong data-start=\"1271\" data-end=\"1287\">\u00c7erez Verileri:<\/strong> \u00c7erezler arac\u0131l\u0131\u011f\u0131yla toplanan bilgiler<\/p><\/li><\/ul><h2 data-start=\"1327\" data-end=\"1369\">3. Ki\u015fisel Verilerin \u0130\u015flenme Ama\u00e7lar\u0131<\/h2><p data-start=\"1370\" data-end=\"1429\">Toplanan veriler a\u015fa\u011f\u0131daki ama\u00e7larla i\u015flenebilecektir:<\/p><ul data-start=\"1431\" data-end=\"1731\"><li data-start=\"1431\" data-end=\"1487\"><p data-start=\"1433\" data-end=\"1487\">Hizmetlerimizi sa\u011flamak, iyile\u015ftirmek ve ki\u015fiselle\u015ftirmek<\/p><\/li><li data-start=\"1488\" data-end=\"1539\"><p data-start=\"1490\" data-end=\"1539\">\u00dcyelik ve i\u015flem s\u00fcre\u00e7lerinin y\u00f6netimi<\/p><\/li><li data-start=\"1540\" data-end=\"1581\"><p data-start=\"1542\" data-end=\"1581\">Talep ve \u015fikayetlere yan\u0131t verme<\/p><\/li><li data-start=\"1582\" data-end=\"1614\"><p data-start=\"1584\" data-end=\"1614\">Yasal y\u00fck\u00fcml\u00fcl\u00fcklerin yerine getirilmesi<\/p><\/li><li data-start=\"1615\" data-end=\"1644\"><p data-start=\"1617\" data-end=\"1644\">Kullan\u0131c\u0131 deneyimini geli\u015ftirme<\/p><\/li><li data-start=\"1645\" data-end=\"1731\"><p data-start=\"1647\" data-end=\"1731\">Pazarlama, kampanya ve bilgilendirme faaliyetlerinin y\u00fcr\u00fct\u00fclmesi (a\u00e7\u0131k r\u0131za ile)<\/p><\/li><\/ul><h2 data-start=\"1733\" data-end=\"1750\">4. Yasal Dayanak<\/h2><p data-start=\"1751\" data-end=\"1815\">Ki\u015fisel verileriniz a\u015fa\u011f\u0131daki hukuki sebeplere dayanarak i\u015flenmektedir:<\/p><ul data-start=\"1817\" data-end=\"2013\"><li data-start=\"1817\" data-end=\"1841\"><p data-start=\"1819\" data-end=\"1841\"><strong data-start=\"1819\" data-end=\"1839\">A\u00e7\u0131k r\u0131za<\/strong><\/p><\/li><li data-start=\"1842\" data-end=\"1875\"><p data-start=\"1844\" data-end=\"1875\"><strong data-start=\"1844\" data-end=\"1873\">Bir s\u00f6zle\u015fmenin ifas\u0131<\/strong><\/p><\/li><li data-start=\"1876\" data-end=\"1918\"><p data-start=\"1878\" data-end=\"1918\"><strong data-start=\"1878\" data-end=\"1916\">Yasal bir y\u00fck\u00fcml\u00fcl\u00fc\u011fe uyum<\/strong><\/p><\/li><li data-start=\"1919\" data-end=\"2013\"><p data-start=\"1921\" data-end=\"2013\"><strong data-start=\"1921\" data-end=\"1945\">Me\u015fru \u00e7\u0131karlar<\/strong> (Temel hak ve \u00f6zg\u00fcrl\u00fcklerinize zarar verilmemesi kayd\u0131yla)<\/p><\/li><\/ul><h2 data-start=\"2015\" data-end=\"2042\">5. Veri Saklama S\u00fcresi<\/h2><p data-start=\"2043\" data-end=\"2299\">Ki\u015fisel veriler, ilgili mevzuatta belirtilen s\u00fcreler boyunca veya i\u015flendikleri ama\u00e7 i\u00e7in gerekli olan s\u00fcre boyunca saklan\u0131r. Saklama s\u00fcresinin sona ermesi veya amac\u0131n ortadan kalkmas\u0131 halinde veriler g\u00fcvenli bir \u015fekilde silinir, yok edilir veya anonim hale getirilir.<\/p><h2 data-start=\"2301\" data-end=\"2331\">6. Ki\u015fisel Verilerin Payla\u015f\u0131lmas\u0131<\/h2><p data-start=\"2332\" data-end=\"2401\">Ki\u015fisel verileriniz yaln\u0131zca a\u015fa\u011f\u0131daki durumlarda payla\u015f\u0131labilir:<\/p><ul data-start=\"2403\" data-end=\"2624\"><li data-start=\"2403\" data-end=\"2446\"><p data-start=\"2405\" data-end=\"2446\">Gerekti\u011finde <strong data-start=\"2423\" data-end=\"2444\">yasal y\u00fck\u00fcml\u00fcl\u00fckler<\/strong><\/p><\/li><li data-start=\"2447\" data-end=\"2512\"><p data-start=\"2449\" data-end=\"2512\">Gelen taleplere yan\u0131t olarak <strong data-start=\"2478\" data-end=\"2510\">yetkili kamu otoriteleri<\/strong><\/p><\/li><li data-start=\"2513\" data-end=\"2624\"><p data-start=\"2515\" data-end=\"2624\">\u0130le <strong data-start=\"2520\" data-end=\"2558\">hizmet sa\u011flay\u0131c\u0131 i\u015f ortaklar\u0131<\/strong> (\u00f6rne\u011fin bar\u0131nd\u0131rma, nakliye, \u00f6deme) kesinlikle hizmet sunumu i\u00e7in<\/p><\/li><\/ul><p data-start=\"2626\" data-end=\"2701\">Veriler <strong data-start=\"2635\" data-end=\"2642\">Olumsuz<\/strong> ticari ama\u00e7larla \u00fc\u00e7\u00fcnc\u00fc \u015fah\u0131slarla sat\u0131lamaz veya payla\u015f\u0131lamaz.<\/p><h2 data-start=\"2703\" data-end=\"2737\">7. Uluslararas\u0131 Veri Transferleri<\/h2><p data-start=\"2738\" data-end=\"2991\">Hizmet sunumunun gerektirdi\u011fi hallerde verileriniz, KVKK ve GDPR kapsam\u0131nda yeterli koruman\u0131n bulundu\u011fu \u00fclkelere veya yeterli koruman\u0131n bulunmad\u0131\u011f\u0131 durumlarda a\u00e7\u0131k r\u0131zan\u0131z ile yasal zorunluluklar uyar\u0131nca yurt d\u0131\u015f\u0131na aktar\u0131labilecektir.<\/p><h2 data-start=\"2993\" data-end=\"3012\">8. Veri G\u00fcvenli\u011fi<\/h2><p data-start=\"3013\" data-end=\"3057\">Ki\u015fisel verilerinizi korumak i\u00e7in \u015funlar\u0131 uyguluyoruz:<\/p><ul data-start=\"3059\" data-end=\"3296\"><li data-start=\"3059\" data-end=\"3151\"><p data-start=\"3061\" data-end=\"3151\"><strong data-start=\"3061\" data-end=\"3083\">Teknik \u00f6nlemler<\/strong> yetkisiz eri\u015fimi engellemek i\u00e7in (\u015fifreleme, g\u00fcvenlik duvarlar\u0131, SSL, vb.)<\/p><\/li><li data-start=\"3152\" data-end=\"3221\"><p data-start=\"3154\" data-end=\"3221\"><strong data-start=\"3154\" data-end=\"3191\">Yetkilendirme ve eri\u015fim kontrolleri<\/strong> rol ve gereklili\u011fe g\u00f6re<\/p><\/li><li data-start=\"3222\" data-end=\"3296\"><p data-start=\"3224\" data-end=\"3296\"><strong data-start=\"3224\" data-end=\"3255\">Gizlilik y\u00fck\u00fcml\u00fcl\u00fckleri<\/strong> personel ve ilgili \u00fc\u00e7\u00fcnc\u00fc taraflar i\u00e7in<\/p><\/li><\/ul><h2 data-start=\"3298\" data-end=\"3323\">9. Veri Sahibinin Haklar\u0131<\/h2><p data-start=\"3324\" data-end=\"3403\">KVKK Madde 11 ve GDPR Madde 15\u201322 uyar\u0131nca veri sahipleri \u015fu haklara sahiptir:<\/p><ul data-start=\"3405\" data-end=\"3740\"><li data-start=\"3405\" data-end=\"3450\"><p data-start=\"3407\" data-end=\"3450\">Rica etmek <strong data-start=\"3415\" data-end=\"3425\">eri\u015fim<\/strong> ki\u015fisel verilerine<\/p><\/li><li data-start=\"3451\" data-end=\"3510\"><p data-start=\"3453\" data-end=\"3510\">Rica etmek <strong data-start=\"3461\" data-end=\"3475\">d\u00fczeltme<\/strong> yanl\u0131\u015f veya eksik veriler<\/p><\/li><li data-start=\"3511\" data-end=\"3562\"><p data-start=\"3513\" data-end=\"3562\">Rica etmek <strong data-start=\"3521\" data-end=\"3533\">silme<\/strong> veya <strong data-start=\"3537\" data-end=\"3552\">y\u0131k\u0131m<\/strong> verilerin<\/p><\/li><li data-start=\"3563\" data-end=\"3604\"><p data-start=\"3565\" data-end=\"3604\">Rica etmek <strong data-start=\"3573\" data-end=\"3588\">k\u0131s\u0131tlama<\/strong> i\u015fleme<\/p><\/li><li data-start=\"3605\" data-end=\"3637\"><p data-start=\"3607\" data-end=\"3637\">Rica etmek <strong data-start=\"3615\" data-end=\"3635\">veri ta\u015f\u0131nabilirli\u011fi<\/strong><\/p><\/li><li data-start=\"3638\" data-end=\"3666\"><p data-start=\"3640\" data-end=\"3666\"><strong data-start=\"3640\" data-end=\"3650\">Nesne<\/strong> i\u015fleme<\/p><\/li><li data-start=\"3667\" data-end=\"3740\"><p data-start=\"3669\" data-end=\"3740\"><strong data-start=\"3669\" data-end=\"3689\">Onay\u0131 geri \u00e7ek<\/strong> herhangi bir zamanda (i\u015flemenin onaya dayal\u0131 oldu\u011fu durumlarda)<\/p><\/li><\/ul><p data-start=\"3742\" data-end=\"3841\">Haklar\u0131n\u0131z\u0131 kullanmak i\u00e7in l\u00fctfen web sitemizde yer alan ileti\u015fim bilgilerinden bize ula\u015f\u0131n.<\/p><h2 data-start=\"3843\" data-end=\"3872\">10. Bu Politikadaki De\u011fi\u015fiklikler<\/h2><p data-start=\"3873\" data-end=\"3984\">Bu politika zaman zaman g\u00fcncellenebilir. G\u00fcncellenmi\u015f versiyon, web sitemizde yay\u0131nland\u0131\u011f\u0131 tarihte y\u00fcr\u00fcrl\u00fc\u011fe girer.<\/p>\t\t\t\t\t\t\t\t<\/div>\n\t\t\t\t\t<\/div>\n\t\t\t\t<\/div>\n\t\t\t\t<\/div>","protected":false},"excerpt":{"rendered":"<p>Personal Data Protection and Processing Policy This policy sets out the principles for processing, storing, and protecting the personal data of individuals (\u201cData Subjects\u201d) who use our website, in accordance with T\u00fcrkiye\u2019s Law No. 6698 on the Protection of Personal Data (KVKK) and the European Union General Data Protection Regulation (GDPR). 1. Data Controller We [&hellip;]<\/p>","protected":false},"author":1,"featured_media":632,"parent":0,"menu_order":0,"comment_status":"closed","ping_status":"closed","template":"elementor_header_footer","meta":{"_acf_changed":false,"footnotes":""},"class_list":["post-455","page","type-page","status-publish","has-post-thumbnail","hentry"],"acf":[],"yoast_head":"<!-- This site is optimized with the Yoast SEO plugin v25.6 - https:\/\/yoast.com\/wordpress\/plugins\/seo\/ -->\n<title>Ki\u015fisel Verilerin Korunmas\u0131 Kanunu - Sun Way Apart Hotel Alanya<\/title>\n<meta name=\"robots\" content=\"index, follow, max-snippet:-1, max-image-preview:large, max-video-preview:-1\" \/>\n<link rel=\"canonical\" href=\"https:\/\/hotel.sunwayapart.com\/tr\/kisisel-verilerin-korunmasi-kanunu\/\" \/>\n<meta property=\"og:locale\" content=\"tr_TR\" \/>\n<meta property=\"og:type\" content=\"article\" \/>\n<meta property=\"og:title\" content=\"Ki\u015fisel Verilerin Korunmas\u0131 Kanunu - Sun Way Apart Hotel Alanya\" \/>\n<meta property=\"og:description\" content=\"Personal Data Protection and Processing Policy This policy sets out the principles for processing, storing, and protecting the personal data of individuals (\u201cData Subjects\u201d) who use our website, in accordance with T\u00fcrkiye\u2019s Law No. 6698 on the Protection of Personal Data (KVKK) and the European Union General Data Protection Regulation (GDPR). 1. Data Controller We [&hellip;]\" \/>\n<meta property=\"og:url\" content=\"https:\/\/hotel.sunwayapart.com\/tr\/kisisel-verilerin-korunmasi-kanunu\/\" \/>\n<meta property=\"og:site_name\" content=\"Sun Way Apart Hotel Alanya\" \/>\n<meta property=\"article:modified_time\" content=\"2025-09-16T23:29:12+00:00\" \/>\n<meta property=\"og:image\" content=\"https:\/\/hotel.sunwayapart.com\/wp-content\/uploads\/2025\/09\/Sun-Way-Apart-Hotel-Favicon.png\" \/>\n\t<meta property=\"og:image:width\" content=\"512\" \/>\n\t<meta property=\"og:image:height\" content=\"512\" \/>\n\t<meta property=\"og:image:type\" content=\"image\/png\" \/>\n<meta name=\"twitter:card\" content=\"summary_large_image\" \/>\n<meta name=\"twitter:label1\" content=\"Tahmini okuma s\u00fcresi\" \/>\n\t<meta name=\"twitter:data1\" content=\"3 dakika\" \/>\n<script type=\"application\/ld+json\" class=\"yoast-schema-graph\">{\"@context\":\"https:\/\/schema.org\",\"@graph\":[{\"@type\":\"WebPage\",\"@id\":\"https:\/\/hotel.sunwayapart.com\/kisisel-verilerin-korunmasi-kanunu\/\",\"url\":\"https:\/\/hotel.sunwayapart.com\/kisisel-verilerin-korunmasi-kanunu\/\",\"name\":\"Ki\u015fisel Verilerin Korunmas\u0131 Kanunu - Sun Way Apart Hotel Alanya\",\"isPartOf\":{\"@id\":\"https:\/\/hotel.sunwayapart.com\/#website\"},\"primaryImageOfPage\":{\"@id\":\"https:\/\/hotel.sunwayapart.com\/kisisel-verilerin-korunmasi-kanunu\/#primaryimage\"},\"image\":{\"@id\":\"https:\/\/hotel.sunwayapart.com\/kisisel-verilerin-korunmasi-kanunu\/#primaryimage\"},\"thumbnailUrl\":\"https:\/\/hotel.sunwayapart.com\/wp-content\/uploads\/2025\/09\/Sun-Way-Apart-Hotel-Favicon.png\",\"datePublished\":\"2025-08-09T23:12:52+00:00\",\"dateModified\":\"2025-09-16T23:29:12+00:00\",\"breadcrumb\":{\"@id\":\"https:\/\/hotel.sunwayapart.com\/kisisel-verilerin-korunmasi-kanunu\/#breadcrumb\"},\"inLanguage\":\"tr\",\"potentialAction\":[{\"@type\":\"ReadAction\",\"target\":[\"https:\/\/hotel.sunwayapart.com\/kisisel-verilerin-korunmasi-kanunu\/\"]}]},{\"@type\":\"ImageObject\",\"inLanguage\":\"tr\",\"@id\":\"https:\/\/hotel.sunwayapart.com\/kisisel-verilerin-korunmasi-kanunu\/#primaryimage\",\"url\":\"https:\/\/hotel.sunwayapart.com\/wp-content\/uploads\/2025\/09\/Sun-Way-Apart-Hotel-Favicon.png\",\"contentUrl\":\"https:\/\/hotel.sunwayapart.com\/wp-content\/uploads\/2025\/09\/Sun-Way-Apart-Hotel-Favicon.png\",\"width\":512,\"height\":512},{\"@type\":\"BreadcrumbList\",\"@id\":\"https:\/\/hotel.sunwayapart.com\/kisisel-verilerin-korunmasi-kanunu\/#breadcrumb\",\"itemListElement\":[{\"@type\":\"ListItem\",\"position\":1,\"name\":\"Anasayfa\",\"item\":\"https:\/\/hotel.sunwayapart.com\/\"},{\"@type\":\"ListItem\",\"position\":2,\"name\":\"Ki\u015fisel Verilerin Korunmas\u0131 Kanunu\"}]},{\"@type\":\"WebSite\",\"@id\":\"https:\/\/hotel.sunwayapart.com\/#website\",\"url\":\"https:\/\/hotel.sunwayapart.com\/\",\"name\":\"Sun Way Apart Hotel Alanya\",\"description\":\"Sun Way Apart Hotel Alanya\",\"potentialAction\":[{\"@type\":\"SearchAction\",\"target\":{\"@type\":\"EntryPoint\",\"urlTemplate\":\"https:\/\/hotel.sunwayapart.com\/?s={search_term_string}\"},\"query-input\":{\"@type\":\"PropertyValueSpecification\",\"valueRequired\":true,\"valueName\":\"search_term_string\"}}],\"inLanguage\":\"tr\"}]}<\/script>\n<!-- \/ Yoast SEO plugin. -->","yoast_head_json":{"title":"Ki\u015fisel Verilerin Korunmas\u0131 Kanunu - Sun Way Apart Hotel Alanya","robots":{"index":"index","follow":"follow","max-snippet":"max-snippet:-1","max-image-preview":"max-image-preview:large","max-video-preview":"max-video-preview:-1"},"canonical":"https:\/\/hotel.sunwayapart.com\/tr\/kisisel-verilerin-korunmasi-kanunu\/","og_locale":"tr_TR","og_type":"article","og_title":"Ki\u015fisel Verilerin Korunmas\u0131 Kanunu - Sun Way Apart Hotel Alanya","og_description":"Personal Data Protection and Processing Policy This policy sets out the principles for processing, storing, and protecting the personal data of individuals (\u201cData Subjects\u201d) who use our website, in accordance with T\u00fcrkiye\u2019s Law No. 6698 on the Protection of Personal Data (KVKK) and the European Union General Data Protection Regulation (GDPR). 1. Data Controller We [&hellip;]","og_url":"https:\/\/hotel.sunwayapart.com\/tr\/kisisel-verilerin-korunmasi-kanunu\/","og_site_name":"Sun Way Apart Hotel Alanya","article_modified_time":"2025-09-16T23:29:12+00:00","og_image":[{"width":512,"height":512,"url":"https:\/\/hotel.sunwayapart.com\/wp-content\/uploads\/2025\/09\/Sun-Way-Apart-Hotel-Favicon.png","type":"image\/png"}],"twitter_card":"summary_large_image","twitter_misc":{"Tahmini okuma s\u00fcresi":"3 dakika"},"schema":{"@context":"https:\/\/schema.org","@graph":[{"@type":"WebPage","@id":"https:\/\/hotel.sunwayapart.com\/kisisel-verilerin-korunmasi-kanunu\/","url":"https:\/\/hotel.sunwayapart.com\/kisisel-verilerin-korunmasi-kanunu\/","name":"Ki\u015fisel Verilerin Korunmas\u0131 Kanunu - Sun Way Apart Hotel Alanya","isPartOf":{"@id":"https:\/\/hotel.sunwayapart.com\/#website"},"primaryImageOfPage":{"@id":"https:\/\/hotel.sunwayapart.com\/kisisel-verilerin-korunmasi-kanunu\/#primaryimage"},"image":{"@id":"https:\/\/hotel.sunwayapart.com\/kisisel-verilerin-korunmasi-kanunu\/#primaryimage"},"thumbnailUrl":"https:\/\/hotel.sunwayapart.com\/wp-content\/uploads\/2025\/09\/Sun-Way-Apart-Hotel-Favicon.png","datePublished":"2025-08-09T23:12:52+00:00","dateModified":"2025-09-16T23:29:12+00:00","breadcrumb":{"@id":"https:\/\/hotel.sunwayapart.com\/kisisel-verilerin-korunmasi-kanunu\/#breadcrumb"},"inLanguage":"tr","potentialAction":[{"@type":"ReadAction","target":["https:\/\/hotel.sunwayapart.com\/kisisel-verilerin-korunmasi-kanunu\/"]}]},{"@type":"ImageObject","inLanguage":"tr","@id":"https:\/\/hotel.sunwayapart.com\/kisisel-verilerin-korunmasi-kanunu\/#primaryimage","url":"https:\/\/hotel.sunwayapart.com\/wp-content\/uploads\/2025\/09\/Sun-Way-Apart-Hotel-Favicon.png","contentUrl":"https:\/\/hotel.sunwayapart.com\/wp-content\/uploads\/2025\/09\/Sun-Way-Apart-Hotel-Favicon.png","width":512,"height":512},{"@type":"BreadcrumbList","@id":"https:\/\/hotel.sunwayapart.com\/kisisel-verilerin-korunmasi-kanunu\/#breadcrumb","itemListElement":[{"@type":"ListItem","position":1,"name":"Anasayfa","item":"https:\/\/hotel.sunwayapart.com\/"},{"@type":"ListItem","position":2,"name":"Ki\u015fisel Verilerin Korunmas\u0131 Kanunu"}]},{"@type":"WebSite","@id":"https:\/\/hotel.sunwayapart.com\/#website","url":"https:\/\/hotel.sunwayapart.com\/","name":"Sun Way Apart Hotel Alanya","description":"Sun Way Apart Hotel Alanya","potentialAction":[{"@type":"SearchAction","target":{"@type":"EntryPoint","urlTemplate":"https:\/\/hotel.sunwayapart.com\/?s={search_term_string}"},"query-input":{"@type":"PropertyValueSpecification","valueRequired":true,"valueName":"search_term_string"}}],"inLanguage":"tr"}]}},"_links":{"self":[{"href":"https:\/\/hotel.sunwayapart.com\/tr\/wp-json\/wp\/v2\/pages\/455","targetHints":{"allow":["GET"]}}],"collection":[{"href":"https:\/\/hotel.sunwayapart.com\/tr\/wp-json\/wp\/v2\/pages"}],"about":[{"href":"https:\/\/hotel.sunwayapart.com\/tr\/wp-json\/wp\/v2\/types\/page"}],"author":[{"embeddable":true,"href":"https:\/\/hotel.sunwayapart.com\/tr\/wp-json\/wp\/v2\/users\/1"}],"replies":[{"embeddable":true,"href":"https:\/\/hotel.sunwayapart.com\/tr\/wp-json\/wp\/v2\/comments?post=455"}],"version-history":[{"count":14,"href":"https:\/\/hotel.sunwayapart.com\/tr\/wp-json\/wp\/v2\/pages\/455\/revisions"}],"predecessor-version":[{"id":803,"href":"https:\/\/hotel.sunwayapart.com\/tr\/wp-json\/wp\/v2\/pages\/455\/revisions\/803"}],"wp:featuredmedia":[{"embeddable":true,"href":"https:\/\/hotel.sunwayapart.com\/tr\/wp-json\/wp\/v2\/media\/632"}],"wp:attachment":[{"href":"https:\/\/hotel.sunwayapart.com\/tr\/wp-json\/wp\/v2\/media?parent=455"}],"curies":[{"name":"wp","href":"https:\/\/api.w.org\/{rel}","templated":true}]}}