{"id":435,"date":"2025-08-10T01:59:43","date_gmt":"2025-08-09T22:59:43","guid":{"rendered":"https:\/\/hotel.sunwayapart.com\/?page_id=435"},"modified":"2025-09-17T02:29:44","modified_gmt":"2025-09-16T23:29:44","slug":"gizlilik-ilkesi","status":"publish","type":"page","link":"https:\/\/hotel.sunwayapart.com\/tr\/gizlilik-ilkesi\/","title":{"rendered":"Gizlilik \u0130lkesi"},"content":{"rendered":"<div data-elementor-type=\"wp-page\" data-elementor-id=\"435\" class=\"elementor elementor-435\">\n\t\t\t\t<div class=\"elementor-element elementor-element-7a4f1bc e-flex e-con-boxed elementor-invisible e-con e-parent\" data-id=\"7a4f1bc\" data-element_type=\"container\" data-settings=\"{&quot;jet_parallax_layout_list&quot;:[],&quot;animation&quot;:&quot;fadeInUp&quot;}\">\n\t\t\t\t\t<div class=\"e-con-inner\">\n\t\t\t\t<div class=\"elementor-element elementor-element-be022e4 elementor-widget elementor-widget-heading\" data-id=\"be022e4\" data-element_type=\"widget\" data-widget_type=\"heading.default\">\n\t\t\t\t\t<h2 class=\"elementor-heading-title elementor-size-default\">Gizlilik Politikas\u0131<\/h2>\t\t\t\t<\/div>\n\t\t\t\t<div class=\"elementor-element elementor-element-eeca750 elementor-widget elementor-widget-text-editor\" data-id=\"eeca750\" data-element_type=\"widget\" data-widget_type=\"text-editor.default\">\n\t\t\t\t\t\t\t\t\t<p data-start=\"154\" data-end=\"338\">Bu Gizlilik Politikas\u0131, web sitemizi ziyaret eden kullan\u0131c\u0131lar\u0131n ki\u015fisel verilerini nas\u0131l toplad\u0131\u011f\u0131m\u0131z\u0131, kulland\u0131\u011f\u0131m\u0131z\u0131, saklad\u0131\u011f\u0131m\u0131z\u0131 ve korudu\u011fumuzu a\u00e7\u0131klamaktad\u0131r. Sitemizi kullanarak, bu politikada belirtilen \u015fartlar\u0131 kabul etmi\u015f olursunuz.<\/p><h2 data-start=\"340\" data-end=\"368\">1. Toplad\u0131\u011f\u0131m\u0131z Bilgiler<\/h2><p data-start=\"369\" data-end=\"440\">Web sitemiz arac\u0131l\u0131\u011f\u0131yla a\u015fa\u011f\u0131daki t\u00fcrde bilgileri toplayabiliriz:<\/p><ul data-start=\"442\" data-end=\"742\"><li data-start=\"442\" data-end=\"570\"><p data-start=\"444\" data-end=\"570\"><strong data-start=\"444\" data-end=\"468\">Ki\u015fisel bilgiler<\/strong> Ad, soyad, e-posta adresi ve telefon numaras\u0131 gibi (\u00f6rne\u011fin, bir formu doldururken veya kaydolurken)<\/p><\/li><li data-start=\"571\" data-end=\"678\"><p data-start=\"573\" data-end=\"678\"><strong data-start=\"573\" data-end=\"591\">Teknik veriler<\/strong> IP adresi, taray\u0131c\u0131 t\u00fcr\u00fc, i\u015fletim sistemi ve ziyaretlerinizin tarihi\/saati gibi<\/p><\/li><li data-start=\"679\" data-end=\"742\"><p data-start=\"681\" data-end=\"742\"><strong data-start=\"681\" data-end=\"695\">Kullan\u0131m verileri<\/strong> \u00e7erezler ve benzeri teknolojiler arac\u0131l\u0131\u011f\u0131yla toplan\u0131r<\/p><\/li><\/ul><h2 data-start=\"744\" data-end=\"765\">2. Kullan\u0131m Ama\u00e7lar\u0131<\/h2><p data-start=\"766\" data-end=\"823\">Toplanan verileri a\u015fa\u011f\u0131daki ama\u00e7lar i\u00e7in kullanabiliriz:<\/p><ul data-start=\"825\" data-end=\"1093\"><li data-start=\"825\" data-end=\"878\"><p data-start=\"827\" data-end=\"878\">Hizmetlerimizi sa\u011flamak, iyile\u015ftirmek ve ki\u015fiselle\u015ftirmek i\u00e7in<\/p><\/li><li data-start=\"879\" data-end=\"924\"><p data-start=\"881\" data-end=\"924\">Talep ve sorular\u0131n\u0131za yan\u0131t vermek i\u00e7in<\/p><\/li><li data-start=\"925\" data-end=\"967\"><p data-start=\"927\" data-end=\"967\">Genel kullan\u0131c\u0131 deneyimini geli\u015ftirmek i\u00e7in<\/p><\/li><li data-start=\"968\" data-end=\"1004\"><p data-start=\"970\" data-end=\"1004\">Yasal y\u00fck\u00fcml\u00fcl\u00fcklerimizi yerine getirmek i\u00e7in<\/p><\/li><li data-start=\"1005\" data-end=\"1093\"><p data-start=\"1007\" data-end=\"1093\">Pazarlama ve bilgilendirme faaliyetlerini y\u00fcr\u00fctmek (gerekti\u011finde onay\u0131n\u0131zla)<\/p><\/li><\/ul><h2 data-start=\"1095\" data-end=\"1108\">3. \u00c7erezler<\/h2><p data-start=\"1109\" data-end=\"1322\">Web sitemiz, deneyiminizi iyile\u015ftirmek i\u00e7in \u00e7erezler kullanmaktad\u0131r. Taray\u0131c\u0131 ayarlar\u0131n\u0131z arac\u0131l\u0131\u011f\u0131yla \u00e7erezleri devre d\u0131\u015f\u0131 b\u0131rakabilir veya uyar\u0131lar alabilirsiniz. \u00c7erezleri devre d\u0131\u015f\u0131 b\u0131rakman\u0131n baz\u0131 site \u00f6zelliklerinin d\u00fczg\u00fcn \u00e7al\u0131\u015fmamas\u0131na neden olabilece\u011fini l\u00fctfen unutmay\u0131n.<\/p><h2 data-start=\"1324\" data-end=\"1352\">4. Bilgi Payla\u015f\u0131m\u0131<\/h2><p data-start=\"1353\" data-end=\"1436\">Ki\u015fisel verileriniz a\u015fa\u011f\u0131daki durumlar haricinde \u00fc\u00e7\u00fcnc\u00fc ki\u015filerle payla\u015f\u0131lmaz:<\/p><ul data-start=\"1438\" data-end=\"1647\"><li data-start=\"1438\" data-end=\"1481\"><p data-start=\"1440\" data-end=\"1481\">Gerekti\u011finde <strong data-start=\"1458\" data-end=\"1479\">yasal y\u00fck\u00fcml\u00fcl\u00fckler<\/strong><\/p><\/li><li data-start=\"1482\" data-end=\"1540\"><p data-start=\"1484\" data-end=\"1540\">Gelen taleplere yan\u0131t olarak <strong data-start=\"1513\" data-end=\"1538\">yetkili makamlar<\/strong><\/p><\/li><li data-start=\"1541\" data-end=\"1647\"><p data-start=\"1543\" data-end=\"1647\">\u0130le <strong data-start=\"1548\" data-end=\"1580\">g\u00fcvenilir \u00fc\u00e7\u00fcnc\u00fc taraf ortaklar<\/strong> kesinlikle hizmet sunumu i\u00e7in (\u00f6rne\u011fin bar\u0131nd\u0131rma, \u00f6demeler, lojistik)<\/p><\/li><\/ul><h2 data-start=\"1649\" data-end=\"1668\">5. Veri G\u00fcvenli\u011fi<\/h2><p data-start=\"1669\" data-end=\"1859\">Ki\u015fisel verilerinizi korumak i\u00e7in sekt\u00f6r standartlar\u0131nda teknik ve idari \u00f6nlemler uyguluyoruz. Ancak, internet \u00fczerinden yap\u0131lan hi\u00e7bir veri aktar\u0131m\u0131n\u0131n tamamen g\u00fcvenli oldu\u011fu garanti edilemez.<\/p><h2 data-start=\"1861\" data-end=\"1884\">6. \u00dc\u00e7\u00fcnc\u00fc Taraf Ba\u011flant\u0131lar\u0131<\/h2><p data-start=\"1885\" data-end=\"2004\">Web sitemiz, \u00fc\u00e7\u00fcnc\u00fc taraf web sitelerine ba\u011flant\u0131lar i\u00e7erebilir. Bu sitelerin gizlilik uygulamalar\u0131ndan sorumlu de\u011filiz.<\/p><h2 data-start=\"2006\" data-end=\"2023\">7. Haklar\u0131n\u0131z<\/h2><p data-start=\"2024\" data-end=\"2076\">Ki\u015fisel verilerinizle ilgili olarak a\u015fa\u011f\u0131daki haklara sahipsiniz:<\/p><ul data-start=\"2078\" data-end=\"2225\"><li data-start=\"2078\" data-end=\"2100\"><p data-start=\"2080\" data-end=\"2100\">Rica etmek <strong data-start=\"2088\" data-end=\"2098\">eri\u015fim<\/strong><\/p><\/li><li data-start=\"2101\" data-end=\"2127\"><p data-start=\"2103\" data-end=\"2127\">Rica etmek <strong data-start=\"2111\" data-end=\"2125\">d\u00fczeltme<\/strong><\/p><\/li><li data-start=\"2128\" data-end=\"2152\"><p data-start=\"2130\" data-end=\"2152\">Rica etmek <strong data-start=\"2138\" data-end=\"2150\">silme<\/strong><\/p><\/li><li data-start=\"2153\" data-end=\"2194\"><p data-start=\"2155\" data-end=\"2194\">Rica etmek <strong data-start=\"2163\" data-end=\"2178\">k\u0131s\u0131tlama<\/strong> i\u015fleme<\/p><\/li><li data-start=\"2195\" data-end=\"2225\"><p data-start=\"2197\" data-end=\"2225\">Rica etmek <strong data-start=\"2205\" data-end=\"2225\">veri ta\u015f\u0131nabilirli\u011fi<\/strong><\/p><\/li><\/ul><p data-start=\"2227\" data-end=\"2312\">Haklar\u0131n\u0131z\u0131 kullanmak i\u00e7in l\u00fctfen web sitemizde yer alan ileti\u015fim bilgilerimizden bize ula\u015f\u0131n.<\/p><h2 data-start=\"2314\" data-end=\"2342\">8. Bu Politikadaki De\u011fi\u015fiklikler<\/h2><p data-start=\"2343\" data-end=\"2468\">Bu Gizlilik Politikas\u0131 zaman zaman g\u00fcncellenebilir. De\u011fi\u015fiklikler, web sitemizde yay\u0131nland\u0131\u011f\u0131 tarihte y\u00fcr\u00fcrl\u00fc\u011fe girer.<\/p>\t\t\t\t\t\t\t\t<\/div>\n\t\t\t\t\t<\/div>\n\t\t\t\t<\/div>\n\t\t\t\t<\/div>","protected":false},"excerpt":{"rendered":"<p>Privacy Policy This Privacy Policy explains how we collect, use, store, and protect the personal data of users who visit our website. By using our site, you agree to the terms set out in this policy. 1. Information We Collect Through our website, we may collect the following types of information: Personal information such as [&hellip;]<\/p>","protected":false},"author":1,"featured_media":632,"parent":0,"menu_order":0,"comment_status":"closed","ping_status":"closed","template":"elementor_header_footer","meta":{"_acf_changed":false,"footnotes":""},"class_list":["post-435","page","type-page","status-publish","has-post-thumbnail","hentry"],"acf":[],"yoast_head":"<!-- This site is optimized with the Yoast SEO plugin v25.6 - https:\/\/yoast.com\/wordpress\/plugins\/seo\/ -->\n<title>Gizlilik \u0130lkesi - Sun Way Apart Hotel Alanya<\/title>\n<meta name=\"robots\" content=\"index, follow, max-snippet:-1, max-image-preview:large, max-video-preview:-1\" \/>\n<link rel=\"canonical\" href=\"https:\/\/hotel.sunwayapart.com\/tr\/gizlilik-ilkesi\/\" \/>\n<meta property=\"og:locale\" content=\"tr_TR\" \/>\n<meta property=\"og:type\" content=\"article\" \/>\n<meta property=\"og:title\" content=\"Gizlilik \u0130lkesi - Sun Way Apart Hotel Alanya\" \/>\n<meta property=\"og:description\" content=\"Privacy Policy This Privacy Policy explains how we collect, use, store, and protect the personal data of users who visit our website. By using our site, you agree to the terms set out in this policy. 1. Information We Collect Through our website, we may collect the following types of information: Personal information such as [&hellip;]\" \/>\n<meta property=\"og:url\" content=\"https:\/\/hotel.sunwayapart.com\/tr\/gizlilik-ilkesi\/\" \/>\n<meta property=\"og:site_name\" content=\"Sun Way Apart Hotel Alanya\" \/>\n<meta property=\"article:modified_time\" content=\"2025-09-16T23:29:44+00:00\" \/>\n<meta property=\"og:image\" content=\"https:\/\/hotel.sunwayapart.com\/wp-content\/uploads\/2025\/09\/Sun-Way-Apart-Hotel-Favicon.png\" \/>\n\t<meta property=\"og:image:width\" content=\"512\" \/>\n\t<meta property=\"og:image:height\" content=\"512\" \/>\n\t<meta property=\"og:image:type\" content=\"image\/png\" \/>\n<meta name=\"twitter:card\" content=\"summary_large_image\" \/>\n<meta name=\"twitter:label1\" content=\"Tahmini okuma s\u00fcresi\" \/>\n\t<meta name=\"twitter:data1\" content=\"3 dakika\" \/>\n<script type=\"application\/ld+json\" class=\"yoast-schema-graph\">{\"@context\":\"https:\/\/schema.org\",\"@graph\":[{\"@type\":\"WebPage\",\"@id\":\"https:\/\/hotel.sunwayapart.com\/gizlilik-ilkesi\/\",\"url\":\"https:\/\/hotel.sunwayapart.com\/gizlilik-ilkesi\/\",\"name\":\"Gizlilik \u0130lkesi - Sun Way Apart Hotel Alanya\",\"isPartOf\":{\"@id\":\"https:\/\/hotel.sunwayapart.com\/#website\"},\"primaryImageOfPage\":{\"@id\":\"https:\/\/hotel.sunwayapart.com\/gizlilik-ilkesi\/#primaryimage\"},\"image\":{\"@id\":\"https:\/\/hotel.sunwayapart.com\/gizlilik-ilkesi\/#primaryimage\"},\"thumbnailUrl\":\"https:\/\/hotel.sunwayapart.com\/wp-content\/uploads\/2025\/09\/Sun-Way-Apart-Hotel-Favicon.png\",\"datePublished\":\"2025-08-09T22:59:43+00:00\",\"dateModified\":\"2025-09-16T23:29:44+00:00\",\"breadcrumb\":{\"@id\":\"https:\/\/hotel.sunwayapart.com\/gizlilik-ilkesi\/#breadcrumb\"},\"inLanguage\":\"tr\",\"potentialAction\":[{\"@type\":\"ReadAction\",\"target\":[\"https:\/\/hotel.sunwayapart.com\/gizlilik-ilkesi\/\"]}]},{\"@type\":\"ImageObject\",\"inLanguage\":\"tr\",\"@id\":\"https:\/\/hotel.sunwayapart.com\/gizlilik-ilkesi\/#primaryimage\",\"url\":\"https:\/\/hotel.sunwayapart.com\/wp-content\/uploads\/2025\/09\/Sun-Way-Apart-Hotel-Favicon.png\",\"contentUrl\":\"https:\/\/hotel.sunwayapart.com\/wp-content\/uploads\/2025\/09\/Sun-Way-Apart-Hotel-Favicon.png\",\"width\":512,\"height\":512},{\"@type\":\"BreadcrumbList\",\"@id\":\"https:\/\/hotel.sunwayapart.com\/gizlilik-ilkesi\/#breadcrumb\",\"itemListElement\":[{\"@type\":\"ListItem\",\"position\":1,\"name\":\"Anasayfa\",\"item\":\"https:\/\/hotel.sunwayapart.com\/\"},{\"@type\":\"ListItem\",\"position\":2,\"name\":\"Gizlilik \u0130lkesi\"}]},{\"@type\":\"WebSite\",\"@id\":\"https:\/\/hotel.sunwayapart.com\/#website\",\"url\":\"https:\/\/hotel.sunwayapart.com\/\",\"name\":\"Sun Way Apart Hotel Alanya\",\"description\":\"Sun Way Apart Hotel Alanya\",\"potentialAction\":[{\"@type\":\"SearchAction\",\"target\":{\"@type\":\"EntryPoint\",\"urlTemplate\":\"https:\/\/hotel.sunwayapart.com\/?s={search_term_string}\"},\"query-input\":{\"@type\":\"PropertyValueSpecification\",\"valueRequired\":true,\"valueName\":\"search_term_string\"}}],\"inLanguage\":\"tr\"}]}<\/script>\n<!-- \/ Yoast SEO plugin. -->","yoast_head_json":{"title":"Gizlilik \u0130lkesi - Sun Way Apart Hotel Alanya","robots":{"index":"index","follow":"follow","max-snippet":"max-snippet:-1","max-image-preview":"max-image-preview:large","max-video-preview":"max-video-preview:-1"},"canonical":"https:\/\/hotel.sunwayapart.com\/tr\/gizlilik-ilkesi\/","og_locale":"tr_TR","og_type":"article","og_title":"Gizlilik \u0130lkesi - Sun Way Apart Hotel Alanya","og_description":"Privacy Policy This Privacy Policy explains how we collect, use, store, and protect the personal data of users who visit our website. By using our site, you agree to the terms set out in this policy. 1. Information We Collect Through our website, we may collect the following types of information: Personal information such as [&hellip;]","og_url":"https:\/\/hotel.sunwayapart.com\/tr\/gizlilik-ilkesi\/","og_site_name":"Sun Way Apart Hotel Alanya","article_modified_time":"2025-09-16T23:29:44+00:00","og_image":[{"width":512,"height":512,"url":"https:\/\/hotel.sunwayapart.com\/wp-content\/uploads\/2025\/09\/Sun-Way-Apart-Hotel-Favicon.png","type":"image\/png"}],"twitter_card":"summary_large_image","twitter_misc":{"Tahmini okuma s\u00fcresi":"3 dakika"},"schema":{"@context":"https:\/\/schema.org","@graph":[{"@type":"WebPage","@id":"https:\/\/hotel.sunwayapart.com\/gizlilik-ilkesi\/","url":"https:\/\/hotel.sunwayapart.com\/gizlilik-ilkesi\/","name":"Gizlilik \u0130lkesi - Sun Way Apart Hotel Alanya","isPartOf":{"@id":"https:\/\/hotel.sunwayapart.com\/#website"},"primaryImageOfPage":{"@id":"https:\/\/hotel.sunwayapart.com\/gizlilik-ilkesi\/#primaryimage"},"image":{"@id":"https:\/\/hotel.sunwayapart.com\/gizlilik-ilkesi\/#primaryimage"},"thumbnailUrl":"https:\/\/hotel.sunwayapart.com\/wp-content\/uploads\/2025\/09\/Sun-Way-Apart-Hotel-Favicon.png","datePublished":"2025-08-09T22:59:43+00:00","dateModified":"2025-09-16T23:29:44+00:00","breadcrumb":{"@id":"https:\/\/hotel.sunwayapart.com\/gizlilik-ilkesi\/#breadcrumb"},"inLanguage":"tr","potentialAction":[{"@type":"ReadAction","target":["https:\/\/hotel.sunwayapart.com\/gizlilik-ilkesi\/"]}]},{"@type":"ImageObject","inLanguage":"tr","@id":"https:\/\/hotel.sunwayapart.com\/gizlilik-ilkesi\/#primaryimage","url":"https:\/\/hotel.sunwayapart.com\/wp-content\/uploads\/2025\/09\/Sun-Way-Apart-Hotel-Favicon.png","contentUrl":"https:\/\/hotel.sunwayapart.com\/wp-content\/uploads\/2025\/09\/Sun-Way-Apart-Hotel-Favicon.png","width":512,"height":512},{"@type":"BreadcrumbList","@id":"https:\/\/hotel.sunwayapart.com\/gizlilik-ilkesi\/#breadcrumb","itemListElement":[{"@type":"ListItem","position":1,"name":"Anasayfa","item":"https:\/\/hotel.sunwayapart.com\/"},{"@type":"ListItem","position":2,"name":"Gizlilik \u0130lkesi"}]},{"@type":"WebSite","@id":"https:\/\/hotel.sunwayapart.com\/#website","url":"https:\/\/hotel.sunwayapart.com\/","name":"Sun Way Apart Hotel Alanya","description":"Sun Way Apart Hotel Alanya","potentialAction":[{"@type":"SearchAction","target":{"@type":"EntryPoint","urlTemplate":"https:\/\/hotel.sunwayapart.com\/?s={search_term_string}"},"query-input":{"@type":"PropertyValueSpecification","valueRequired":true,"valueName":"search_term_string"}}],"inLanguage":"tr"}]}},"_links":{"self":[{"href":"https:\/\/hotel.sunwayapart.com\/tr\/wp-json\/wp\/v2\/pages\/435","targetHints":{"allow":["GET"]}}],"collection":[{"href":"https:\/\/hotel.sunwayapart.com\/tr\/wp-json\/wp\/v2\/pages"}],"about":[{"href":"https:\/\/hotel.sunwayapart.com\/tr\/wp-json\/wp\/v2\/types\/page"}],"author":[{"embeddable":true,"href":"https:\/\/hotel.sunwayapart.com\/tr\/wp-json\/wp\/v2\/users\/1"}],"replies":[{"embeddable":true,"href":"https:\/\/hotel.sunwayapart.com\/tr\/wp-json\/wp\/v2\/comments?post=435"}],"version-history":[{"count":14,"href":"https:\/\/hotel.sunwayapart.com\/tr\/wp-json\/wp\/v2\/pages\/435\/revisions"}],"predecessor-version":[{"id":806,"href":"https:\/\/hotel.sunwayapart.com\/tr\/wp-json\/wp\/v2\/pages\/435\/revisions\/806"}],"wp:featuredmedia":[{"embeddable":true,"href":"https:\/\/hotel.sunwayapart.com\/tr\/wp-json\/wp\/v2\/media\/632"}],"wp:attachment":[{"href":"https:\/\/hotel.sunwayapart.com\/tr\/wp-json\/wp\/v2\/media?parent=435"}],"curies":[{"name":"wp","href":"https:\/\/api.w.org\/{rel}","templated":true}]}}