{"id":431,"date":"2025-08-10T01:56:04","date_gmt":"2025-08-09T22:56:04","guid":{"rendered":"https:\/\/hotel.sunwayapart.com\/?page_id=431"},"modified":"2025-09-18T00:03:54","modified_gmt":"2025-09-17T21:03:54","slug":"hakkimizda","status":"publish","type":"page","link":"https:\/\/hotel.sunwayapart.com\/tr\/hakkimizda\/","title":{"rendered":"Hakk\u0131m\u0131zda"},"content":{"rendered":"<div data-elementor-type=\"wp-page\" data-elementor-id=\"431\" class=\"elementor elementor-431\">\n\t\t\t\t<div class=\"elementor-element elementor-element-b11bf9e e-flex e-con-boxed e-con e-parent\" data-id=\"b11bf9e\" data-element_type=\"container\" data-settings=\"{&quot;background_background&quot;:&quot;classic&quot;,&quot;jet_parallax_layout_list&quot;:[]}\">\n\t\t\t\t\t<div class=\"e-con-inner\">\n\t\t<div class=\"elementor-element elementor-element-58e35d7 e-con-full e-flex e-con e-child\" data-id=\"58e35d7\" data-element_type=\"container\" data-settings=\"{&quot;jet_parallax_layout_list&quot;:[]}\">\n\t\t\t\t<div class=\"elementor-element elementor-element-a1c2924 elementor-widget elementor-widget-heading\" data-id=\"a1c2924\" data-element_type=\"widget\" data-widget_type=\"heading.default\">\n\t\t\t\t\t<h2 class=\"elementor-heading-title elementor-size-default\">Hakk\u0131m\u0131zda<\/h2>\t\t\t\t<\/div>\n\t\t\t\t<\/div>\n\t\t\t\t\t<\/div>\n\t\t\t\t<\/div>\n\t\t<div class=\"elementor-element elementor-element-6e976d4 e-flex e-con-boxed elementor-invisible e-con e-parent\" data-id=\"6e976d4\" data-element_type=\"container\" data-settings=\"{&quot;jet_parallax_layout_list&quot;:[],&quot;animation&quot;:&quot;fadeInUp&quot;}\">\n\t\t\t\t\t<div class=\"e-con-inner\">\n\t\t<div class=\"elementor-element elementor-element-3f0d837 e-con-full e-flex e-con e-child\" data-id=\"3f0d837\" data-element_type=\"container\" data-settings=\"{&quot;jet_parallax_layout_list&quot;:[]}\">\n\t\t\t\t<div class=\"elementor-element elementor-element-f6fc294 elementor-widget elementor-widget-heading\" data-id=\"f6fc294\" data-element_type=\"widget\" data-widget_type=\"heading.default\">\n\t\t\t\t\t<h2 class=\"elementor-heading-title elementor-size-default\">Hakk\u0131m\u0131zda<\/h2>\t\t\t\t<\/div>\n\t\t\t\t<div class=\"elementor-element elementor-element-2272dbd elementor-widget elementor-widget-text-editor\" data-id=\"2272dbd\" data-element_type=\"widget\" data-widget_type=\"text-editor.default\">\n\t\t\t\t\t\t\t\t\t<h4 data-start=\"202\" data-end=\"249\"><strong>Aile Konforu, Kleopatra Plaj\u0131&#039;na Birka\u00e7 Ad\u0131m Uzakl\u0131kta<\/strong><\/h4><p data-start=\"250\" data-end=\"564\">O zamandan beri <strong data-start=\"256\" data-end=\"264\">2001<\/strong>, <strong data-start=\"266\" data-end=\"289\">Sun Way Apart Otel<\/strong> Alanya&#039;n\u0131n en sevilen b\u00f6lgelerinden birine misafirlerini a\u011f\u0131rlad\u0131 \u2014 sadece <strong data-start=\"353\" data-end=\"388\">Kleopatra Plaj\u0131&#039;na 650 metre mesafede<\/strong>Aile i\u015fletmesi bir tesis olarak, ev s\u0131cakl\u0131\u011f\u0131n\u0131 apartman tarz\u0131 konaklamalar\u0131n pratikli\u011fiyle harmanlayarak, temiz, i\u015flevsel alanlar ve g\u00fcler y\u00fczl\u00fc hizmeti uygun fiyatlarla sunuyoruz.<\/p><h4 data-start=\"566\" data-end=\"581\"><strong>Biz Kimiz<\/strong><\/h4><p data-start=\"582\" data-end=\"702\">Biz misafir odakl\u0131 k\u00fc\u00e7\u00fck bir tesisiz <strong data-start=\"625\" data-end=\"649\">26 adet bir yatak odal\u0131 (1+1)<\/strong> daireler ve <strong data-start=\"665\" data-end=\"688\">4 adet iki yatak odal\u0131 (2+1)<\/strong> daireler.<\/p><ul data-start=\"703\" data-end=\"810\"><li data-start=\"703\" data-end=\"756\"><p data-start=\"705\" data-end=\"756\"><strong data-start=\"705\" data-end=\"723\">1+1 daireler<\/strong> kadar bar\u0131nd\u0131rmak <strong data-start=\"742\" data-end=\"754\">3 misafir<\/strong><\/p><\/li><li data-start=\"757\" data-end=\"810\"><p data-start=\"759\" data-end=\"810\"><strong data-start=\"759\" data-end=\"777\">2+1 daireler<\/strong> kadar bar\u0131nd\u0131rmak <strong data-start=\"796\" data-end=\"808\">5 misafir<\/strong><\/p><\/li><\/ul><p data-start=\"812\" data-end=\"988\">Her dairede bir <strong data-start=\"838\" data-end=\"853\">k\u00fc\u00e7\u00fck mutfak<\/strong>, <strong data-start=\"855\" data-end=\"871\">buzdolab\u0131<\/strong>, <strong data-start=\"873\" data-end=\"893\">klima<\/strong>, <strong data-start=\"895\" data-end=\"901\">TV<\/strong>, Ve <strong data-start=\"907\" data-end=\"923\">oda i\u00e7i kasa<\/strong>Bu da bizi aileler, \u00e7iftler, arkada\u015flar ve uzun s\u00fcreli konaklamalar i\u00e7in ideal k\u0131l\u0131yor.<\/p>\t\t\t\t\t\t\t\t<\/div>\n\t\t\t\t<\/div>\n\t\t<div class=\"elementor-element elementor-element-6f67198 e-con-full e-flex e-con e-child\" data-id=\"6f67198\" data-element_type=\"container\" data-settings=\"{&quot;jet_parallax_layout_list&quot;:[]}\">\n\t\t\t\t<div class=\"elementor-element elementor-element-a1cb0a8 elementor-widget elementor-widget-image\" data-id=\"a1cb0a8\" data-element_type=\"widget\" data-widget_type=\"image.default\">\n\t\t\t\t\t\t\t\t\t\t\t\t\t\t\t<img fetchpriority=\"high\" decoding=\"async\" width=\"1024\" height=\"683\" src=\"https:\/\/hotel.sunwayapart.com\/wp-content\/uploads\/2025\/09\/WhatsApp-Image-2025-09-17-at-18.03.38-4-1024x683.jpeg\" class=\"attachment-large size-large wp-image-874\" alt=\"\" srcset=\"https:\/\/hotel.sunwayapart.com\/wp-content\/uploads\/2025\/09\/WhatsApp-Image-2025-09-17-at-18.03.38-4-1024x683.jpeg 1024w, https:\/\/hotel.sunwayapart.com\/wp-content\/uploads\/2025\/09\/WhatsApp-Image-2025-09-17-at-18.03.38-4-300x200.jpeg 300w, https:\/\/hotel.sunwayapart.com\/wp-content\/uploads\/2025\/09\/WhatsApp-Image-2025-09-17-at-18.03.38-4-768x512.jpeg 768w, https:\/\/hotel.sunwayapart.com\/wp-content\/uploads\/2025\/09\/WhatsApp-Image-2025-09-17-at-18.03.38-4-1536x1024.jpeg 1536w, https:\/\/hotel.sunwayapart.com\/wp-content\/uploads\/2025\/09\/WhatsApp-Image-2025-09-17-at-18.03.38-4-18x12.jpeg 18w, https:\/\/hotel.sunwayapart.com\/wp-content\/uploads\/2025\/09\/WhatsApp-Image-2025-09-17-at-18.03.38-4.jpeg 2048w\" sizes=\"(max-width: 1024px) 100vw, 1024px\" \/>\t\t\t\t\t\t\t\t\t\t\t\t\t\t\t<\/div>\n\t\t\t\t<\/div>\n\t\t\t\t\t<\/div>\n\t\t\t\t<\/div>\n\t\t<div class=\"elementor-element elementor-element-bd77be3 e-flex e-con-boxed elementor-invisible e-con e-parent\" data-id=\"bd77be3\" data-element_type=\"container\" data-settings=\"{&quot;background_background&quot;:&quot;classic&quot;,&quot;jet_parallax_layout_list&quot;:[],&quot;animation&quot;:&quot;fadeInUp&quot;}\">\n\t\t\t\t\t<div class=\"e-con-inner\">\n\t\t<div class=\"elementor-element elementor-element-76513e5 e-con-full e-flex e-con e-child\" data-id=\"76513e5\" data-element_type=\"container\" data-settings=\"{&quot;jet_parallax_layout_list&quot;:[]}\">\n\t\t\t\t<div class=\"elementor-element elementor-element-3c9f1de elementor-widget elementor-widget-heading\" data-id=\"3c9f1de\" data-element_type=\"widget\" data-widget_type=\"heading.default\">\n\t\t\t\t\t<h2 class=\"elementor-heading-title elementor-size-default\">Misyon<\/h2>\t\t\t\t<\/div>\n\t\t\t\t<div class=\"elementor-element elementor-element-19262aa elementor-widget elementor-widget-text-editor\" data-id=\"19262aa\" data-element_type=\"widget\" data-widget_type=\"text-editor.default\">\n\t\t\t\t\t\t\t\t\t<p>Sun Way Apart Hotel olarak misyonumuz, Kleopatra Plaj\u0131&#039;na sadece birka\u00e7 ad\u0131m mesafede, aile i\u015fletmesinin s\u0131cakl\u0131\u011f\u0131n\u0131 apartman ya\u015fam\u0131n\u0131n pratikli\u011fiyle bir araya getirmektir. 2001 y\u0131l\u0131ndan bu yana, \u00e7iftler, aileler ve uzun s\u00fcreli konaklayan misafirlerimiz i\u00e7in seyahati kolayla\u015ft\u0131ran temiz ve donan\u0131ml\u0131 1+1 ve 2+1 dairelere odaklan\u0131yoruz. \u0130ster be\u015fik, ister erken giri\u015f, ister \u00e7al\u0131\u015fmak i\u00e7in sessiz bir k\u00f6\u015fe olsun, sizi dikkatle dinliyor, ihtiya\u00e7lar\u0131 \u00f6ng\u00f6r\u00fcyor ve h\u0131zl\u0131 bir \u015fekilde yan\u0131t veriyoruz. Hissedebilece\u011finiz konfora \u00f6nem veriyoruz: iyi bir uyku, temiz \u00e7ar\u015faflar, g\u00fcvenilir Wi-Fi ve resepsiyonda g\u00fcler y\u00fczl\u00fc hizmet. M\u00fckemmel de\u011ferin yaln\u0131zca fiyatla ilgili olmad\u0131\u011f\u0131na, ayn\u0131 zamanda g\u00fcn\u00fcn ne kadar sorunsuz akt\u0131\u011f\u0131yla da ilgili oldu\u011funa inan\u0131yoruz: sabah y\u00fczmesinden alakart restoran\u0131m\u0131zda ak\u015fam yeme\u011fine kadar. Abart\u0131l\u0131 detaylar yerine sade ve \u00f6zenli detaylar se\u00e7erek, misafirlerimizin Alanya&#039;y\u0131 g\u00fcvenle ve rahatl\u0131kla ke\u015ffetmeleri i\u00e7in sakin bir ortam yarat\u0131yoruz.<\/p>\t\t\t\t\t\t\t\t<\/div>\n\t\t\t\t<\/div>\n\t\t<div class=\"elementor-element elementor-element-55dc914 e-con-full e-flex e-con e-child\" data-id=\"55dc914\" data-element_type=\"container\" data-settings=\"{&quot;jet_parallax_layout_list&quot;:[]}\">\n\t\t\t\t<div class=\"elementor-element elementor-element-fd6db5a elementor-widget elementor-widget-heading\" data-id=\"fd6db5a\" data-element_type=\"widget\" data-widget_type=\"heading.default\">\n\t\t\t\t\t<h2 class=\"elementor-heading-title elementor-size-default\">G\u00f6r\u00fc\u015f<\/h2>\t\t\t\t<\/div>\n\t\t\t\t<div class=\"elementor-element elementor-element-7c168ba elementor-widget elementor-widget-text-editor\" data-id=\"7c168ba\" data-element_type=\"widget\" data-widget_type=\"text-editor.default\">\n\t\t\t\t\t\t\t\t\t<p>Vizyonumuz, geni\u015fli\u011fe, samimiyete ve Kleopatra Plaj\u0131&#039;na yak\u0131n m\u00fckemmel bir konuma de\u011fer veren gezginler i\u00e7in Alanya&#039;n\u0131n en g\u00fcvenilir apart otel konseptini olu\u015fturmakt\u0131r. Kompakt ve iyi y\u00f6netilen bir tesiste misafir odakl\u0131 hizmet konusunda bir \u00f6l\u00e7\u00fct olu\u015fturmay\u0131 ve daha k\u00fc\u00e7\u00fck olan\u0131n daha ak\u0131ll\u0131, daha s\u0131cak ve daha tutarl\u0131 olabilece\u011fini kan\u0131tlamay\u0131 hedefliyoruz. Kolay do\u011frudan rezervasyon deneyiminden var\u0131\u015f \u00f6ncesi net ileti\u015fime ve sorunsuz konaklama deste\u011fine kadar her temas noktas\u0131n\u0131 iyile\u015ftirece\u011fiz. Bizi tan\u0131mlayan ki\u015fisel ruhu kaybetmeden odalar\u0131m\u0131z\u0131 ve olanaklar\u0131m\u0131z\u0131 iyile\u015ftirerek \u00f6zenle modernize edece\u011fiz. Geri bildirimlerin iyile\u015ftirmeleri y\u00f6nlendirdi\u011fi ve en iyi uygulamalar\u0131n al\u0131\u015fkanl\u0131klara d\u00f6n\u00fc\u015ft\u00fc\u011f\u00fc bir \u00f6\u011frenme k\u00fclt\u00fcr\u00fcn\u00fc besleyece\u011fiz. Yerel \u00fcreticiler, rehberler ve misafirlerimizin konaklamalar\u0131n\u0131 zenginle\u015ftiren deneyimlerle ba\u011flar\u0131m\u0131z\u0131 derinle\u015ftirece\u011fiz. Her \u015feyden \u00f6nce, insanlar\u0131n Alanya&#039;da kendilerini ho\u015f kar\u015f\u0131lanm\u0131\u015f, tela\u015fs\u0131z ve evlerinde gibi hissettikleri bir yer olmaya devam edece\u011fiz.<\/p>\t\t\t\t\t\t\t\t<\/div>\n\t\t\t\t<\/div>\n\t\t<div class=\"elementor-element elementor-element-362a752 e-con-full e-flex e-con e-child\" data-id=\"362a752\" data-element_type=\"container\" data-settings=\"{&quot;jet_parallax_layout_list&quot;:[]}\">\n\t\t\t\t<div class=\"elementor-element elementor-element-53a4b91 elementor-widget elementor-widget-heading\" data-id=\"53a4b91\" data-element_type=\"widget\" data-widget_type=\"heading.default\">\n\t\t\t\t\t<h2 class=\"elementor-heading-title elementor-size-default\">De\u011ferlerimiz<\/h2>\t\t\t\t<\/div>\n\t\t\t\t<div class=\"elementor-element elementor-element-1e641ef elementor-widget elementor-widget-text-editor\" data-id=\"1e641ef\" data-element_type=\"widget\" data-widget_type=\"text-editor.default\">\n\t\t\t\t\t\t\t\t\t<p>\u0130yi niyetleri g\u00fcnl\u00fck eyleme d\u00f6n\u00fc\u015ft\u00fcren de\u011ferlerle y\u00f6nlendiriliyoruz. <strong data-start=\"1908\" data-end=\"1935\">G\u00f6n\u00fclden misafirperverlik:<\/strong> Her misafirimizi bir kom\u015fu gibi kar\u015f\u0131l\u0131yor ve \u00f6zenle takip ediyoruz. <strong data-start=\"2003\" data-end=\"2028\">Basitlik iyi yap\u0131lm\u0131\u015f:<\/strong> pratik d\u00fczenler, temiz odalar ve net bilgiler s\u00fcrt\u00fcnmeyi ve stresi azalt\u0131r. <strong data-start=\"2111\" data-end=\"2127\">G\u00fcvenilirlik:<\/strong> Tutarl\u0131 ev idaresi, duyarl\u0131 bak\u0131m ve d\u00fcr\u00fcst ileti\u015fim g\u00fcven olu\u015fturur. <strong data-start=\"2215\" data-end=\"2239\">Sayg\u0131 ve kapsay\u0131c\u0131l\u0131k:<\/strong> Her misafire ve ekip \u00fcyesine nezaket ve adaletle davran\u0131l\u0131r. <strong data-start=\"2307\" data-end=\"2332\">G\u00fcvenlik ve temizlik:<\/strong> g\u00f6n\u00fcl rahatl\u0131\u011f\u0131 i\u00e7in mekanlar\u0131 g\u00fcvenli tutuyor ve titizlikle bak\u0131m\u0131n\u0131 yap\u0131yoruz. <strong data-start=\"2402\" data-end=\"2421\">S\u00fcrd\u00fcr\u00fclebilirlik:<\/strong> At\u0131klar\u0131 s\u0131n\u0131rland\u0131r\u0131yoruz, kaynaklar\u0131 koruyoruz, yerel tedarik\u00e7ileri ve mevsimlik \u00fcr\u00fcnleri destekliyoruz. <strong data-start=\"2508\" data-end=\"2522\">Toplum:<\/strong> Alanya&#039;n\u0131n karakterini yans\u0131tan mahalle kafelerini, pazarlar\u0131n\u0131 ve deneyimlerini \u00f6neriyoruz. <strong data-start=\"2614\" data-end=\"2633\">B\u00fcy\u00fcme zihniyeti:<\/strong> Geri bildirimleri, ekibimizi geli\u015ftirmek, e\u011fitmek ve en \u00f6nemli alanlara yat\u0131r\u0131m yapmak i\u00e7in kullan\u0131yoruz. Bu de\u011ferler bir araya geldi\u011finde, misafirlerimizin her y\u0131l geri d\u00f6nd\u00fc\u011f\u00fc sakin ve g\u00fcvenilir bir temel olu\u015fturuyoruz.<\/p>\t\t\t\t\t\t\t\t<\/div>\n\t\t\t\t<\/div>\n\t\t\t\t\t<\/div>\n\t\t\t\t<\/div>\n\t\t\t\t<\/div>","protected":false},"excerpt":{"rendered":"<p>About Us About Us Family Comfort, Steps from Cleopatra Beach Since 2001, Sun Way Apart Hotel has welcomed guests to one of Alanya\u2019s most-loved areas \u2014 just 650 meters from Cleopatra Beach. As a family-run property, we blend the warmth of home with the practicality of apartment-style stays, offering clean, functional spaces and friendly service [&hellip;]<\/p>","protected":false},"author":1,"featured_media":632,"parent":0,"menu_order":0,"comment_status":"closed","ping_status":"closed","template":"elementor_header_footer","meta":{"_acf_changed":false,"footnotes":""},"class_list":["post-431","page","type-page","status-publish","has-post-thumbnail","hentry"],"acf":[],"yoast_head":"<!-- This site is optimized with the Yoast SEO plugin v25.6 - https:\/\/yoast.com\/wordpress\/plugins\/seo\/ -->\n<title>About Us - Sun Way Apart Hotel Alanya<\/title>\n<meta name=\"robots\" content=\"index, follow, max-snippet:-1, max-image-preview:large, max-video-preview:-1\" \/>\n<link rel=\"canonical\" href=\"https:\/\/hotel.sunwayapart.com\/tr\/hakkimizda\/\" \/>\n<meta property=\"og:locale\" content=\"tr_TR\" \/>\n<meta property=\"og:type\" content=\"article\" \/>\n<meta property=\"og:title\" content=\"About Us - Sun Way Apart Hotel Alanya\" \/>\n<meta property=\"og:description\" content=\"About Us About Us Family Comfort, Steps from Cleopatra Beach Since 2001, Sun Way Apart Hotel has welcomed guests to one of Alanya\u2019s most-loved areas \u2014 just 650 meters from Cleopatra Beach. As a family-run property, we blend the warmth of home with the practicality of apartment-style stays, offering clean, functional spaces and friendly service [&hellip;]\" \/>\n<meta property=\"og:url\" content=\"https:\/\/hotel.sunwayapart.com\/tr\/hakkimizda\/\" \/>\n<meta property=\"og:site_name\" content=\"Sun Way Apart Hotel Alanya\" \/>\n<meta property=\"article:modified_time\" content=\"2025-09-17T21:03:54+00:00\" \/>\n<meta property=\"og:image\" content=\"https:\/\/hotel.sunwayapart.com\/wp-content\/uploads\/2025\/09\/Sun-Way-Apart-Hotel-Favicon.png\" \/>\n\t<meta property=\"og:image:width\" content=\"512\" \/>\n\t<meta property=\"og:image:height\" content=\"512\" \/>\n\t<meta property=\"og:image:type\" content=\"image\/png\" \/>\n<meta name=\"twitter:card\" content=\"summary_large_image\" \/>\n<meta name=\"twitter:label1\" content=\"Tahmini okuma s\u00fcresi\" \/>\n\t<meta name=\"twitter:data1\" content=\"4 dakika\" \/>\n<script type=\"application\/ld+json\" class=\"yoast-schema-graph\">{\"@context\":\"https:\/\/schema.org\",\"@graph\":[{\"@type\":\"WebPage\",\"@id\":\"https:\/\/hotel.sunwayapart.com\/hakkimizda\/\",\"url\":\"https:\/\/hotel.sunwayapart.com\/hakkimizda\/\",\"name\":\"About Us - Sun Way Apart Hotel Alanya\",\"isPartOf\":{\"@id\":\"https:\/\/hotel.sunwayapart.com\/#website\"},\"primaryImageOfPage\":{\"@id\":\"https:\/\/hotel.sunwayapart.com\/hakkimizda\/#primaryimage\"},\"image\":{\"@id\":\"https:\/\/hotel.sunwayapart.com\/hakkimizda\/#primaryimage\"},\"thumbnailUrl\":\"https:\/\/hotel.sunwayapart.com\/wp-content\/uploads\/2025\/09\/Sun-Way-Apart-Hotel-Favicon.png\",\"datePublished\":\"2025-08-09T22:56:04+00:00\",\"dateModified\":\"2025-09-17T21:03:54+00:00\",\"breadcrumb\":{\"@id\":\"https:\/\/hotel.sunwayapart.com\/hakkimizda\/#breadcrumb\"},\"inLanguage\":\"tr\",\"potentialAction\":[{\"@type\":\"ReadAction\",\"target\":[\"https:\/\/hotel.sunwayapart.com\/hakkimizda\/\"]}]},{\"@type\":\"ImageObject\",\"inLanguage\":\"tr\",\"@id\":\"https:\/\/hotel.sunwayapart.com\/hakkimizda\/#primaryimage\",\"url\":\"https:\/\/hotel.sunwayapart.com\/wp-content\/uploads\/2025\/09\/Sun-Way-Apart-Hotel-Favicon.png\",\"contentUrl\":\"https:\/\/hotel.sunwayapart.com\/wp-content\/uploads\/2025\/09\/Sun-Way-Apart-Hotel-Favicon.png\",\"width\":512,\"height\":512},{\"@type\":\"BreadcrumbList\",\"@id\":\"https:\/\/hotel.sunwayapart.com\/hakkimizda\/#breadcrumb\",\"itemListElement\":[{\"@type\":\"ListItem\",\"position\":1,\"name\":\"Anasayfa\",\"item\":\"https:\/\/hotel.sunwayapart.com\/\"},{\"@type\":\"ListItem\",\"position\":2,\"name\":\"About Us\"}]},{\"@type\":\"WebSite\",\"@id\":\"https:\/\/hotel.sunwayapart.com\/#website\",\"url\":\"https:\/\/hotel.sunwayapart.com\/\",\"name\":\"Sun Way Apart Hotel Alanya\",\"description\":\"Sun Way Apart Hotel Alanya\",\"potentialAction\":[{\"@type\":\"SearchAction\",\"target\":{\"@type\":\"EntryPoint\",\"urlTemplate\":\"https:\/\/hotel.sunwayapart.com\/?s={search_term_string}\"},\"query-input\":{\"@type\":\"PropertyValueSpecification\",\"valueRequired\":true,\"valueName\":\"search_term_string\"}}],\"inLanguage\":\"tr\"}]}<\/script>\n<!-- \/ Yoast SEO plugin. -->","yoast_head_json":{"title":"About Us - Sun Way Apart Hotel Alanya","robots":{"index":"index","follow":"follow","max-snippet":"max-snippet:-1","max-image-preview":"max-image-preview:large","max-video-preview":"max-video-preview:-1"},"canonical":"https:\/\/hotel.sunwayapart.com\/tr\/hakkimizda\/","og_locale":"tr_TR","og_type":"article","og_title":"About Us - Sun Way Apart Hotel Alanya","og_description":"About Us About Us Family Comfort, Steps from Cleopatra Beach Since 2001, Sun Way Apart Hotel has welcomed guests to one of Alanya\u2019s most-loved areas \u2014 just 650 meters from Cleopatra Beach. As a family-run property, we blend the warmth of home with the practicality of apartment-style stays, offering clean, functional spaces and friendly service [&hellip;]","og_url":"https:\/\/hotel.sunwayapart.com\/tr\/hakkimizda\/","og_site_name":"Sun Way Apart Hotel Alanya","article_modified_time":"2025-09-17T21:03:54+00:00","og_image":[{"width":512,"height":512,"url":"https:\/\/hotel.sunwayapart.com\/wp-content\/uploads\/2025\/09\/Sun-Way-Apart-Hotel-Favicon.png","type":"image\/png"}],"twitter_card":"summary_large_image","twitter_misc":{"Tahmini okuma s\u00fcresi":"4 dakika"},"schema":{"@context":"https:\/\/schema.org","@graph":[{"@type":"WebPage","@id":"https:\/\/hotel.sunwayapart.com\/hakkimizda\/","url":"https:\/\/hotel.sunwayapart.com\/hakkimizda\/","name":"About Us - Sun Way Apart Hotel Alanya","isPartOf":{"@id":"https:\/\/hotel.sunwayapart.com\/#website"},"primaryImageOfPage":{"@id":"https:\/\/hotel.sunwayapart.com\/hakkimizda\/#primaryimage"},"image":{"@id":"https:\/\/hotel.sunwayapart.com\/hakkimizda\/#primaryimage"},"thumbnailUrl":"https:\/\/hotel.sunwayapart.com\/wp-content\/uploads\/2025\/09\/Sun-Way-Apart-Hotel-Favicon.png","datePublished":"2025-08-09T22:56:04+00:00","dateModified":"2025-09-17T21:03:54+00:00","breadcrumb":{"@id":"https:\/\/hotel.sunwayapart.com\/hakkimizda\/#breadcrumb"},"inLanguage":"tr","potentialAction":[{"@type":"ReadAction","target":["https:\/\/hotel.sunwayapart.com\/hakkimizda\/"]}]},{"@type":"ImageObject","inLanguage":"tr","@id":"https:\/\/hotel.sunwayapart.com\/hakkimizda\/#primaryimage","url":"https:\/\/hotel.sunwayapart.com\/wp-content\/uploads\/2025\/09\/Sun-Way-Apart-Hotel-Favicon.png","contentUrl":"https:\/\/hotel.sunwayapart.com\/wp-content\/uploads\/2025\/09\/Sun-Way-Apart-Hotel-Favicon.png","width":512,"height":512},{"@type":"BreadcrumbList","@id":"https:\/\/hotel.sunwayapart.com\/hakkimizda\/#breadcrumb","itemListElement":[{"@type":"ListItem","position":1,"name":"Anasayfa","item":"https:\/\/hotel.sunwayapart.com\/"},{"@type":"ListItem","position":2,"name":"About Us"}]},{"@type":"WebSite","@id":"https:\/\/hotel.sunwayapart.com\/#website","url":"https:\/\/hotel.sunwayapart.com\/","name":"Sun Way Apart Hotel Alanya","description":"Sun Way Apart Hotel Alanya","potentialAction":[{"@type":"SearchAction","target":{"@type":"EntryPoint","urlTemplate":"https:\/\/hotel.sunwayapart.com\/?s={search_term_string}"},"query-input":{"@type":"PropertyValueSpecification","valueRequired":true,"valueName":"search_term_string"}}],"inLanguage":"tr"}]}},"_links":{"self":[{"href":"https:\/\/hotel.sunwayapart.com\/tr\/wp-json\/wp\/v2\/pages\/431","targetHints":{"allow":["GET"]}}],"collection":[{"href":"https:\/\/hotel.sunwayapart.com\/tr\/wp-json\/wp\/v2\/pages"}],"about":[{"href":"https:\/\/hotel.sunwayapart.com\/tr\/wp-json\/wp\/v2\/types\/page"}],"author":[{"embeddable":true,"href":"https:\/\/hotel.sunwayapart.com\/tr\/wp-json\/wp\/v2\/users\/1"}],"replies":[{"embeddable":true,"href":"https:\/\/hotel.sunwayapart.com\/tr\/wp-json\/wp\/v2\/comments?post=431"}],"version-history":[{"count":15,"href":"https:\/\/hotel.sunwayapart.com\/tr\/wp-json\/wp\/v2\/pages\/431\/revisions"}],"predecessor-version":[{"id":880,"href":"https:\/\/hotel.sunwayapart.com\/tr\/wp-json\/wp\/v2\/pages\/431\/revisions\/880"}],"wp:featuredmedia":[{"embeddable":true,"href":"https:\/\/hotel.sunwayapart.com\/tr\/wp-json\/wp\/v2\/media\/632"}],"wp:attachment":[{"href":"https:\/\/hotel.sunwayapart.com\/tr\/wp-json\/wp\/v2\/media?parent=431"}],"curies":[{"name":"wp","href":"https:\/\/api.w.org\/{rel}","templated":true}]}}