{"id":487,"date":"2025-08-10T02:27:16","date_gmt":"2025-08-09T23:27:16","guid":{"rendered":"https:\/\/hotel.sunwayapart.com\/?page_id=487"},"modified":"2025-09-18T00:04:11","modified_gmt":"2025-09-17T21:04:11","slug":"hizmetlerimiz","status":"publish","type":"page","link":"https:\/\/hotel.sunwayapart.com\/de\/hizmetlerimiz\/","title":{"rendered":"Zimmer"},"content":{"rendered":"<div data-elementor-type=\"wp-page\" data-elementor-id=\"487\" class=\"elementor elementor-487\">\n\t\t\t\t<div class=\"elementor-element elementor-element-1b69beb e-flex e-con-boxed e-con e-parent\" data-id=\"1b69beb\" data-element_type=\"container\" data-settings=\"{&quot;background_background&quot;:&quot;classic&quot;,&quot;jet_parallax_layout_list&quot;:[]}\">\n\t\t\t\t\t<div class=\"e-con-inner\">\n\t\t<div class=\"elementor-element elementor-element-80103c6 e-con-full e-flex e-con e-child\" data-id=\"80103c6\" data-element_type=\"container\" data-settings=\"{&quot;jet_parallax_layout_list&quot;:[]}\">\n\t\t\t\t<div class=\"elementor-element elementor-element-1499a51 elementor-widget elementor-widget-heading\" data-id=\"1499a51\" data-element_type=\"widget\" data-widget_type=\"heading.default\">\n\t\t\t\t\t<h2 class=\"elementor-heading-title elementor-size-default\">Zimmer<\/h2>\t\t\t\t<\/div>\n\t\t\t\t<\/div>\n\t\t\t\t\t<\/div>\n\t\t\t\t<\/div>\n\t\t<div class=\"elementor-element elementor-element-4960c47 e-flex e-con-boxed elementor-invisible e-con e-parent\" data-id=\"4960c47\" data-element_type=\"container\" data-settings=\"{&quot;jet_parallax_layout_list&quot;:[],&quot;animation&quot;:&quot;fadeInUp&quot;}\">\n\t\t\t\t\t<div class=\"e-con-inner\">\n\t\t<div class=\"elementor-element elementor-element-b8df315 e-con-full e-flex e-con e-child\" data-id=\"b8df315\" data-element_type=\"container\" data-settings=\"{&quot;jet_parallax_layout_list&quot;:[]}\">\n\t\t\t\t<div class=\"elementor-element elementor-element-da15925 elementor-widget elementor-widget-heading\" data-id=\"da15925\" data-element_type=\"widget\" data-widget_type=\"heading.default\">\n\t\t\t\t\t<h2 class=\"elementor-heading-title elementor-size-default\">Unsere Zimmer<\/h2>\t\t\t\t<\/div>\n\t\t\t\t<\/div>\n\t\t\t\t\t<\/div>\n\t\t\t\t<\/div>\n\t\t<div class=\"elementor-element elementor-element-3185db9 e-flex e-con-boxed elementor-invisible e-con e-parent\" data-id=\"3185db9\" data-element_type=\"container\" data-settings=\"{&quot;jet_parallax_layout_list&quot;:[],&quot;animation&quot;:&quot;fadeInUp&quot;}\">\n\t\t\t\t\t<div class=\"e-con-inner\">\n\t\t<div class=\"elementor-element elementor-element-c99182d e-con-full e-flex e-con e-child\" data-id=\"c99182d\" data-element_type=\"container\" data-settings=\"{&quot;jet_parallax_layout_list&quot;:[]}\">\n\t\t\t\t<div class=\"elementor-element elementor-element-e2a46e7 elementor-widget elementor-widget-heading\" data-id=\"e2a46e7\" data-element_type=\"widget\" data-widget_type=\"heading.default\">\n\t\t\t\t\t<h2 class=\"elementor-heading-title elementor-size-default\">1+1 Zimmer\n<\/h2>\t\t\t\t<\/div>\n\t\t\t\t<div class=\"elementor-element elementor-element-3ac0502 elementor-widget elementor-widget-image\" data-id=\"3ac0502\" data-element_type=\"widget\" data-widget_type=\"image.default\">\n\t\t\t\t\t\t\t\t\t\t\t\t\t\t\t<img fetchpriority=\"high\" decoding=\"async\" width=\"1024\" height=\"615\" src=\"https:\/\/hotel.sunwayapart.com\/wp-content\/uploads\/2025\/09\/alanya_sunway_apart_s_08_sunw.jpg\" class=\"attachment-large size-large wp-image-687\" alt=\"\" srcset=\"https:\/\/hotel.sunwayapart.com\/wp-content\/uploads\/2025\/09\/alanya_sunway_apart_s_08_sunw.jpg 1024w, https:\/\/hotel.sunwayapart.com\/wp-content\/uploads\/2025\/09\/alanya_sunway_apart_s_08_sunw-300x180.jpg 300w, https:\/\/hotel.sunwayapart.com\/wp-content\/uploads\/2025\/09\/alanya_sunway_apart_s_08_sunw-768x461.jpg 768w, https:\/\/hotel.sunwayapart.com\/wp-content\/uploads\/2025\/09\/alanya_sunway_apart_s_08_sunw-18x12.jpg 18w\" sizes=\"(max-width: 1024px) 100vw, 1024px\" \/>\t\t\t\t\t\t\t\t\t\t\t\t\t\t\t<\/div>\n\t\t\t\t<div class=\"elementor-element elementor-element-a72b86f elementor-widget elementor-widget-html\" data-id=\"a72b86f\" data-element_type=\"widget\" data-widget_type=\"html.default\">\n\t\t\t\t\t<!-- ========== Sun Way Apart Hotel \u2022 1+1 Suite (Compact Inline Block) ========== -->\r\n<section id=\"r1p-compact\" aria-labelledby=\"r1p-ttl\"\r\n  style=\"font-family:Inter,system-ui,-apple-system,Segoe UI,Roboto,Arial,sans-serif; margin:14px auto; max-width:900px;\">\r\n  <style>\r\n    #r1p-compact *{box-sizing:border-box}\r\n    #r1p-compact{--ink:#0f172a;--muted:#475569;--ring:#e5e7eb;--chip:#f8fafc;--bg:#fff}\r\n    #r1p-compact .blk{background:var(--bg); border:1px solid var(--ring); border-radius:16px; padding:18px; box-shadow:0 8px 22px rgba(2,6,23,.08)}\r\n    #r1p-compact h2{margin:0 0 6px; font-size:clamp(20px,2.6vw,26px); line-height:1.2; color:var(--ink)}\r\n    #r1p-compact .sub{margin:0 0 10px; color:var(--muted); font-size:clamp(13px,1.6vw,15px)}\r\n    #r1p-compact .badges{display:flex; flex-wrap:wrap; gap:8px; margin:8px 0 10px}\r\n    #r1p-compact .badge{display:inline-flex; align-items:center; gap:6px; background:var(--chip); border:1px solid var(--ring); border-radius:999px; padding:6px 10px; font-size:13px; color:var(--ink); line-height:1; min-height:30px; white-space:nowrap}\r\n    #r1p-compact .ico{font-size:16px; width:18px; text-align:center}\r\n    #r1p-compact .desc{margin:8px 0 0; font-size:clamp(14px,1.7vw,15.5px); line-height:1.65; color:var(--ink)}\r\n  <\/style>\r\n\r\n  <div class=\"blk\">\r\n    <h2 id=\"r1p-ttl\">1+1 Suite \u2013 Ein hochwertiges Apartment mit einem Schlafzimmer<\/h2>\r\n    <p class=\"sub\">Bis zu <strong>3 G\u00e4ste<\/strong> \u00b7 1 Schlafzimmer + Wohnzimmer \u00b7 <strong>650 m<\/strong> zum Kleopatra-Strand<\/p>\r\n\r\n    <div class=\"badges\" role=\"list\" aria-label=\"Wichtige Highlights\">\r\n      <span class=\"badge\" role=\"listitem\"><span class=\"ico\">\ud83d\udecf\ufe0f<\/span>Kingsize-\/Twin-Betten<\/span>\r\n      <span class=\"badge\" role=\"listitem\"><span class=\"ico\">\ud83d\udec1<\/span>Begehbare Dusche oder Badewanne<\/span>\r\n      <span class=\"badge\" role=\"listitem\"><span class=\"ico\">\ud83d\udc68\u200d\ud83d\udc69\u200d\ud83d\udc67<\/span>Ideal f\u00fcr Paare und Familien<\/span>\r\n      <span class=\"badge\" role=\"listitem\"><span class=\"ico\">\ud83e\udd50<\/span>Kochnische<\/span>\r\n    <\/div>\r\n\r\n    <p class=\"desc\">\r\n      Unsere einzigartigen und komfortablen <strong>1+1 Suiten<\/strong> sind bereit, G\u00e4ste zu begr\u00fc\u00dfen, die einen ruhigen, gem\u00fctlichen Aufenthalt suchen. Jede Suite verf\u00fcgt \u00fcber ein <strong>Kingsize-Bett oder zwei Einzelbetten<\/strong>, ein helles <strong>Sitzecke<\/strong>, ein engagierter\r\n      <strong>Schreibtisch<\/strong>und ein modernes Badezimmer mit <strong>begehbare Regendusche<\/strong> oder ein <strong>Bad + Dusche<\/strong>. Sanfte, neutrale Farben und geschmackvolle Details schaffen eine lockere, entspannte Atmosph\u00e4re, nur wenige Schritte vom Herzen Alanyas entfernt und\r\n      <strong>Kleopatra-Strand<\/strong>.\r\n    <\/p>\r\n  <\/div>\r\n<\/section>\r\n<!-- ========== \/1+1 Suite Compact ========== -->\r\n\t\t\t\t<\/div>\n\t\t\t\t<div class=\"elementor-element elementor-element-0338553 elementor-align-center elementor-mobile-align-center elementor-widget elementor-widget-raven-button\" data-id=\"0338553\" data-element_type=\"widget\" data-settings=\"{&quot;turn_to_popup_action_button&quot;:&quot;no&quot;}\" data-widget_type=\"raven-button.default\">\n\t\t\t\t<div class=\"elementor-widget-container\">\n\t\t\t\t\t\t\t<div class=\"raven-widget-wrapper\">\r\n\t\t\t<a class=\"raven-button raven-button-widget-normal-effect-shine elementor-button raven-button-text-align- raven-button-link elementor-animation-grow\" href=\"https:\/\/hotel.sunwayapart.com\/de\/11-suite-a-quality-one-bedroom-apartment\/\">\t\t\t\t<div class=\"raven-button-overlay\" ><\/div>\r\n\t\t\t\t<span class=\"raven-button-content\">\r\n\t\t\t\t\t\r\n\t\t\t\t\t<div class=\"button-text-container\">\r\n\t\t\t\t\t\t\t\t\t\t\t\t<div class=\"raven-button-texts-wrapper\">\r\n\t\t\t\t\t\t\t<div class=\"button-text\">\r\n\t\t\t\t\t\t\t\t<span class=\"raven-button-text\">\r\n\t\t\t\t\t\t\t\t\tZimmer ansehen\t\t\t\t\t\t\t\t<\/span>\r\n\t\t\t\t\t\t\t<\/div>\r\n\t\t\t\t\t\t\t\t\t\t\t\t\t<\/div>\r\n\t\t\t\t\t\t\t\t\t\t\t<\/div>\r\n\t\t\t\t\t\r\n\t\t\t\t\t\t\t\t\t<\/span>\r\n\t\t\t<\/a>\t\t<\/div>\r\n\t\t\t\t\t\t<\/div>\n\t\t\t\t<\/div>\n\t\t\t\t<\/div>\n\t\t\t\t\t<\/div>\n\t\t\t\t<\/div>\n\t\t\t\t<\/div>","protected":false},"excerpt":{"rendered":"<p>Rooms Our Rooms 1+1 Rooms 1+1 Suite \u2014 A Quality One-Bedroom Apartment Up to 3 guests \u00b7 1 bedroom + living room \u00b7 650 m to Cleopatra Beach \ud83d\udecf\ufe0fKing\/Twin Bedding \ud83d\udec1Walk-in Shower or Bath \ud83d\udc68\u200d\ud83d\udc69\u200d\ud83d\udc67Ideal for Couples &amp; Families \ud83e\udd50Kitchenette Our unique and comfortable 1+1 Suites are ready to welcome guests seeking a calm, home-style [&hellip;]<\/p>","protected":false},"author":1,"featured_media":632,"parent":0,"menu_order":0,"comment_status":"closed","ping_status":"closed","template":"elementor_header_footer","meta":{"_acf_changed":false,"footnotes":""},"class_list":["post-487","page","type-page","status-publish","has-post-thumbnail","hentry"],"acf":[],"yoast_head":"<!-- This site is optimized with the Yoast SEO plugin v25.6 - https:\/\/yoast.com\/wordpress\/plugins\/seo\/ -->\n<title>Rooms - Sun Way Apart Hotel Alanya<\/title>\n<meta name=\"robots\" content=\"index, follow, max-snippet:-1, max-image-preview:large, max-video-preview:-1\" \/>\n<link rel=\"canonical\" href=\"https:\/\/hotel.sunwayapart.com\/de\/hizmetlerimiz\/\" \/>\n<meta property=\"og:locale\" content=\"de_DE\" \/>\n<meta property=\"og:type\" content=\"article\" \/>\n<meta property=\"og:title\" content=\"Rooms - Sun Way Apart Hotel Alanya\" \/>\n<meta property=\"og:description\" content=\"Rooms Our Rooms 1+1 Rooms 1+1 Suite \u2014 A Quality One-Bedroom Apartment Up to 3 guests \u00b7 1 bedroom + living room \u00b7 650 m to Cleopatra Beach \ud83d\udecf\ufe0fKing\/Twin Bedding \ud83d\udec1Walk-in Shower or Bath \ud83d\udc68\u200d\ud83d\udc69\u200d\ud83d\udc67Ideal for Couples &amp; Families \ud83e\udd50Kitchenette Our unique and comfortable 1+1 Suites are ready to welcome guests seeking a calm, home-style [&hellip;]\" \/>\n<meta property=\"og:url\" content=\"https:\/\/hotel.sunwayapart.com\/de\/hizmetlerimiz\/\" \/>\n<meta property=\"og:site_name\" content=\"Sun Way Apart Hotel Alanya\" \/>\n<meta property=\"article:modified_time\" content=\"2025-09-17T21:04:11+00:00\" \/>\n<meta property=\"og:image\" content=\"https:\/\/hotel.sunwayapart.com\/wp-content\/uploads\/2025\/09\/Sun-Way-Apart-Hotel-Favicon.png\" \/>\n\t<meta property=\"og:image:width\" content=\"512\" \/>\n\t<meta property=\"og:image:height\" content=\"512\" \/>\n\t<meta property=\"og:image:type\" content=\"image\/png\" \/>\n<meta name=\"twitter:card\" content=\"summary_large_image\" \/>\n<meta name=\"twitter:label1\" content=\"Gesch\u00e4tzte Lesezeit\" \/>\n\t<meta name=\"twitter:data1\" content=\"1\u00a0Minute\" \/>\n<script type=\"application\/ld+json\" class=\"yoast-schema-graph\">{\"@context\":\"https:\/\/schema.org\",\"@graph\":[{\"@type\":\"WebPage\",\"@id\":\"https:\/\/hotel.sunwayapart.com\/hizmetlerimiz\/\",\"url\":\"https:\/\/hotel.sunwayapart.com\/hizmetlerimiz\/\",\"name\":\"Rooms - Sun Way Apart Hotel Alanya\",\"isPartOf\":{\"@id\":\"https:\/\/hotel.sunwayapart.com\/#website\"},\"primaryImageOfPage\":{\"@id\":\"https:\/\/hotel.sunwayapart.com\/hizmetlerimiz\/#primaryimage\"},\"image\":{\"@id\":\"https:\/\/hotel.sunwayapart.com\/hizmetlerimiz\/#primaryimage\"},\"thumbnailUrl\":\"https:\/\/hotel.sunwayapart.com\/wp-content\/uploads\/2025\/09\/Sun-Way-Apart-Hotel-Favicon.png\",\"datePublished\":\"2025-08-09T23:27:16+00:00\",\"dateModified\":\"2025-09-17T21:04:11+00:00\",\"breadcrumb\":{\"@id\":\"https:\/\/hotel.sunwayapart.com\/hizmetlerimiz\/#breadcrumb\"},\"inLanguage\":\"de\",\"potentialAction\":[{\"@type\":\"ReadAction\",\"target\":[\"https:\/\/hotel.sunwayapart.com\/hizmetlerimiz\/\"]}]},{\"@type\":\"ImageObject\",\"inLanguage\":\"de\",\"@id\":\"https:\/\/hotel.sunwayapart.com\/hizmetlerimiz\/#primaryimage\",\"url\":\"https:\/\/hotel.sunwayapart.com\/wp-content\/uploads\/2025\/09\/Sun-Way-Apart-Hotel-Favicon.png\",\"contentUrl\":\"https:\/\/hotel.sunwayapart.com\/wp-content\/uploads\/2025\/09\/Sun-Way-Apart-Hotel-Favicon.png\",\"width\":512,\"height\":512},{\"@type\":\"BreadcrumbList\",\"@id\":\"https:\/\/hotel.sunwayapart.com\/hizmetlerimiz\/#breadcrumb\",\"itemListElement\":[{\"@type\":\"ListItem\",\"position\":1,\"name\":\"Anasayfa\",\"item\":\"https:\/\/hotel.sunwayapart.com\/\"},{\"@type\":\"ListItem\",\"position\":2,\"name\":\"Rooms\"}]},{\"@type\":\"WebSite\",\"@id\":\"https:\/\/hotel.sunwayapart.com\/#website\",\"url\":\"https:\/\/hotel.sunwayapart.com\/\",\"name\":\"Sun Way Apart Hotel Alanya\",\"description\":\"Sun Way Apart Hotel Alanya\",\"potentialAction\":[{\"@type\":\"SearchAction\",\"target\":{\"@type\":\"EntryPoint\",\"urlTemplate\":\"https:\/\/hotel.sunwayapart.com\/?s={search_term_string}\"},\"query-input\":{\"@type\":\"PropertyValueSpecification\",\"valueRequired\":true,\"valueName\":\"search_term_string\"}}],\"inLanguage\":\"de\"}]}<\/script>\n<!-- \/ Yoast SEO plugin. -->","yoast_head_json":{"title":"Rooms - Sun Way Apart Hotel Alanya","robots":{"index":"index","follow":"follow","max-snippet":"max-snippet:-1","max-image-preview":"max-image-preview:large","max-video-preview":"max-video-preview:-1"},"canonical":"https:\/\/hotel.sunwayapart.com\/de\/hizmetlerimiz\/","og_locale":"de_DE","og_type":"article","og_title":"Rooms - Sun Way Apart Hotel Alanya","og_description":"Rooms Our Rooms 1+1 Rooms 1+1 Suite \u2014 A Quality One-Bedroom Apartment Up to 3 guests \u00b7 1 bedroom + living room \u00b7 650 m to Cleopatra Beach \ud83d\udecf\ufe0fKing\/Twin Bedding \ud83d\udec1Walk-in Shower or Bath \ud83d\udc68\u200d\ud83d\udc69\u200d\ud83d\udc67Ideal for Couples &amp; Families \ud83e\udd50Kitchenette Our unique and comfortable 1+1 Suites are ready to welcome guests seeking a calm, home-style [&hellip;]","og_url":"https:\/\/hotel.sunwayapart.com\/de\/hizmetlerimiz\/","og_site_name":"Sun Way Apart Hotel Alanya","article_modified_time":"2025-09-17T21:04:11+00:00","og_image":[{"width":512,"height":512,"url":"https:\/\/hotel.sunwayapart.com\/wp-content\/uploads\/2025\/09\/Sun-Way-Apart-Hotel-Favicon.png","type":"image\/png"}],"twitter_card":"summary_large_image","twitter_misc":{"Gesch\u00e4tzte Lesezeit":"1\u00a0Minute"},"schema":{"@context":"https:\/\/schema.org","@graph":[{"@type":"WebPage","@id":"https:\/\/hotel.sunwayapart.com\/hizmetlerimiz\/","url":"https:\/\/hotel.sunwayapart.com\/hizmetlerimiz\/","name":"Rooms - Sun Way Apart Hotel Alanya","isPartOf":{"@id":"https:\/\/hotel.sunwayapart.com\/#website"},"primaryImageOfPage":{"@id":"https:\/\/hotel.sunwayapart.com\/hizmetlerimiz\/#primaryimage"},"image":{"@id":"https:\/\/hotel.sunwayapart.com\/hizmetlerimiz\/#primaryimage"},"thumbnailUrl":"https:\/\/hotel.sunwayapart.com\/wp-content\/uploads\/2025\/09\/Sun-Way-Apart-Hotel-Favicon.png","datePublished":"2025-08-09T23:27:16+00:00","dateModified":"2025-09-17T21:04:11+00:00","breadcrumb":{"@id":"https:\/\/hotel.sunwayapart.com\/hizmetlerimiz\/#breadcrumb"},"inLanguage":"de","potentialAction":[{"@type":"ReadAction","target":["https:\/\/hotel.sunwayapart.com\/hizmetlerimiz\/"]}]},{"@type":"ImageObject","inLanguage":"de","@id":"https:\/\/hotel.sunwayapart.com\/hizmetlerimiz\/#primaryimage","url":"https:\/\/hotel.sunwayapart.com\/wp-content\/uploads\/2025\/09\/Sun-Way-Apart-Hotel-Favicon.png","contentUrl":"https:\/\/hotel.sunwayapart.com\/wp-content\/uploads\/2025\/09\/Sun-Way-Apart-Hotel-Favicon.png","width":512,"height":512},{"@type":"BreadcrumbList","@id":"https:\/\/hotel.sunwayapart.com\/hizmetlerimiz\/#breadcrumb","itemListElement":[{"@type":"ListItem","position":1,"name":"Anasayfa","item":"https:\/\/hotel.sunwayapart.com\/"},{"@type":"ListItem","position":2,"name":"Rooms"}]},{"@type":"WebSite","@id":"https:\/\/hotel.sunwayapart.com\/#website","url":"https:\/\/hotel.sunwayapart.com\/","name":"Sun Way Apart Hotel Alanya","description":"Sun Way Apart Hotel Alanya","potentialAction":[{"@type":"SearchAction","target":{"@type":"EntryPoint","urlTemplate":"https:\/\/hotel.sunwayapart.com\/?s={search_term_string}"},"query-input":{"@type":"PropertyValueSpecification","valueRequired":true,"valueName":"search_term_string"}}],"inLanguage":"de"}]}},"_links":{"self":[{"href":"https:\/\/hotel.sunwayapart.com\/de\/wp-json\/wp\/v2\/pages\/487","targetHints":{"allow":["GET"]}}],"collection":[{"href":"https:\/\/hotel.sunwayapart.com\/de\/wp-json\/wp\/v2\/pages"}],"about":[{"href":"https:\/\/hotel.sunwayapart.com\/de\/wp-json\/wp\/v2\/types\/page"}],"author":[{"embeddable":true,"href":"https:\/\/hotel.sunwayapart.com\/de\/wp-json\/wp\/v2\/users\/1"}],"replies":[{"embeddable":true,"href":"https:\/\/hotel.sunwayapart.com\/de\/wp-json\/wp\/v2\/comments?post=487"}],"version-history":[{"count":12,"href":"https:\/\/hotel.sunwayapart.com\/de\/wp-json\/wp\/v2\/pages\/487\/revisions"}],"predecessor-version":[{"id":883,"href":"https:\/\/hotel.sunwayapart.com\/de\/wp-json\/wp\/v2\/pages\/487\/revisions\/883"}],"wp:featuredmedia":[{"embeddable":true,"href":"https:\/\/hotel.sunwayapart.com\/de\/wp-json\/wp\/v2\/media\/632"}],"wp:attachment":[{"href":"https:\/\/hotel.sunwayapart.com\/de\/wp-json\/wp\/v2\/media?parent=487"}],"curies":[{"name":"wp","href":"https:\/\/api.w.org\/{rel}","templated":true}]}}