{"id":455,"date":"2025-08-10T02:12:52","date_gmt":"2025-08-09T23:12:52","guid":{"rendered":"https:\/\/hotel.sunwayapart.com\/?page_id=455"},"modified":"2025-09-17T02:29:12","modified_gmt":"2025-09-16T23:29:12","slug":"kisisel-verilerin-korunmasi-kanunu","status":"publish","type":"page","link":"https:\/\/hotel.sunwayapart.com\/de\/kisisel-verilerin-korunmasi-kanunu\/","title":{"rendered":"Ki\u015fisel Verilerin Korunmas\u0131 Kanunu"},"content":{"rendered":"<div data-elementor-type=\"wp-page\" data-elementor-id=\"455\" class=\"elementor elementor-455\">\n\t\t\t\t<div class=\"elementor-element elementor-element-73032ef e-flex e-con-boxed elementor-invisible e-con e-parent\" data-id=\"73032ef\" data-element_type=\"container\" data-settings=\"{&quot;jet_parallax_layout_list&quot;:[],&quot;animation&quot;:&quot;fadeInUp&quot;}\">\n\t\t\t\t\t<div class=\"e-con-inner\">\n\t\t\t\t<div class=\"elementor-element elementor-element-a290b8c elementor-widget elementor-widget-heading\" data-id=\"a290b8c\" data-element_type=\"widget\" data-widget_type=\"heading.default\">\n\t\t\t\t\t<h2 class=\"elementor-heading-title elementor-size-default\">Datenschutzrichtlinie und Datenverarbeitungsrichtlinie<\/h2>\t\t\t\t<\/div>\n\t\t\t\t<div class=\"elementor-element elementor-element-1f82239 elementor-widget elementor-widget-text-editor\" data-id=\"1f82239\" data-element_type=\"widget\" data-widget_type=\"text-editor.default\">\n\t\t\t\t\t\t\t\t\t<p data-start=\"213\" data-end=\"510\">Diese Richtlinie legt die Grunds\u00e4tze f\u00fcr die Verarbeitung, Speicherung und den Schutz der personenbezogenen Daten von Personen (\u201eBetroffene\u201c) fest, die unsere Website nutzen, in \u00dcbereinstimmung mit dem t\u00fcrkischen Gesetz Nr. 6698 zum Schutz personenbezogener Daten (KVKK) und der Datenschutz-Grundverordnung der Europ\u00e4ischen Union (DSGVO).<\/p><h2 data-start=\"512\" data-end=\"533\">1. Datenverantwortlicher<\/h2><p data-start=\"534\" data-end=\"753\">Wir fungieren im Rahmen der geltenden Gesetze als Verantwortlicher f\u00fcr die auf dieser Website erhobenen personenbezogenen Daten. Bei Fragen k\u00f6nnen Sie uns \u00fcber die auf unserer Website angegebenen Kommunikationskan\u00e4le erreichen.<\/p><h2 data-start=\"755\" data-end=\"785\">2. Von uns erhobene personenbezogene Daten<\/h2><p data-start=\"786\" data-end=\"857\">Wir k\u00f6nnen folgende Daten direkt oder automatisch von Nutzern erheben:<\/p><ul data-start=\"859\" data-end=\"1325\"><li data-start=\"859\" data-end=\"927\"><p data-start=\"861\" data-end=\"927\"><strong data-start=\"861\" data-end=\"886\">Identit\u00e4tsinformationen:<\/strong> Name, Nachname, Benutzername, Geburtsdatum<\/p><\/li><li data-start=\"928\" data-end=\"1000\"><p data-start=\"930\" data-end=\"1000\"><strong data-start=\"930\" data-end=\"954\">Kontaktinformationen:<\/strong> Telefonnummer, E-Mail-Adresse, Postanschrift<\/p><\/li><li data-start=\"1001\" data-end=\"1090\"><p data-start=\"1003\" data-end=\"1090\"><strong data-start=\"1003\" data-end=\"1029\">Technische Informationen:<\/strong> IP-Adresse, Browsertyp, Betriebssystem, Ger\u00e4tedetails<\/p><\/li><li data-start=\"1091\" data-end=\"1172\"><p data-start=\"1093\" data-end=\"1172\"><strong data-start=\"1093\" data-end=\"1115\">Nutzungsinformationen:<\/strong> Website-Navigation, Transaktionsverlauf, Klickprotokolle<\/p><\/li><li data-start=\"1173\" data-end=\"1268\"><p data-start=\"1175\" data-end=\"1268\"><strong data-start=\"1175\" data-end=\"1201\">Finanzinformationen:<\/strong> Zahlungs- und Rechnungsdetails (sofern eine Transaktion durchgef\u00fchrt wird)<\/p><\/li><li data-start=\"1269\" data-end=\"1325\"><p data-start=\"1271\" data-end=\"1325\"><strong data-start=\"1271\" data-end=\"1287\">Cookie-Daten:<\/strong> Informationen, die durch Cookies gesammelt werden<\/p><\/li><\/ul><h2 data-start=\"1327\" data-end=\"1369\">3. Zwecke der Verarbeitung personenbezogener Daten<\/h2><p data-start=\"1370\" data-end=\"1429\">Die erhobenen Daten k\u00f6nnen zu folgenden Zwecken verarbeitet werden:<\/p><ul data-start=\"1431\" data-end=\"1731\"><li data-start=\"1431\" data-end=\"1487\"><p data-start=\"1433\" data-end=\"1487\">Bereitstellung, Verbesserung und Personalisierung unserer Dienstleistungen<\/p><\/li><li data-start=\"1488\" data-end=\"1539\"><p data-start=\"1490\" data-end=\"1539\">Verwaltung von Mitgliedschaften und Transaktionsprozessen<\/p><\/li><li data-start=\"1540\" data-end=\"1581\"><p data-start=\"1542\" data-end=\"1581\">Beantwortung von Anfragen und Beschwerden<\/p><\/li><li data-start=\"1582\" data-end=\"1614\"><p data-start=\"1584\" data-end=\"1614\">Erf\u00fcllung rechtlicher Verpflichtungen<\/p><\/li><li data-start=\"1615\" data-end=\"1644\"><p data-start=\"1617\" data-end=\"1644\">Verbesserung der Benutzererfahrung<\/p><\/li><li data-start=\"1645\" data-end=\"1731\"><p data-start=\"1647\" data-end=\"1731\">Durchf\u00fchrung von Marketing-, Kampagnen- und Informationsaktivit\u00e4ten (mit ausdr\u00fccklicher Einwilligung)<\/p><\/li><\/ul><h2 data-start=\"1733\" data-end=\"1750\">4. Rechtsgrundlagen<\/h2><p data-start=\"1751\" data-end=\"1815\">Ihre personenbezogenen Daten werden auf folgenden Rechtsgrundlagen verarbeitet:<\/p><ul data-start=\"1817\" data-end=\"2013\"><li data-start=\"1817\" data-end=\"1841\"><p data-start=\"1819\" data-end=\"1841\"><strong data-start=\"1819\" data-end=\"1839\">Ausdr\u00fcckliche Zustimmung<\/strong><\/p><\/li><li data-start=\"1842\" data-end=\"1875\"><p data-start=\"1844\" data-end=\"1875\"><strong data-start=\"1844\" data-end=\"1873\">Vertragserf\u00fcllung<\/strong><\/p><\/li><li data-start=\"1876\" data-end=\"1918\"><p data-start=\"1878\" data-end=\"1918\"><strong data-start=\"1878\" data-end=\"1916\">Einhaltung einer rechtlichen Verpflichtung<\/strong><\/p><\/li><li data-start=\"1919\" data-end=\"2013\"><p data-start=\"1921\" data-end=\"2013\"><strong data-start=\"1921\" data-end=\"1945\">Berechtigte Interessen<\/strong> (vorausgesetzt, Ihre Grundrechte und -freiheiten werden nicht beeintr\u00e4chtigt)<\/p><\/li><\/ul><h2 data-start=\"2015\" data-end=\"2042\">5. Datenaufbewahrungsdauer<\/h2><p data-start=\"2043\" data-end=\"2299\">Personenbezogene Daten werden f\u00fcr die in den einschl\u00e4gigen Rechtsvorschriften festgelegten Fristen oder so lange wie n\u00f6tig f\u00fcr den Verarbeitungszweck gespeichert. Nach Ablauf der Speicherfrist oder wenn der Zweck entf\u00e4llt, werden die Daten sicher gel\u00f6scht, vernichtet oder anonymisiert.<\/p><h2 data-start=\"2301\" data-end=\"2331\">6. Weitergabe personenbezogener Daten<\/h2><p data-start=\"2332\" data-end=\"2401\">Ihre personenbezogenen Daten d\u00fcrfen nur unter folgenden Umst\u00e4nden weitergegeben werden:<\/p><ul data-start=\"2403\" data-end=\"2624\"><li data-start=\"2403\" data-end=\"2446\"><p data-start=\"2405\" data-end=\"2446\">Wo erforderlich durch <strong data-start=\"2423\" data-end=\"2444\">rechtliche Verpflichtungen<\/strong><\/p><\/li><li data-start=\"2447\" data-end=\"2512\"><p data-start=\"2449\" data-end=\"2512\">Als Antwort auf Anfragen von <strong data-start=\"2478\" data-end=\"2510\">zust\u00e4ndige \u00f6ffentliche Beh\u00f6rden<\/strong><\/p><\/li><li data-start=\"2513\" data-end=\"2624\"><p data-start=\"2515\" data-end=\"2624\">Mit <strong data-start=\"2520\" data-end=\"2558\">Gesch\u00e4ftspartner von Dienstleistern<\/strong> (z. B. Hosting, Versand, Zahlung) ausschlie\u00dflich zur Erbringung von Dienstleistungen<\/p><\/li><\/ul><p data-start=\"2626\" data-end=\"2701\">Daten sind <strong data-start=\"2635\" data-end=\"2642\">nicht<\/strong> verkauft oder an Dritte zu kommerziellen Zwecken weitergegeben.<\/p><h2 data-start=\"2703\" data-end=\"2737\">7. Internationale Daten\u00fcbermittlung<\/h2><p data-start=\"2738\" data-end=\"2991\">Soweit dies f\u00fcr die Erbringung der Dienstleistung erforderlich ist, k\u00f6nnen Ihre Daten ins Ausland in L\u00e4nder \u00fcbermittelt werden, die einen angemessenen Schutz gem\u00e4\u00df KVKK und DSGVO gew\u00e4hrleisten, oder, falls ein angemessener Schutz nicht verf\u00fcgbar ist, mit Ihrer ausdr\u00fccklichen Einwilligung und in \u00dcbereinstimmung mit den gesetzlichen Bestimmungen.<\/p><h2 data-start=\"2993\" data-end=\"3012\">8. Datensicherheit<\/h2><p data-start=\"3013\" data-end=\"3057\">Zum Schutz Ihrer personenbezogenen Daten setzen wir Folgendes ein:<\/p><ul data-start=\"3059\" data-end=\"3296\"><li data-start=\"3059\" data-end=\"3151\"><p data-start=\"3061\" data-end=\"3151\"><strong data-start=\"3061\" data-end=\"3083\">Technische Ma\u00dfnahmen<\/strong> um unberechtigten Zugriff zu verhindern (Verschl\u00fcsselung, Firewalls, SSL usw.).<\/p><\/li><li data-start=\"3152\" data-end=\"3221\"><p data-start=\"3154\" data-end=\"3221\"><strong data-start=\"3154\" data-end=\"3191\">Autorisierung und Zugriffskontrollen<\/strong> basierend auf Rolle und Notwendigkeit<\/p><\/li><li data-start=\"3222\" data-end=\"3296\"><p data-start=\"3224\" data-end=\"3296\"><strong data-start=\"3224\" data-end=\"3255\">Vertraulichkeitsverpflichtungen<\/strong> f\u00fcr Personal und relevante Dritte<\/p><\/li><\/ul><h2 data-start=\"3298\" data-end=\"3323\">9. Rechte der betroffenen Person<\/h2><p data-start=\"3324\" data-end=\"3403\">Nach Artikel 11 des KVKK und den Artikeln 15\u201322 der DSGVO haben betroffene Personen das Recht auf:<\/p><ul data-start=\"3405\" data-end=\"3740\"><li data-start=\"3405\" data-end=\"3450\"><p data-start=\"3407\" data-end=\"3450\">Anfrage <strong data-start=\"3415\" data-end=\"3425\">Zugang<\/strong> zu ihren pers\u00f6nlichen Daten<\/p><\/li><li data-start=\"3451\" data-end=\"3510\"><p data-start=\"3453\" data-end=\"3510\">Anfrage <strong data-start=\"3461\" data-end=\"3475\">Korrektur<\/strong> ungenaue oder unvollst\u00e4ndige Daten<\/p><\/li><li data-start=\"3511\" data-end=\"3562\"><p data-start=\"3513\" data-end=\"3562\">Anfrage <strong data-start=\"3521\" data-end=\"3533\">Streichung<\/strong> oder <strong data-start=\"3537\" data-end=\"3552\">Zerst\u00f6rung<\/strong> Daten<\/p><\/li><li data-start=\"3563\" data-end=\"3604\"><p data-start=\"3565\" data-end=\"3604\">Anfrage <strong data-start=\"3573\" data-end=\"3588\">Beschr\u00e4nkung<\/strong> der Verarbeitung<\/p><\/li><li data-start=\"3605\" data-end=\"3637\"><p data-start=\"3607\" data-end=\"3637\">Anfrage <strong data-start=\"3615\" data-end=\"3635\">Datenportabilit\u00e4t<\/strong><\/p><\/li><li data-start=\"3638\" data-end=\"3666\"><p data-start=\"3640\" data-end=\"3666\"><strong data-start=\"3640\" data-end=\"3650\">Objekt<\/strong> zur Verarbeitung<\/p><\/li><li data-start=\"3667\" data-end=\"3740\"><p data-start=\"3669\" data-end=\"3740\"><strong data-start=\"3669\" data-end=\"3689\">Einwilligung widerrufen<\/strong> jederzeit (sofern die Verarbeitung auf einer Einwilligung beruht)<\/p><\/li><\/ul><p data-start=\"3742\" data-end=\"3841\">Um Ihre Rechte auszu\u00fcben, kontaktieren Sie uns bitte \u00fcber die auf unserer Website angegebenen Kontaktdaten.<\/p><h2 data-start=\"3843\" data-end=\"3872\">10. \u00c4nderungen dieser Richtlinie<\/h2><p data-start=\"3873\" data-end=\"3984\">Diese Richtlinie kann von Zeit zu Zeit aktualisiert werden. Die aktualisierte Fassung tritt mit ihrer Ver\u00f6ffentlichung auf unserer Website in Kraft.<\/p>\t\t\t\t\t\t\t\t<\/div>\n\t\t\t\t\t<\/div>\n\t\t\t\t<\/div>\n\t\t\t\t<\/div>","protected":false},"excerpt":{"rendered":"<p>Personal Data Protection and Processing Policy This policy sets out the principles for processing, storing, and protecting the personal data of individuals (\u201cData Subjects\u201d) who use our website, in accordance with T\u00fcrkiye\u2019s Law No. 6698 on the Protection of Personal Data (KVKK) and the European Union General Data Protection Regulation (GDPR). 1. Data Controller We [&hellip;]<\/p>","protected":false},"author":1,"featured_media":632,"parent":0,"menu_order":0,"comment_status":"closed","ping_status":"closed","template":"elementor_header_footer","meta":{"_acf_changed":false,"footnotes":""},"class_list":["post-455","page","type-page","status-publish","has-post-thumbnail","hentry"],"acf":[],"yoast_head":"<!-- This site is optimized with the Yoast SEO plugin v25.6 - https:\/\/yoast.com\/wordpress\/plugins\/seo\/ -->\n<title>Ki\u015fisel Verilerin Korunmas\u0131 Kanunu - Sun Way Apart Hotel Alanya<\/title>\n<meta name=\"robots\" content=\"index, follow, max-snippet:-1, max-image-preview:large, max-video-preview:-1\" \/>\n<link rel=\"canonical\" href=\"https:\/\/hotel.sunwayapart.com\/de\/kisisel-verilerin-korunmasi-kanunu\/\" \/>\n<meta property=\"og:locale\" content=\"de_DE\" \/>\n<meta property=\"og:type\" content=\"article\" \/>\n<meta property=\"og:title\" content=\"Ki\u015fisel Verilerin Korunmas\u0131 Kanunu - Sun Way Apart Hotel Alanya\" \/>\n<meta property=\"og:description\" content=\"Personal Data Protection and Processing Policy This policy sets out the principles for processing, storing, and protecting the personal data of individuals (\u201cData Subjects\u201d) who use our website, in accordance with T\u00fcrkiye\u2019s Law No. 6698 on the Protection of Personal Data (KVKK) and the European Union General Data Protection Regulation (GDPR). 1. Data Controller We [&hellip;]\" \/>\n<meta property=\"og:url\" content=\"https:\/\/hotel.sunwayapart.com\/de\/kisisel-verilerin-korunmasi-kanunu\/\" \/>\n<meta property=\"og:site_name\" content=\"Sun Way Apart Hotel Alanya\" \/>\n<meta property=\"article:modified_time\" content=\"2025-09-16T23:29:12+00:00\" \/>\n<meta property=\"og:image\" content=\"https:\/\/hotel.sunwayapart.com\/wp-content\/uploads\/2025\/09\/Sun-Way-Apart-Hotel-Favicon.png\" \/>\n\t<meta property=\"og:image:width\" content=\"512\" \/>\n\t<meta property=\"og:image:height\" content=\"512\" \/>\n\t<meta property=\"og:image:type\" content=\"image\/png\" \/>\n<meta name=\"twitter:card\" content=\"summary_large_image\" \/>\n<meta name=\"twitter:label1\" content=\"Gesch\u00e4tzte Lesezeit\" \/>\n\t<meta name=\"twitter:data1\" content=\"3\u00a0Minuten\" \/>\n<script type=\"application\/ld+json\" class=\"yoast-schema-graph\">{\"@context\":\"https:\/\/schema.org\",\"@graph\":[{\"@type\":\"WebPage\",\"@id\":\"https:\/\/hotel.sunwayapart.com\/kisisel-verilerin-korunmasi-kanunu\/\",\"url\":\"https:\/\/hotel.sunwayapart.com\/kisisel-verilerin-korunmasi-kanunu\/\",\"name\":\"Ki\u015fisel Verilerin Korunmas\u0131 Kanunu - Sun Way Apart Hotel Alanya\",\"isPartOf\":{\"@id\":\"https:\/\/hotel.sunwayapart.com\/#website\"},\"primaryImageOfPage\":{\"@id\":\"https:\/\/hotel.sunwayapart.com\/kisisel-verilerin-korunmasi-kanunu\/#primaryimage\"},\"image\":{\"@id\":\"https:\/\/hotel.sunwayapart.com\/kisisel-verilerin-korunmasi-kanunu\/#primaryimage\"},\"thumbnailUrl\":\"https:\/\/hotel.sunwayapart.com\/wp-content\/uploads\/2025\/09\/Sun-Way-Apart-Hotel-Favicon.png\",\"datePublished\":\"2025-08-09T23:12:52+00:00\",\"dateModified\":\"2025-09-16T23:29:12+00:00\",\"breadcrumb\":{\"@id\":\"https:\/\/hotel.sunwayapart.com\/kisisel-verilerin-korunmasi-kanunu\/#breadcrumb\"},\"inLanguage\":\"de\",\"potentialAction\":[{\"@type\":\"ReadAction\",\"target\":[\"https:\/\/hotel.sunwayapart.com\/kisisel-verilerin-korunmasi-kanunu\/\"]}]},{\"@type\":\"ImageObject\",\"inLanguage\":\"de\",\"@id\":\"https:\/\/hotel.sunwayapart.com\/kisisel-verilerin-korunmasi-kanunu\/#primaryimage\",\"url\":\"https:\/\/hotel.sunwayapart.com\/wp-content\/uploads\/2025\/09\/Sun-Way-Apart-Hotel-Favicon.png\",\"contentUrl\":\"https:\/\/hotel.sunwayapart.com\/wp-content\/uploads\/2025\/09\/Sun-Way-Apart-Hotel-Favicon.png\",\"width\":512,\"height\":512},{\"@type\":\"BreadcrumbList\",\"@id\":\"https:\/\/hotel.sunwayapart.com\/kisisel-verilerin-korunmasi-kanunu\/#breadcrumb\",\"itemListElement\":[{\"@type\":\"ListItem\",\"position\":1,\"name\":\"Anasayfa\",\"item\":\"https:\/\/hotel.sunwayapart.com\/\"},{\"@type\":\"ListItem\",\"position\":2,\"name\":\"Ki\u015fisel Verilerin Korunmas\u0131 Kanunu\"}]},{\"@type\":\"WebSite\",\"@id\":\"https:\/\/hotel.sunwayapart.com\/#website\",\"url\":\"https:\/\/hotel.sunwayapart.com\/\",\"name\":\"Sun Way Apart Hotel Alanya\",\"description\":\"Sun Way Apart Hotel Alanya\",\"potentialAction\":[{\"@type\":\"SearchAction\",\"target\":{\"@type\":\"EntryPoint\",\"urlTemplate\":\"https:\/\/hotel.sunwayapart.com\/?s={search_term_string}\"},\"query-input\":{\"@type\":\"PropertyValueSpecification\",\"valueRequired\":true,\"valueName\":\"search_term_string\"}}],\"inLanguage\":\"de\"}]}<\/script>\n<!-- \/ Yoast SEO plugin. -->","yoast_head_json":{"title":"Ki\u015fisel Verilerin Korunmas\u0131 Kanunu - Sun Way Apart Hotel Alanya","robots":{"index":"index","follow":"follow","max-snippet":"max-snippet:-1","max-image-preview":"max-image-preview:large","max-video-preview":"max-video-preview:-1"},"canonical":"https:\/\/hotel.sunwayapart.com\/de\/kisisel-verilerin-korunmasi-kanunu\/","og_locale":"de_DE","og_type":"article","og_title":"Ki\u015fisel Verilerin Korunmas\u0131 Kanunu - Sun Way Apart Hotel Alanya","og_description":"Personal Data Protection and Processing Policy This policy sets out the principles for processing, storing, and protecting the personal data of individuals (\u201cData Subjects\u201d) who use our website, in accordance with T\u00fcrkiye\u2019s Law No. 6698 on the Protection of Personal Data (KVKK) and the European Union General Data Protection Regulation (GDPR). 1. Data Controller We [&hellip;]","og_url":"https:\/\/hotel.sunwayapart.com\/de\/kisisel-verilerin-korunmasi-kanunu\/","og_site_name":"Sun Way Apart Hotel Alanya","article_modified_time":"2025-09-16T23:29:12+00:00","og_image":[{"width":512,"height":512,"url":"https:\/\/hotel.sunwayapart.com\/wp-content\/uploads\/2025\/09\/Sun-Way-Apart-Hotel-Favicon.png","type":"image\/png"}],"twitter_card":"summary_large_image","twitter_misc":{"Gesch\u00e4tzte Lesezeit":"3\u00a0Minuten"},"schema":{"@context":"https:\/\/schema.org","@graph":[{"@type":"WebPage","@id":"https:\/\/hotel.sunwayapart.com\/kisisel-verilerin-korunmasi-kanunu\/","url":"https:\/\/hotel.sunwayapart.com\/kisisel-verilerin-korunmasi-kanunu\/","name":"Ki\u015fisel Verilerin Korunmas\u0131 Kanunu - Sun Way Apart Hotel Alanya","isPartOf":{"@id":"https:\/\/hotel.sunwayapart.com\/#website"},"primaryImageOfPage":{"@id":"https:\/\/hotel.sunwayapart.com\/kisisel-verilerin-korunmasi-kanunu\/#primaryimage"},"image":{"@id":"https:\/\/hotel.sunwayapart.com\/kisisel-verilerin-korunmasi-kanunu\/#primaryimage"},"thumbnailUrl":"https:\/\/hotel.sunwayapart.com\/wp-content\/uploads\/2025\/09\/Sun-Way-Apart-Hotel-Favicon.png","datePublished":"2025-08-09T23:12:52+00:00","dateModified":"2025-09-16T23:29:12+00:00","breadcrumb":{"@id":"https:\/\/hotel.sunwayapart.com\/kisisel-verilerin-korunmasi-kanunu\/#breadcrumb"},"inLanguage":"de","potentialAction":[{"@type":"ReadAction","target":["https:\/\/hotel.sunwayapart.com\/kisisel-verilerin-korunmasi-kanunu\/"]}]},{"@type":"ImageObject","inLanguage":"de","@id":"https:\/\/hotel.sunwayapart.com\/kisisel-verilerin-korunmasi-kanunu\/#primaryimage","url":"https:\/\/hotel.sunwayapart.com\/wp-content\/uploads\/2025\/09\/Sun-Way-Apart-Hotel-Favicon.png","contentUrl":"https:\/\/hotel.sunwayapart.com\/wp-content\/uploads\/2025\/09\/Sun-Way-Apart-Hotel-Favicon.png","width":512,"height":512},{"@type":"BreadcrumbList","@id":"https:\/\/hotel.sunwayapart.com\/kisisel-verilerin-korunmasi-kanunu\/#breadcrumb","itemListElement":[{"@type":"ListItem","position":1,"name":"Anasayfa","item":"https:\/\/hotel.sunwayapart.com\/"},{"@type":"ListItem","position":2,"name":"Ki\u015fisel Verilerin Korunmas\u0131 Kanunu"}]},{"@type":"WebSite","@id":"https:\/\/hotel.sunwayapart.com\/#website","url":"https:\/\/hotel.sunwayapart.com\/","name":"Sun Way Apart Hotel Alanya","description":"Sun Way Apart Hotel Alanya","potentialAction":[{"@type":"SearchAction","target":{"@type":"EntryPoint","urlTemplate":"https:\/\/hotel.sunwayapart.com\/?s={search_term_string}"},"query-input":{"@type":"PropertyValueSpecification","valueRequired":true,"valueName":"search_term_string"}}],"inLanguage":"de"}]}},"_links":{"self":[{"href":"https:\/\/hotel.sunwayapart.com\/de\/wp-json\/wp\/v2\/pages\/455","targetHints":{"allow":["GET"]}}],"collection":[{"href":"https:\/\/hotel.sunwayapart.com\/de\/wp-json\/wp\/v2\/pages"}],"about":[{"href":"https:\/\/hotel.sunwayapart.com\/de\/wp-json\/wp\/v2\/types\/page"}],"author":[{"embeddable":true,"href":"https:\/\/hotel.sunwayapart.com\/de\/wp-json\/wp\/v2\/users\/1"}],"replies":[{"embeddable":true,"href":"https:\/\/hotel.sunwayapart.com\/de\/wp-json\/wp\/v2\/comments?post=455"}],"version-history":[{"count":14,"href":"https:\/\/hotel.sunwayapart.com\/de\/wp-json\/wp\/v2\/pages\/455\/revisions"}],"predecessor-version":[{"id":803,"href":"https:\/\/hotel.sunwayapart.com\/de\/wp-json\/wp\/v2\/pages\/455\/revisions\/803"}],"wp:featuredmedia":[{"embeddable":true,"href":"https:\/\/hotel.sunwayapart.com\/de\/wp-json\/wp\/v2\/media\/632"}],"wp:attachment":[{"href":"https:\/\/hotel.sunwayapart.com\/de\/wp-json\/wp\/v2\/media?parent=455"}],"curies":[{"name":"wp","href":"https:\/\/api.w.org\/{rel}","templated":true}]}}