{"id":431,"date":"2025-08-10T01:56:04","date_gmt":"2025-08-09T22:56:04","guid":{"rendered":"https:\/\/hotel.sunwayapart.com\/?page_id=431"},"modified":"2025-09-18T00:03:54","modified_gmt":"2025-09-17T21:03:54","slug":"hakkimizda","status":"publish","type":"page","link":"https:\/\/hotel.sunwayapart.com\/de\/hakkimizda\/","title":{"rendered":"\u00dcber uns"},"content":{"rendered":"<div data-elementor-type=\"wp-page\" data-elementor-id=\"431\" class=\"elementor elementor-431\">\n\t\t\t\t<div class=\"elementor-element elementor-element-b11bf9e e-flex e-con-boxed e-con e-parent\" data-id=\"b11bf9e\" data-element_type=\"container\" data-settings=\"{&quot;background_background&quot;:&quot;classic&quot;,&quot;jet_parallax_layout_list&quot;:[]}\">\n\t\t\t\t\t<div class=\"e-con-inner\">\n\t\t<div class=\"elementor-element elementor-element-58e35d7 e-con-full e-flex e-con e-child\" data-id=\"58e35d7\" data-element_type=\"container\" data-settings=\"{&quot;jet_parallax_layout_list&quot;:[]}\">\n\t\t\t\t<div class=\"elementor-element elementor-element-a1c2924 elementor-widget elementor-widget-heading\" data-id=\"a1c2924\" data-element_type=\"widget\" data-widget_type=\"heading.default\">\n\t\t\t\t\t<h2 class=\"elementor-heading-title elementor-size-default\">\u00dcber uns<\/h2>\t\t\t\t<\/div>\n\t\t\t\t<\/div>\n\t\t\t\t\t<\/div>\n\t\t\t\t<\/div>\n\t\t<div class=\"elementor-element elementor-element-6e976d4 e-flex e-con-boxed elementor-invisible e-con e-parent\" data-id=\"6e976d4\" data-element_type=\"container\" data-settings=\"{&quot;jet_parallax_layout_list&quot;:[],&quot;animation&quot;:&quot;fadeInUp&quot;}\">\n\t\t\t\t\t<div class=\"e-con-inner\">\n\t\t<div class=\"elementor-element elementor-element-3f0d837 e-con-full e-flex e-con e-child\" data-id=\"3f0d837\" data-element_type=\"container\" data-settings=\"{&quot;jet_parallax_layout_list&quot;:[]}\">\n\t\t\t\t<div class=\"elementor-element elementor-element-f6fc294 elementor-widget elementor-widget-heading\" data-id=\"f6fc294\" data-element_type=\"widget\" data-widget_type=\"heading.default\">\n\t\t\t\t\t<h2 class=\"elementor-heading-title elementor-size-default\">\u00dcber uns<\/h2>\t\t\t\t<\/div>\n\t\t\t\t<div class=\"elementor-element elementor-element-2272dbd elementor-widget elementor-widget-text-editor\" data-id=\"2272dbd\" data-element_type=\"widget\" data-widget_type=\"text-editor.default\">\n\t\t\t\t\t\t\t\t\t<h4 data-start=\"202\" data-end=\"249\"><strong>Familienkomfort, nur wenige Schritte vom Kleopatra-Strand entfernt<\/strong><\/h4><p data-start=\"250\" data-end=\"564\">Seit <strong data-start=\"256\" data-end=\"264\">2001<\/strong>, <strong data-start=\"266\" data-end=\"289\">Sun Way Apart Hotel<\/strong> hat G\u00e4ste in einer der beliebtesten Gegenden Alanyas willkommen gehei\u00dfen \u2013 gerade <strong data-start=\"353\" data-end=\"388\">650 Meter vom Kleopatra-Strand entfernt<\/strong>Als familiengef\u00fchrtes Hotel verbinden wir die W\u00e4rme eines Zuhauses mit der Zweckm\u00e4\u00dfigkeit eines Aufenthalts im Apartment-Stil und bieten saubere, funktionale R\u00e4ume und freundlichen Service zu einem guten Preis-Leistungs-Verh\u00e4ltnis.<\/p><h4 data-start=\"566\" data-end=\"581\"><strong>Wer wir sind<\/strong><\/h4><p data-start=\"582\" data-end=\"702\">Wir sind ein kleines, g\u00e4steorientiertes Anwesen mit <strong data-start=\"625\" data-end=\"649\">26 Ein-Zimmer-Wohnungen (1+1)<\/strong> Wohnungen und <strong data-start=\"665\" data-end=\"688\">4 Zwei-Schlafzimmer (2+1)<\/strong> Wohnungen.<\/p><ul data-start=\"703\" data-end=\"810\"><li data-start=\"703\" data-end=\"756\"><p data-start=\"705\" data-end=\"756\"><strong data-start=\"705\" data-end=\"723\">1+1 Wohnungen<\/strong> Platz f\u00fcr bis zu <strong data-start=\"742\" data-end=\"754\">3 G\u00e4ste<\/strong><\/p><\/li><li data-start=\"757\" data-end=\"810\"><p data-start=\"759\" data-end=\"810\"><strong data-start=\"759\" data-end=\"777\">2+1 Wohnungen<\/strong> Platz f\u00fcr bis zu <strong data-start=\"796\" data-end=\"808\">5 G\u00e4ste<\/strong><\/p><\/li><\/ul><p data-start=\"812\" data-end=\"988\">Jede Wohnung verf\u00fcgt \u00fcber eine <strong data-start=\"838\" data-end=\"853\">Kochnische<\/strong>, <strong data-start=\"855\" data-end=\"871\">K\u00fchlschrank<\/strong>, <strong data-start=\"873\" data-end=\"893\">Klimaanlage<\/strong>, <strong data-start=\"895\" data-end=\"901\">Fernseher<\/strong>, Und <strong data-start=\"907\" data-end=\"923\">Zimmersafe<\/strong>, was uns ideal f\u00fcr Familien, Paare, Freunde und l\u00e4ngere Aufenthalte macht.<\/p>\t\t\t\t\t\t\t\t<\/div>\n\t\t\t\t<\/div>\n\t\t<div class=\"elementor-element elementor-element-6f67198 e-con-full e-flex e-con e-child\" data-id=\"6f67198\" data-element_type=\"container\" data-settings=\"{&quot;jet_parallax_layout_list&quot;:[]}\">\n\t\t\t\t<div class=\"elementor-element elementor-element-a1cb0a8 elementor-widget elementor-widget-image\" data-id=\"a1cb0a8\" data-element_type=\"widget\" data-widget_type=\"image.default\">\n\t\t\t\t\t\t\t\t\t\t\t\t\t\t\t<img fetchpriority=\"high\" decoding=\"async\" width=\"1024\" height=\"683\" src=\"https:\/\/hotel.sunwayapart.com\/wp-content\/uploads\/2025\/09\/WhatsApp-Image-2025-09-17-at-18.03.38-4-1024x683.jpeg\" class=\"attachment-large size-large wp-image-874\" alt=\"\" srcset=\"https:\/\/hotel.sunwayapart.com\/wp-content\/uploads\/2025\/09\/WhatsApp-Image-2025-09-17-at-18.03.38-4-1024x683.jpeg 1024w, https:\/\/hotel.sunwayapart.com\/wp-content\/uploads\/2025\/09\/WhatsApp-Image-2025-09-17-at-18.03.38-4-300x200.jpeg 300w, https:\/\/hotel.sunwayapart.com\/wp-content\/uploads\/2025\/09\/WhatsApp-Image-2025-09-17-at-18.03.38-4-768x512.jpeg 768w, https:\/\/hotel.sunwayapart.com\/wp-content\/uploads\/2025\/09\/WhatsApp-Image-2025-09-17-at-18.03.38-4-1536x1024.jpeg 1536w, https:\/\/hotel.sunwayapart.com\/wp-content\/uploads\/2025\/09\/WhatsApp-Image-2025-09-17-at-18.03.38-4-18x12.jpeg 18w, https:\/\/hotel.sunwayapart.com\/wp-content\/uploads\/2025\/09\/WhatsApp-Image-2025-09-17-at-18.03.38-4.jpeg 2048w\" sizes=\"(max-width: 1024px) 100vw, 1024px\" \/>\t\t\t\t\t\t\t\t\t\t\t\t\t\t\t<\/div>\n\t\t\t\t<\/div>\n\t\t\t\t\t<\/div>\n\t\t\t\t<\/div>\n\t\t<div class=\"elementor-element elementor-element-bd77be3 e-flex e-con-boxed elementor-invisible e-con e-parent\" data-id=\"bd77be3\" data-element_type=\"container\" data-settings=\"{&quot;background_background&quot;:&quot;classic&quot;,&quot;jet_parallax_layout_list&quot;:[],&quot;animation&quot;:&quot;fadeInUp&quot;}\">\n\t\t\t\t\t<div class=\"e-con-inner\">\n\t\t<div class=\"elementor-element elementor-element-76513e5 e-con-full e-flex e-con e-child\" data-id=\"76513e5\" data-element_type=\"container\" data-settings=\"{&quot;jet_parallax_layout_list&quot;:[]}\">\n\t\t\t\t<div class=\"elementor-element elementor-element-3c9f1de elementor-widget elementor-widget-heading\" data-id=\"3c9f1de\" data-element_type=\"widget\" data-widget_type=\"heading.default\">\n\t\t\t\t\t<h2 class=\"elementor-heading-title elementor-size-default\">Mission<\/h2>\t\t\t\t<\/div>\n\t\t\t\t<div class=\"elementor-element elementor-element-19262aa elementor-widget elementor-widget-text-editor\" data-id=\"19262aa\" data-element_type=\"widget\" data-widget_type=\"text-editor.default\">\n\t\t\t\t\t\t\t\t\t<p>Im Sun Way Apart Hotel ist es unsere Mission, die W\u00e4rme eines familiengef\u00fchrten Hotels mit der Zweckm\u00e4\u00dfigkeit eines Apartments zu verbinden, nur wenige Schritte vom Cleopatra Beach entfernt. Seit 2001 konzentrieren wir uns auf saubere, gut ausgestattete 1+1- und 2+1-Apartments, die Paaren, Familien und Langzeitg\u00e4sten das Reisen erleichtern. Wir h\u00f6ren aufmerksam zu, antizipieren Bed\u00fcrfnisse und reagieren schnell \u2013 sei es ein Kinderbett, ein fr\u00fcher Check-in oder eine ruhige Ecke zum Arbeiten. Sp\u00fcrbarer Komfort ist uns wichtig: erholsamer Schlaf, frische Bettw\u00e4sche, zuverl\u00e4ssiges WLAN und freundliche Gesichter an der Rezeption. Wir glauben, dass ein gutes Preis-Leistungs-Verh\u00e4ltnis nicht nur vom Preis abh\u00e4ngt, sondern auch davon, wie reibungslos ein Tag verl\u00e4uft \u2013 vom morgendlichen Schwimmen bis zum Abendessen in unserem \u00c0-la-carte-Restaurant. Indem wir einfache, durchdachte Details statt \u00dcberfluss w\u00e4hlen, schaffen wir eine ruhige Basis, von der aus unsere G\u00e4ste Alanya selbstbewusst und entspannt erkunden k\u00f6nnen.<\/p>\t\t\t\t\t\t\t\t<\/div>\n\t\t\t\t<\/div>\n\t\t<div class=\"elementor-element elementor-element-55dc914 e-con-full e-flex e-con e-child\" data-id=\"55dc914\" data-element_type=\"container\" data-settings=\"{&quot;jet_parallax_layout_list&quot;:[]}\">\n\t\t\t\t<div class=\"elementor-element elementor-element-fd6db5a elementor-widget elementor-widget-heading\" data-id=\"fd6db5a\" data-element_type=\"widget\" data-widget_type=\"heading.default\">\n\t\t\t\t\t<h2 class=\"elementor-heading-title elementor-size-default\">Vision<\/h2>\t\t\t\t<\/div>\n\t\t\t\t<div class=\"elementor-element elementor-element-7c168ba elementor-widget elementor-widget-text-editor\" data-id=\"7c168ba\" data-element_type=\"widget\" data-widget_type=\"text-editor.default\">\n\t\t\t\t\t\t\t\t\t<p>Unsere Vision ist es, Alanyas vertrauensw\u00fcrdigstes Apartmenthotel f\u00fcr Reisende zu sein, die Platz, Aufrichtigkeit und eine erstklassige Lage in der N\u00e4he des Kleopatra-Strandes sch\u00e4tzen. Wir m\u00f6chten in einem kompakten, gut gef\u00fchrten Haus Ma\u00dfst\u00e4be f\u00fcr g\u00e4steorientierten Service setzen und beweisen, dass kleiner eleganter, herzlicher und best\u00e4ndiger sein kann. Wir werden jeden Kontaktpunkt optimieren, von der einfachen Direktbuchung \u00fcber die klare Kommunikation vor der Ankunft bis hin zur reibungslosen Betreuung w\u00e4hrend des Aufenthalts. Wir werden behutsam modernisieren und Zimmer und Annehmlichkeiten aufwerten, ohne dabei den pers\u00f6nlichen Geist zu verlieren, der uns ausmacht. Wir werden eine Kultur des Lernens pflegen, in der Feedback zu Verbesserungen f\u00fchrt und Best Practices zur Gewohnheit werden. Wir werden unsere Beziehungen zu lokalen Produzenten, Reisef\u00fchrern und Erlebnissen vertiefen, die den Aufenthalt unserer G\u00e4ste bereichern. Vor allem werden wir ein Ort bleiben, an dem sich die Menschen in Alanya willkommen, entspannt und zu Hause f\u00fchlen.<\/p>\t\t\t\t\t\t\t\t<\/div>\n\t\t\t\t<\/div>\n\t\t<div class=\"elementor-element elementor-element-362a752 e-con-full e-flex e-con e-child\" data-id=\"362a752\" data-element_type=\"container\" data-settings=\"{&quot;jet_parallax_layout_list&quot;:[]}\">\n\t\t\t\t<div class=\"elementor-element elementor-element-53a4b91 elementor-widget elementor-widget-heading\" data-id=\"53a4b91\" data-element_type=\"widget\" data-widget_type=\"heading.default\">\n\t\t\t\t\t<h2 class=\"elementor-heading-title elementor-size-default\">Unsere Werte<\/h2>\t\t\t\t<\/div>\n\t\t\t\t<div class=\"elementor-element elementor-element-1e641ef elementor-widget elementor-widget-text-editor\" data-id=\"1e641ef\" data-element_type=\"widget\" data-widget_type=\"text-editor.default\">\n\t\t\t\t\t\t\t\t\t<p>Wir lassen uns von Werten leiten, die gute Absichten in allt\u00e4gliche Taten umsetzen. <strong data-start=\"1908\" data-end=\"1935\">Gastfreundschaft mit Herz:<\/strong> Wir begr\u00fc\u00dfen jeden Gast wie einen Nachbarn und k\u00fcmmern uns um ihn. <strong data-start=\"2003\" data-end=\"2028\">Einfachheit gut gemacht:<\/strong> praktische Grundrisse, saubere R\u00e4ume und klare Informationen reduzieren Reibung und Stress. <strong data-start=\"2111\" data-end=\"2127\">Zuverl\u00e4ssigkeit:<\/strong> Konsequente Haushaltsf\u00fchrung, reaktionsschnelle Wartung und ehrliche Kommunikation schaffen Vertrauen. <strong data-start=\"2215\" data-end=\"2239\">Respekt &amp; Inklusion:<\/strong> Jeder Gast und jedes Teammitglied wird freundlich und fair behandelt. <strong data-start=\"2307\" data-end=\"2332\">Sicherheit &amp; Sauberkeit:<\/strong> Wir sorgen f\u00fcr die Sicherheit und sorgf\u00e4ltige Instandhaltung der R\u00e4ume, damit Sie beruhigt sein k\u00f6nnen. <strong data-start=\"2402\" data-end=\"2421\">Nachhaltigkeit:<\/strong> Wir begrenzen Abfall, schonen Ressourcen und unterst\u00fctzen lokale Lieferanten und saisonale Produkte. <strong data-start=\"2508\" data-end=\"2522\">Gemeinschaft:<\/strong> Wir empfehlen Caf\u00e9s, M\u00e4rkte und Erlebnisse in der Nachbarschaft, die den Charakter Alanyas widerspiegeln. <strong data-start=\"2614\" data-end=\"2633\">Wachstumsdenken:<\/strong> Wir nutzen Feedback, um uns zu verbessern, unser Team zu schulen und dort zu investieren, wo es am wichtigsten ist. Zusammen bilden diese Werte die ruhige, verl\u00e4ssliche Grundlage, zu der unsere G\u00e4ste Jahr f\u00fcr Jahr zur\u00fcckkehren.<\/p>\t\t\t\t\t\t\t\t<\/div>\n\t\t\t\t<\/div>\n\t\t\t\t\t<\/div>\n\t\t\t\t<\/div>\n\t\t\t\t<\/div>","protected":false},"excerpt":{"rendered":"<p>About Us About Us Family Comfort, Steps from Cleopatra Beach Since 2001, Sun Way Apart Hotel has welcomed guests to one of Alanya\u2019s most-loved areas \u2014 just 650 meters from Cleopatra Beach. As a family-run property, we blend the warmth of home with the practicality of apartment-style stays, offering clean, functional spaces and friendly service [&hellip;]<\/p>","protected":false},"author":1,"featured_media":632,"parent":0,"menu_order":0,"comment_status":"closed","ping_status":"closed","template":"elementor_header_footer","meta":{"_acf_changed":false,"footnotes":""},"class_list":["post-431","page","type-page","status-publish","has-post-thumbnail","hentry"],"acf":[],"yoast_head":"<!-- This site is optimized with the Yoast SEO plugin v25.6 - https:\/\/yoast.com\/wordpress\/plugins\/seo\/ -->\n<title>About Us - Sun Way Apart Hotel Alanya<\/title>\n<meta name=\"robots\" content=\"index, follow, max-snippet:-1, max-image-preview:large, max-video-preview:-1\" \/>\n<link rel=\"canonical\" href=\"https:\/\/hotel.sunwayapart.com\/de\/hakkimizda\/\" \/>\n<meta property=\"og:locale\" content=\"de_DE\" \/>\n<meta property=\"og:type\" content=\"article\" \/>\n<meta property=\"og:title\" content=\"About Us - Sun Way Apart Hotel Alanya\" \/>\n<meta property=\"og:description\" content=\"About Us About Us Family Comfort, Steps from Cleopatra Beach Since 2001, Sun Way Apart Hotel has welcomed guests to one of Alanya\u2019s most-loved areas \u2014 just 650 meters from Cleopatra Beach. As a family-run property, we blend the warmth of home with the practicality of apartment-style stays, offering clean, functional spaces and friendly service [&hellip;]\" \/>\n<meta property=\"og:url\" content=\"https:\/\/hotel.sunwayapart.com\/de\/hakkimizda\/\" \/>\n<meta property=\"og:site_name\" content=\"Sun Way Apart Hotel Alanya\" \/>\n<meta property=\"article:modified_time\" content=\"2025-09-17T21:03:54+00:00\" \/>\n<meta property=\"og:image\" content=\"https:\/\/hotel.sunwayapart.com\/wp-content\/uploads\/2025\/09\/Sun-Way-Apart-Hotel-Favicon.png\" \/>\n\t<meta property=\"og:image:width\" content=\"512\" \/>\n\t<meta property=\"og:image:height\" content=\"512\" \/>\n\t<meta property=\"og:image:type\" content=\"image\/png\" \/>\n<meta name=\"twitter:card\" content=\"summary_large_image\" \/>\n<meta name=\"twitter:label1\" content=\"Gesch\u00e4tzte Lesezeit\" \/>\n\t<meta name=\"twitter:data1\" content=\"4\u00a0Minuten\" \/>\n<script type=\"application\/ld+json\" class=\"yoast-schema-graph\">{\"@context\":\"https:\/\/schema.org\",\"@graph\":[{\"@type\":\"WebPage\",\"@id\":\"https:\/\/hotel.sunwayapart.com\/hakkimizda\/\",\"url\":\"https:\/\/hotel.sunwayapart.com\/hakkimizda\/\",\"name\":\"About Us - Sun Way Apart Hotel Alanya\",\"isPartOf\":{\"@id\":\"https:\/\/hotel.sunwayapart.com\/#website\"},\"primaryImageOfPage\":{\"@id\":\"https:\/\/hotel.sunwayapart.com\/hakkimizda\/#primaryimage\"},\"image\":{\"@id\":\"https:\/\/hotel.sunwayapart.com\/hakkimizda\/#primaryimage\"},\"thumbnailUrl\":\"https:\/\/hotel.sunwayapart.com\/wp-content\/uploads\/2025\/09\/Sun-Way-Apart-Hotel-Favicon.png\",\"datePublished\":\"2025-08-09T22:56:04+00:00\",\"dateModified\":\"2025-09-17T21:03:54+00:00\",\"breadcrumb\":{\"@id\":\"https:\/\/hotel.sunwayapart.com\/hakkimizda\/#breadcrumb\"},\"inLanguage\":\"de\",\"potentialAction\":[{\"@type\":\"ReadAction\",\"target\":[\"https:\/\/hotel.sunwayapart.com\/hakkimizda\/\"]}]},{\"@type\":\"ImageObject\",\"inLanguage\":\"de\",\"@id\":\"https:\/\/hotel.sunwayapart.com\/hakkimizda\/#primaryimage\",\"url\":\"https:\/\/hotel.sunwayapart.com\/wp-content\/uploads\/2025\/09\/Sun-Way-Apart-Hotel-Favicon.png\",\"contentUrl\":\"https:\/\/hotel.sunwayapart.com\/wp-content\/uploads\/2025\/09\/Sun-Way-Apart-Hotel-Favicon.png\",\"width\":512,\"height\":512},{\"@type\":\"BreadcrumbList\",\"@id\":\"https:\/\/hotel.sunwayapart.com\/hakkimizda\/#breadcrumb\",\"itemListElement\":[{\"@type\":\"ListItem\",\"position\":1,\"name\":\"Anasayfa\",\"item\":\"https:\/\/hotel.sunwayapart.com\/\"},{\"@type\":\"ListItem\",\"position\":2,\"name\":\"About Us\"}]},{\"@type\":\"WebSite\",\"@id\":\"https:\/\/hotel.sunwayapart.com\/#website\",\"url\":\"https:\/\/hotel.sunwayapart.com\/\",\"name\":\"Sun Way Apart Hotel Alanya\",\"description\":\"Sun Way Apart Hotel Alanya\",\"potentialAction\":[{\"@type\":\"SearchAction\",\"target\":{\"@type\":\"EntryPoint\",\"urlTemplate\":\"https:\/\/hotel.sunwayapart.com\/?s={search_term_string}\"},\"query-input\":{\"@type\":\"PropertyValueSpecification\",\"valueRequired\":true,\"valueName\":\"search_term_string\"}}],\"inLanguage\":\"de\"}]}<\/script>\n<!-- \/ Yoast SEO plugin. -->","yoast_head_json":{"title":"About Us - Sun Way Apart Hotel Alanya","robots":{"index":"index","follow":"follow","max-snippet":"max-snippet:-1","max-image-preview":"max-image-preview:large","max-video-preview":"max-video-preview:-1"},"canonical":"https:\/\/hotel.sunwayapart.com\/de\/hakkimizda\/","og_locale":"de_DE","og_type":"article","og_title":"About Us - Sun Way Apart Hotel Alanya","og_description":"About Us About Us Family Comfort, Steps from Cleopatra Beach Since 2001, Sun Way Apart Hotel has welcomed guests to one of Alanya\u2019s most-loved areas \u2014 just 650 meters from Cleopatra Beach. As a family-run property, we blend the warmth of home with the practicality of apartment-style stays, offering clean, functional spaces and friendly service [&hellip;]","og_url":"https:\/\/hotel.sunwayapart.com\/de\/hakkimizda\/","og_site_name":"Sun Way Apart Hotel Alanya","article_modified_time":"2025-09-17T21:03:54+00:00","og_image":[{"width":512,"height":512,"url":"https:\/\/hotel.sunwayapart.com\/wp-content\/uploads\/2025\/09\/Sun-Way-Apart-Hotel-Favicon.png","type":"image\/png"}],"twitter_card":"summary_large_image","twitter_misc":{"Gesch\u00e4tzte Lesezeit":"4\u00a0Minuten"},"schema":{"@context":"https:\/\/schema.org","@graph":[{"@type":"WebPage","@id":"https:\/\/hotel.sunwayapart.com\/hakkimizda\/","url":"https:\/\/hotel.sunwayapart.com\/hakkimizda\/","name":"About Us - Sun Way Apart Hotel Alanya","isPartOf":{"@id":"https:\/\/hotel.sunwayapart.com\/#website"},"primaryImageOfPage":{"@id":"https:\/\/hotel.sunwayapart.com\/hakkimizda\/#primaryimage"},"image":{"@id":"https:\/\/hotel.sunwayapart.com\/hakkimizda\/#primaryimage"},"thumbnailUrl":"https:\/\/hotel.sunwayapart.com\/wp-content\/uploads\/2025\/09\/Sun-Way-Apart-Hotel-Favicon.png","datePublished":"2025-08-09T22:56:04+00:00","dateModified":"2025-09-17T21:03:54+00:00","breadcrumb":{"@id":"https:\/\/hotel.sunwayapart.com\/hakkimizda\/#breadcrumb"},"inLanguage":"de","potentialAction":[{"@type":"ReadAction","target":["https:\/\/hotel.sunwayapart.com\/hakkimizda\/"]}]},{"@type":"ImageObject","inLanguage":"de","@id":"https:\/\/hotel.sunwayapart.com\/hakkimizda\/#primaryimage","url":"https:\/\/hotel.sunwayapart.com\/wp-content\/uploads\/2025\/09\/Sun-Way-Apart-Hotel-Favicon.png","contentUrl":"https:\/\/hotel.sunwayapart.com\/wp-content\/uploads\/2025\/09\/Sun-Way-Apart-Hotel-Favicon.png","width":512,"height":512},{"@type":"BreadcrumbList","@id":"https:\/\/hotel.sunwayapart.com\/hakkimizda\/#breadcrumb","itemListElement":[{"@type":"ListItem","position":1,"name":"Anasayfa","item":"https:\/\/hotel.sunwayapart.com\/"},{"@type":"ListItem","position":2,"name":"About Us"}]},{"@type":"WebSite","@id":"https:\/\/hotel.sunwayapart.com\/#website","url":"https:\/\/hotel.sunwayapart.com\/","name":"Sun Way Apart Hotel Alanya","description":"Sun Way Apart Hotel Alanya","potentialAction":[{"@type":"SearchAction","target":{"@type":"EntryPoint","urlTemplate":"https:\/\/hotel.sunwayapart.com\/?s={search_term_string}"},"query-input":{"@type":"PropertyValueSpecification","valueRequired":true,"valueName":"search_term_string"}}],"inLanguage":"de"}]}},"_links":{"self":[{"href":"https:\/\/hotel.sunwayapart.com\/de\/wp-json\/wp\/v2\/pages\/431","targetHints":{"allow":["GET"]}}],"collection":[{"href":"https:\/\/hotel.sunwayapart.com\/de\/wp-json\/wp\/v2\/pages"}],"about":[{"href":"https:\/\/hotel.sunwayapart.com\/de\/wp-json\/wp\/v2\/types\/page"}],"author":[{"embeddable":true,"href":"https:\/\/hotel.sunwayapart.com\/de\/wp-json\/wp\/v2\/users\/1"}],"replies":[{"embeddable":true,"href":"https:\/\/hotel.sunwayapart.com\/de\/wp-json\/wp\/v2\/comments?post=431"}],"version-history":[{"count":15,"href":"https:\/\/hotel.sunwayapart.com\/de\/wp-json\/wp\/v2\/pages\/431\/revisions"}],"predecessor-version":[{"id":880,"href":"https:\/\/hotel.sunwayapart.com\/de\/wp-json\/wp\/v2\/pages\/431\/revisions\/880"}],"wp:featuredmedia":[{"embeddable":true,"href":"https:\/\/hotel.sunwayapart.com\/de\/wp-json\/wp\/v2\/media\/632"}],"wp:attachment":[{"href":"https:\/\/hotel.sunwayapart.com\/de\/wp-json\/wp\/v2\/media?parent=431"}],"curies":[{"name":"wp","href":"https:\/\/api.w.org\/{rel}","templated":true}]}}