{"id":435,"date":"2025-08-10T01:59:43","date_gmt":"2025-08-09T22:59:43","guid":{"rendered":"https:\/\/hotel.sunwayapart.com\/?page_id=435"},"modified":"2025-09-17T02:29:44","modified_gmt":"2025-09-16T23:29:44","slug":"gizlilik-ilkesi","status":"publish","type":"page","link":"https:\/\/hotel.sunwayapart.com\/da\/gizlilik-ilkesi\/","title":{"rendered":"Gizlilik \u0130lkesi"},"content":{"rendered":"<div data-elementor-type=\"wp-page\" data-elementor-id=\"435\" class=\"elementor elementor-435\">\n\t\t\t\t<div class=\"elementor-element elementor-element-7a4f1bc e-flex e-con-boxed elementor-invisible e-con e-parent\" data-id=\"7a4f1bc\" data-element_type=\"container\" data-settings=\"{&quot;jet_parallax_layout_list&quot;:[],&quot;animation&quot;:&quot;fadeInUp&quot;}\">\n\t\t\t\t\t<div class=\"e-con-inner\">\n\t\t\t\t<div class=\"elementor-element elementor-element-be022e4 elementor-widget elementor-widget-heading\" data-id=\"be022e4\" data-element_type=\"widget\" data-widget_type=\"heading.default\">\n\t\t\t\t\t<h2 class=\"elementor-heading-title elementor-size-default\">Privatlivspolitik<\/h2>\t\t\t\t<\/div>\n\t\t\t\t<div class=\"elementor-element elementor-element-eeca750 elementor-widget elementor-widget-text-editor\" data-id=\"eeca750\" data-element_type=\"widget\" data-widget_type=\"text-editor.default\">\n\t\t\t\t\t\t\t\t\t<p data-start=\"154\" data-end=\"338\">Denne privatlivspolitik forklarer, hvordan vi indsamler, bruger, opbevarer og beskytter personoplysninger fra brugere, der bes\u00f8ger vores hjemmeside. Ved at bruge vores hjemmeside accepterer du de vilk\u00e5r, der er angivet i denne politik.<\/p><h2 data-start=\"340\" data-end=\"368\">1. Oplysninger vi indsamler<\/h2><p data-start=\"369\" data-end=\"440\">Via vores hjemmeside kan vi indsamle f\u00f8lgende typer oplysninger:<\/p><ul data-start=\"442\" data-end=\"742\"><li data-start=\"442\" data-end=\"570\"><p data-start=\"444\" data-end=\"570\"><strong data-start=\"444\" data-end=\"468\">Personlige oplysninger<\/strong> s\u00e5som navn, efternavn, e-mailadresse og telefonnummer (f.eks. n\u00e5r du udfylder en formular eller registrerer dig)<\/p><\/li><li data-start=\"571\" data-end=\"678\"><p data-start=\"573\" data-end=\"678\"><strong data-start=\"573\" data-end=\"591\">Tekniske data<\/strong> s\u00e5som IP-adresse, browsertype, operativsystem og dato\/tidspunkt for dine bes\u00f8g<\/p><\/li><li data-start=\"679\" data-end=\"742\"><p data-start=\"681\" data-end=\"742\"><strong data-start=\"681\" data-end=\"695\">Brugsdata<\/strong> indsamlet via cookies og lignende teknologier<\/p><\/li><\/ul><h2 data-start=\"744\" data-end=\"765\">2. Brugsform\u00e5l<\/h2><p data-start=\"766\" data-end=\"823\">Vi kan bruge de indsamlede data til f\u00f8lgende form\u00e5l:<\/p><ul data-start=\"825\" data-end=\"1093\"><li data-start=\"825\" data-end=\"878\"><p data-start=\"827\" data-end=\"878\">At levere, forbedre og personligg\u00f8re vores tjenester<\/p><\/li><li data-start=\"879\" data-end=\"924\"><p data-start=\"881\" data-end=\"924\">For at besvare dine anmodninger og foresp\u00f8rgsler<\/p><\/li><li data-start=\"925\" data-end=\"967\"><p data-start=\"927\" data-end=\"967\">For at forbedre den samlede brugeroplevelse<\/p><\/li><li data-start=\"968\" data-end=\"1004\"><p data-start=\"970\" data-end=\"1004\">For at opfylde vores juridiske forpligtelser<\/p><\/li><li data-start=\"1005\" data-end=\"1093\"><p data-start=\"1007\" data-end=\"1093\">Til at udf\u00f8re markedsf\u00f8rings- og informationsaktiviteter (med dit samtykke, hvor det er n\u00f8dvendigt)<\/p><\/li><\/ul><h2 data-start=\"1095\" data-end=\"1108\">3. Cookies<\/h2><p data-start=\"1109\" data-end=\"1322\">Vores hjemmeside bruger cookies til at forbedre din oplevelse. Du kan deaktivere cookies eller modtage advarsler via dine browserindstillinger. Bem\u00e6rk venligst, at deaktivering af cookies kan medf\u00f8re, at nogle funktioner p\u00e5 hjemmesiden ikke fungerer korrekt.<\/p><h2 data-start=\"1324\" data-end=\"1352\">4. Deling af oplysninger<\/h2><p data-start=\"1353\" data-end=\"1436\">Dine personoplysninger deles ikke med tredjeparter undtagen i f\u00f8lgende tilf\u00e6lde:<\/p><ul data-start=\"1438\" data-end=\"1647\"><li data-start=\"1438\" data-end=\"1481\"><p data-start=\"1440\" data-end=\"1481\">Hvor det kr\u00e6ves af <strong data-start=\"1458\" data-end=\"1479\">juridiske forpligtelser<\/strong><\/p><\/li><li data-start=\"1482\" data-end=\"1540\"><p data-start=\"1484\" data-end=\"1540\">Som svar p\u00e5 anmodninger fra <strong data-start=\"1513\" data-end=\"1538\">kompetente myndigheder<\/strong><\/p><\/li><li data-start=\"1541\" data-end=\"1647\"><p data-start=\"1543\" data-end=\"1647\">Med <strong data-start=\"1548\" data-end=\"1580\">betroede tredjepartspartnere<\/strong> udelukkende til levering af tjenester (f.eks. hosting, betalinger, logistik)<\/p><\/li><\/ul><h2 data-start=\"1649\" data-end=\"1668\">5. Datasikkerhed<\/h2><p data-start=\"1669\" data-end=\"1859\">Vi implementerer tekniske og administrative foranstaltninger i henhold til branchestandarder for at beskytte dine personoplysninger. Ingen dataoverf\u00f8rsel via internettet kan dog garanteres at v\u00e6re fuldst\u00e6ndig sikker.<\/p><h2 data-start=\"1861\" data-end=\"1884\">6. Tredjepartslinks<\/h2><p data-start=\"1885\" data-end=\"2004\">Vores hjemmeside kan indeholde links til tredjepartswebsteder. Vi er ikke ansvarlige for disse websteders privatlivspraksis.<\/p><h2 data-start=\"2006\" data-end=\"2023\">7. Dine rettigheder<\/h2><p data-start=\"2024\" data-end=\"2076\">Vedr\u00f8rende dine personoplysninger har du ret til at:<\/p><ul data-start=\"2078\" data-end=\"2225\"><li data-start=\"2078\" data-end=\"2100\"><p data-start=\"2080\" data-end=\"2100\">Anmodning <strong data-start=\"2088\" data-end=\"2098\">adgang<\/strong><\/p><\/li><li data-start=\"2101\" data-end=\"2127\"><p data-start=\"2103\" data-end=\"2127\">Anmodning <strong data-start=\"2111\" data-end=\"2125\">rettelse<\/strong><\/p><\/li><li data-start=\"2128\" data-end=\"2152\"><p data-start=\"2130\" data-end=\"2152\">Anmodning <strong data-start=\"2138\" data-end=\"2150\">sletning<\/strong><\/p><\/li><li data-start=\"2153\" data-end=\"2194\"><p data-start=\"2155\" data-end=\"2194\">Anmodning <strong data-start=\"2163\" data-end=\"2178\">begr\u00e6nsning<\/strong> af forarbejdning<\/p><\/li><li data-start=\"2195\" data-end=\"2225\"><p data-start=\"2197\" data-end=\"2225\">Anmodning <strong data-start=\"2205\" data-end=\"2225\">dataportabilitet<\/strong><\/p><\/li><\/ul><p data-start=\"2227\" data-end=\"2312\">For at ud\u00f8ve dine rettigheder, bedes du kontakte os ved hj\u00e6lp af oplysningerne p\u00e5 vores hjemmeside.<\/p><h2 data-start=\"2314\" data-end=\"2342\">8. \u00c6ndringer af denne politik<\/h2><p data-start=\"2343\" data-end=\"2468\">Denne privatlivspolitik kan blive opdateret fra tid til anden. \u00c6ndringer tr\u00e6der i kraft p\u00e5 den dato, de offentligg\u00f8res p\u00e5 vores hjemmeside.<\/p>\t\t\t\t\t\t\t\t<\/div>\n\t\t\t\t\t<\/div>\n\t\t\t\t<\/div>\n\t\t\t\t<\/div>","protected":false},"excerpt":{"rendered":"<p>Privatlivspolitik Denne privatlivspolitik forklarer, hvordan vi indsamler, bruger, opbevarer og beskytter personoplysninger fra brugere, der bes\u00f8ger vores hjemmeside. Ved at bruge vores hjemmeside accepterer du vilk\u00e5rene i denne politik. 1. Oplysninger, vi indsamler Via vores hjemmeside kan vi indsamle f\u00f8lgende typer oplysninger: Personlige oplysninger s\u00e5som [\u2026]<\/p>","protected":false},"author":1,"featured_media":632,"parent":0,"menu_order":0,"comment_status":"closed","ping_status":"closed","template":"elementor_header_footer","meta":{"_acf_changed":false,"footnotes":""},"class_list":["post-435","page","type-page","status-publish","has-post-thumbnail","hentry"],"acf":[],"yoast_head":"<!-- This site is optimized with the Yoast SEO plugin v25.6 - https:\/\/yoast.com\/wordpress\/plugins\/seo\/ -->\n<title>Gizlilik \u0130lkesi - Sun Way Apart Hotel Alanya<\/title>\n<meta name=\"robots\" content=\"index, follow, max-snippet:-1, max-image-preview:large, max-video-preview:-1\" \/>\n<link rel=\"canonical\" href=\"https:\/\/hotel.sunwayapart.com\/da\/gizlilik-ilkesi\/\" \/>\n<meta property=\"og:locale\" content=\"da_DK\" \/>\n<meta property=\"og:type\" content=\"article\" \/>\n<meta property=\"og:title\" content=\"Gizlilik \u0130lkesi - Sun Way Apart Hotel Alanya\" \/>\n<meta property=\"og:description\" content=\"Privacy Policy This Privacy Policy explains how we collect, use, store, and protect the personal data of users who visit our website. By using our site, you agree to the terms set out in this policy. 1. Information We Collect Through our website, we may collect the following types of information: Personal information such as [&hellip;]\" \/>\n<meta property=\"og:url\" content=\"https:\/\/hotel.sunwayapart.com\/da\/gizlilik-ilkesi\/\" \/>\n<meta property=\"og:site_name\" content=\"Sun Way Apart Hotel Alanya\" \/>\n<meta property=\"article:modified_time\" content=\"2025-09-16T23:29:44+00:00\" \/>\n<meta property=\"og:image\" content=\"https:\/\/hotel.sunwayapart.com\/wp-content\/uploads\/2025\/09\/Sun-Way-Apart-Hotel-Favicon.png\" \/>\n\t<meta property=\"og:image:width\" content=\"512\" \/>\n\t<meta property=\"og:image:height\" content=\"512\" \/>\n\t<meta property=\"og:image:type\" content=\"image\/png\" \/>\n<meta name=\"twitter:card\" content=\"summary_large_image\" \/>\n<meta name=\"twitter:label1\" content=\"Estimeret l\u00e6setid\" \/>\n\t<meta name=\"twitter:data1\" content=\"3 minutter\" \/>\n<script type=\"application\/ld+json\" class=\"yoast-schema-graph\">{\"@context\":\"https:\/\/schema.org\",\"@graph\":[{\"@type\":\"WebPage\",\"@id\":\"https:\/\/hotel.sunwayapart.com\/gizlilik-ilkesi\/\",\"url\":\"https:\/\/hotel.sunwayapart.com\/gizlilik-ilkesi\/\",\"name\":\"Gizlilik \u0130lkesi - Sun Way Apart Hotel Alanya\",\"isPartOf\":{\"@id\":\"https:\/\/hotel.sunwayapart.com\/#website\"},\"primaryImageOfPage\":{\"@id\":\"https:\/\/hotel.sunwayapart.com\/gizlilik-ilkesi\/#primaryimage\"},\"image\":{\"@id\":\"https:\/\/hotel.sunwayapart.com\/gizlilik-ilkesi\/#primaryimage\"},\"thumbnailUrl\":\"https:\/\/hotel.sunwayapart.com\/wp-content\/uploads\/2025\/09\/Sun-Way-Apart-Hotel-Favicon.png\",\"datePublished\":\"2025-08-09T22:59:43+00:00\",\"dateModified\":\"2025-09-16T23:29:44+00:00\",\"breadcrumb\":{\"@id\":\"https:\/\/hotel.sunwayapart.com\/gizlilik-ilkesi\/#breadcrumb\"},\"inLanguage\":\"da-DK\",\"potentialAction\":[{\"@type\":\"ReadAction\",\"target\":[\"https:\/\/hotel.sunwayapart.com\/gizlilik-ilkesi\/\"]}]},{\"@type\":\"ImageObject\",\"inLanguage\":\"da-DK\",\"@id\":\"https:\/\/hotel.sunwayapart.com\/gizlilik-ilkesi\/#primaryimage\",\"url\":\"https:\/\/hotel.sunwayapart.com\/wp-content\/uploads\/2025\/09\/Sun-Way-Apart-Hotel-Favicon.png\",\"contentUrl\":\"https:\/\/hotel.sunwayapart.com\/wp-content\/uploads\/2025\/09\/Sun-Way-Apart-Hotel-Favicon.png\",\"width\":512,\"height\":512},{\"@type\":\"BreadcrumbList\",\"@id\":\"https:\/\/hotel.sunwayapart.com\/gizlilik-ilkesi\/#breadcrumb\",\"itemListElement\":[{\"@type\":\"ListItem\",\"position\":1,\"name\":\"Anasayfa\",\"item\":\"https:\/\/hotel.sunwayapart.com\/\"},{\"@type\":\"ListItem\",\"position\":2,\"name\":\"Gizlilik \u0130lkesi\"}]},{\"@type\":\"WebSite\",\"@id\":\"https:\/\/hotel.sunwayapart.com\/#website\",\"url\":\"https:\/\/hotel.sunwayapart.com\/\",\"name\":\"Sun Way Apart Hotel Alanya\",\"description\":\"Sun Way Apart Hotel Alanya\",\"potentialAction\":[{\"@type\":\"SearchAction\",\"target\":{\"@type\":\"EntryPoint\",\"urlTemplate\":\"https:\/\/hotel.sunwayapart.com\/?s={search_term_string}\"},\"query-input\":{\"@type\":\"PropertyValueSpecification\",\"valueRequired\":true,\"valueName\":\"search_term_string\"}}],\"inLanguage\":\"da-DK\"}]}<\/script>\n<!-- \/ Yoast SEO plugin. -->","yoast_head_json":{"title":"Gizlilik \u0130lkesi - Sun Way Apart Hotel Alanya","robots":{"index":"index","follow":"follow","max-snippet":"max-snippet:-1","max-image-preview":"max-image-preview:large","max-video-preview":"max-video-preview:-1"},"canonical":"https:\/\/hotel.sunwayapart.com\/da\/gizlilik-ilkesi\/","og_locale":"da_DK","og_type":"article","og_title":"Gizlilik \u0130lkesi - Sun Way Apart Hotel Alanya","og_description":"Privacy Policy This Privacy Policy explains how we collect, use, store, and protect the personal data of users who visit our website. By using our site, you agree to the terms set out in this policy. 1. Information We Collect Through our website, we may collect the following types of information: Personal information such as [&hellip;]","og_url":"https:\/\/hotel.sunwayapart.com\/da\/gizlilik-ilkesi\/","og_site_name":"Sun Way Apart Hotel Alanya","article_modified_time":"2025-09-16T23:29:44+00:00","og_image":[{"width":512,"height":512,"url":"https:\/\/hotel.sunwayapart.com\/wp-content\/uploads\/2025\/09\/Sun-Way-Apart-Hotel-Favicon.png","type":"image\/png"}],"twitter_card":"summary_large_image","twitter_misc":{"Estimeret l\u00e6setid":"3 minutter"},"schema":{"@context":"https:\/\/schema.org","@graph":[{"@type":"WebPage","@id":"https:\/\/hotel.sunwayapart.com\/gizlilik-ilkesi\/","url":"https:\/\/hotel.sunwayapart.com\/gizlilik-ilkesi\/","name":"Gizlilik \u0130lkesi - Sun Way Apart Hotel Alanya","isPartOf":{"@id":"https:\/\/hotel.sunwayapart.com\/#website"},"primaryImageOfPage":{"@id":"https:\/\/hotel.sunwayapart.com\/gizlilik-ilkesi\/#primaryimage"},"image":{"@id":"https:\/\/hotel.sunwayapart.com\/gizlilik-ilkesi\/#primaryimage"},"thumbnailUrl":"https:\/\/hotel.sunwayapart.com\/wp-content\/uploads\/2025\/09\/Sun-Way-Apart-Hotel-Favicon.png","datePublished":"2025-08-09T22:59:43+00:00","dateModified":"2025-09-16T23:29:44+00:00","breadcrumb":{"@id":"https:\/\/hotel.sunwayapart.com\/gizlilik-ilkesi\/#breadcrumb"},"inLanguage":"da-DK","potentialAction":[{"@type":"ReadAction","target":["https:\/\/hotel.sunwayapart.com\/gizlilik-ilkesi\/"]}]},{"@type":"ImageObject","inLanguage":"da-DK","@id":"https:\/\/hotel.sunwayapart.com\/gizlilik-ilkesi\/#primaryimage","url":"https:\/\/hotel.sunwayapart.com\/wp-content\/uploads\/2025\/09\/Sun-Way-Apart-Hotel-Favicon.png","contentUrl":"https:\/\/hotel.sunwayapart.com\/wp-content\/uploads\/2025\/09\/Sun-Way-Apart-Hotel-Favicon.png","width":512,"height":512},{"@type":"BreadcrumbList","@id":"https:\/\/hotel.sunwayapart.com\/gizlilik-ilkesi\/#breadcrumb","itemListElement":[{"@type":"ListItem","position":1,"name":"Anasayfa","item":"https:\/\/hotel.sunwayapart.com\/"},{"@type":"ListItem","position":2,"name":"Gizlilik \u0130lkesi"}]},{"@type":"WebSite","@id":"https:\/\/hotel.sunwayapart.com\/#website","url":"https:\/\/hotel.sunwayapart.com\/","name":"Sun Way Apart Hotel Alanya","description":"Sun Way Apart Hotel Alanya","potentialAction":[{"@type":"SearchAction","target":{"@type":"EntryPoint","urlTemplate":"https:\/\/hotel.sunwayapart.com\/?s={search_term_string}"},"query-input":{"@type":"PropertyValueSpecification","valueRequired":true,"valueName":"search_term_string"}}],"inLanguage":"da-DK"}]}},"_links":{"self":[{"href":"https:\/\/hotel.sunwayapart.com\/da\/wp-json\/wp\/v2\/pages\/435","targetHints":{"allow":["GET"]}}],"collection":[{"href":"https:\/\/hotel.sunwayapart.com\/da\/wp-json\/wp\/v2\/pages"}],"about":[{"href":"https:\/\/hotel.sunwayapart.com\/da\/wp-json\/wp\/v2\/types\/page"}],"author":[{"embeddable":true,"href":"https:\/\/hotel.sunwayapart.com\/da\/wp-json\/wp\/v2\/users\/1"}],"replies":[{"embeddable":true,"href":"https:\/\/hotel.sunwayapart.com\/da\/wp-json\/wp\/v2\/comments?post=435"}],"version-history":[{"count":14,"href":"https:\/\/hotel.sunwayapart.com\/da\/wp-json\/wp\/v2\/pages\/435\/revisions"}],"predecessor-version":[{"id":806,"href":"https:\/\/hotel.sunwayapart.com\/da\/wp-json\/wp\/v2\/pages\/435\/revisions\/806"}],"wp:featuredmedia":[{"embeddable":true,"href":"https:\/\/hotel.sunwayapart.com\/da\/wp-json\/wp\/v2\/media\/632"}],"wp:attachment":[{"href":"https:\/\/hotel.sunwayapart.com\/da\/wp-json\/wp\/v2\/media?parent=435"}],"curies":[{"name":"wp","href":"https:\/\/api.w.org\/{rel}","templated":true}]}}