{"id":105,"date":"2020-06-24T07:16:32","date_gmt":"2020-06-24T07:16:32","guid":{"rendered":"https:\/\/jupiterx.artbees.net\/accountant\/?page_id=105"},"modified":"2025-09-18T00:04:40","modified_gmt":"2025-09-17T21:04:40","slug":"blog","status":"publish","type":"page","link":"https:\/\/hotel.sunwayapart.com\/da\/blog\/","title":{"rendered":"Blog"},"content":{"rendered":"<div data-elementor-type=\"wp-page\" data-elementor-id=\"105\" class=\"elementor elementor-105\">\n\t\t\t\t<div class=\"elementor-element elementor-element-46e47c9 e-flex e-con-boxed e-con e-parent\" data-id=\"46e47c9\" data-element_type=\"container\" data-settings=\"{&quot;background_background&quot;:&quot;classic&quot;,&quot;jet_parallax_layout_list&quot;:[]}\">\n\t\t\t\t\t<div class=\"e-con-inner\">\n\t\t<div class=\"elementor-element elementor-element-d42e452 e-con-full e-flex e-con e-child\" data-id=\"d42e452\" data-element_type=\"container\" data-settings=\"{&quot;jet_parallax_layout_list&quot;:[]}\">\n\t\t\t\t<div class=\"elementor-element elementor-element-bcf2c65 elementor-widget elementor-widget-heading\" data-id=\"bcf2c65\" data-element_type=\"widget\" data-widget_type=\"heading.default\">\n\t\t\t\t\t<h2 class=\"elementor-heading-title elementor-size-default\">Blog<\/h2>\t\t\t\t<\/div>\n\t\t\t\t<\/div>\n\t\t\t\t\t<\/div>\n\t\t\t\t<\/div>\n\t\t<div class=\"elementor-element elementor-element-b10eda0 e-flex e-con-boxed elementor-invisible e-con e-parent\" data-id=\"b10eda0\" data-element_type=\"container\" data-settings=\"{&quot;jet_parallax_layout_list&quot;:[],&quot;animation&quot;:&quot;fadeInUp&quot;}\">\n\t\t\t\t\t<div class=\"e-con-inner\">\n\t\t<div class=\"elementor-element elementor-element-28e0d20 e-con-full e-flex e-con e-child\" data-id=\"28e0d20\" data-element_type=\"container\" data-settings=\"{&quot;jet_parallax_layout_list&quot;:[]}\">\n\t\t\t\t<div class=\"elementor-element elementor-element-1d4f550 elementor-widget elementor-widget-heading\" data-id=\"1d4f550\" data-element_type=\"widget\" data-widget_type=\"heading.default\">\n\t\t\t\t\t<h2 class=\"elementor-heading-title elementor-size-default\">Hvad vi har forberedt til dig<\/h2>\t\t\t\t<\/div>\n\t\t\t\t<div class=\"elementor-element elementor-element-7d2d569 raven-hover-grayscale raven-button-align-center elementor-widget elementor-widget-raven-posts-carousel\" data-id=\"7d2d569\" data-element_type=\"widget\" data-settings=\"{&quot;classic_slides_view&quot;:&quot;4&quot;,&quot;classic_post_image_hover_effect&quot;:&quot;grayscale&quot;,&quot;_skin&quot;:&quot;classic&quot;,&quot;classic_slides_view_tablet&quot;:&quot;2&quot;,&quot;classic_slides_view_mobile&quot;:&quot;1&quot;,&quot;classic_slides_scroll&quot;:&quot;1&quot;,&quot;classic_slides_scroll_tablet&quot;:&quot;1&quot;,&quot;classic_slides_scroll_mobile&quot;:&quot;1&quot;,&quot;classic_transition_speed&quot;:500,&quot;classic_enable_infinite_loop&quot;:&quot;yes&quot;,&quot;classic_show_arrows&quot;:&quot;yes&quot;,&quot;query_offset&quot;:0,&quot;classic_columns_space_between&quot;:{&quot;unit&quot;:&quot;px&quot;,&quot;size&quot;:30,&quot;sizes&quot;:[]},&quot;classic_columns_space_between_tablet&quot;:{&quot;unit&quot;:&quot;px&quot;,&quot;size&quot;:20,&quot;sizes&quot;:[]},&quot;classic_columns_space_between_mobile&quot;:{&quot;unit&quot;:&quot;px&quot;,&quot;size&quot;:10,&quot;sizes&quot;:[]}}\" data-widget_type=\"raven-posts-carousel.classic\">\n\t\t\t\t<div class=\"elementor-widget-container\">\n\t\t\t\t\t\t\t<div class=\"raven-posts-carousel raven-swiper-slider\">\r\n\t\t\t<div class=\"raven-posts-carousel-swiper-container swiper\">\r\n\t\t\t\t<div class=\"swiper-wrapper swiper-columns-4\" data-swiper='{&quot;rtl&quot;:false}'>\r\n\t\t\r\n\t\t<div class=\"swiper-slide\">\r\n\t\t\t<div class=\"raven-post-wrapper\">\r\n\t\t\t\t<div class=\"raven-post\">\r\n\t\t\t\t\t\t\t<div class=\"raven-post-image-wrap\">\r\n\t\t\t<a class=\"raven-post-image raven-image-fit\"  href=\"https:\/\/hotel.sunwayapart.com\/da\/your-alanya-stay-near-cleopatra-beach-space-comfort-and-value-at-sun-way-apart-hotel\/\"><img fetchpriority=\"high\" decoding=\"async\" width=\"1024\" height=\"1024\" src=\"https:\/\/hotel.sunwayapart.com\/wp-content\/uploads\/2025\/09\/DSC_0325-1-1.png\" class=\"attachment-large size-large wp-image-766\" alt=\"\" srcset=\"https:\/\/hotel.sunwayapart.com\/wp-content\/uploads\/2025\/09\/DSC_0325-1-1.png 1024w, https:\/\/hotel.sunwayapart.com\/wp-content\/uploads\/2025\/09\/DSC_0325-1-1-300x300.png 300w, https:\/\/hotel.sunwayapart.com\/wp-content\/uploads\/2025\/09\/DSC_0325-1-1-150x150.png 150w, https:\/\/hotel.sunwayapart.com\/wp-content\/uploads\/2025\/09\/DSC_0325-1-1-768x768.png 768w, https:\/\/hotel.sunwayapart.com\/wp-content\/uploads\/2025\/09\/DSC_0325-1-1-12x12.png 12w, https:\/\/hotel.sunwayapart.com\/wp-content\/uploads\/2025\/09\/DSC_0325-1-1-500x500.png 500w\" sizes=\"(max-width: 1024px) 100vw, 1024px\" \/> <span class=\"raven-post-image-overlay\"><\/span><\/a>\t\t<\/div>\r\n\t\t\r\n\t\t\t\t\t<div class=\"raven-post-content\">\r\n\t\t\t\t\t\t<h3 class=\"raven-post-title\"><a class=\"raven-post-title-link\" href=\"https:\/\/hotel.sunwayapart.com\/da\/your-alanya-stay-near-cleopatra-beach-space-comfort-and-value-at-sun-way-apart-hotel\/\">Dit ophold i Alanya n\u00e6r Kleopatra-stranden: Plads, komfort og v\u00e6rdi p\u00e5 Sun Way Apart Hotel<\/a><\/h3><div class=\"raven-post-excerpt\">Dit ophold i Alanya n\u00e6r Kleopatra-stranden: Plads, komfort og v\u00e6rdi p\u00e5 Sun Way Apart Hotel Planl\u00e6gger du en strandferie i Alanya? For rejsende, der \u00f8nsker mere plads end et standardhotel<\/div>\t\t<div class=\"raven-post-read-more\">\r\n\t\t\t<a class=\"raven-post-button\" href=\"https:\/\/hotel.sunwayapart.com\/da\/your-alanya-stay-near-cleopatra-beach-space-comfort-and-value-at-sun-way-apart-hotel\/\"><span class=\"raven-post-button-text\">L\u00e6s mere<\/span><\/a>\r\n\t\t<\/div>\r\n\t\t\t\t\t\t\t<\/div>\r\n\t\t\t\t<\/div>\r\n\t\t\t<\/div>\r\n\t\t<\/div>\r\n\t\t\r\n\t\t<div class=\"swiper-slide\">\r\n\t\t\t<div class=\"raven-post-wrapper\">\r\n\t\t\t\t<div class=\"raven-post\">\r\n\t\t\t\t\t\t\t<div class=\"raven-post-image-wrap\">\r\n\t\t\t<a class=\"raven-post-image raven-image-fit\"  href=\"https:\/\/hotel.sunwayapart.com\/da\/stay-near-cleopatra-beach-feel-at-home-at-sun-way-apart-hotel-alanya\/\"><img decoding=\"async\" width=\"1024\" height=\"1024\" src=\"https:\/\/hotel.sunwayapart.com\/wp-content\/uploads\/2025\/09\/DSC_0073.png\" class=\"attachment-large size-large wp-image-756\" alt=\"\" srcset=\"https:\/\/hotel.sunwayapart.com\/wp-content\/uploads\/2025\/09\/DSC_0073.png 1024w, https:\/\/hotel.sunwayapart.com\/wp-content\/uploads\/2025\/09\/DSC_0073-300x300.png 300w, https:\/\/hotel.sunwayapart.com\/wp-content\/uploads\/2025\/09\/DSC_0073-150x150.png 150w, https:\/\/hotel.sunwayapart.com\/wp-content\/uploads\/2025\/09\/DSC_0073-768x768.png 768w, https:\/\/hotel.sunwayapart.com\/wp-content\/uploads\/2025\/09\/DSC_0073-12x12.png 12w, https:\/\/hotel.sunwayapart.com\/wp-content\/uploads\/2025\/09\/DSC_0073-500x500.png 500w\" sizes=\"(max-width: 1024px) 100vw, 1024px\" \/> <span class=\"raven-post-image-overlay\"><\/span><\/a>\t\t<\/div>\r\n\t\t\r\n\t\t\t\t\t<div class=\"raven-post-content\">\r\n\t\t\t\t\t\t<h3 class=\"raven-post-title\"><a class=\"raven-post-title-link\" href=\"https:\/\/hotel.sunwayapart.com\/da\/stay-near-cleopatra-beach-feel-at-home-at-sun-way-apart-hotel-alanya\/\">Bo n\u00e6r Kleopatra-stranden: F\u00f8l dig hjemme p\u00e5 Sun Way Apart Hotel, Alanya<\/a><\/h3><div class=\"raven-post-excerpt\">Bo i n\u00e6rheden af Kleopatra-stranden: F\u00f8l dig hjemme p\u00e5 Sun Way Apart Hotel, Alanya. Hvis du leder efter et lejlighedshotel i Alanya, hvor du kan slappe af, lave enkle m\u00e5ltider,<\/div>\t\t<div class=\"raven-post-read-more\">\r\n\t\t\t<a class=\"raven-post-button\" href=\"https:\/\/hotel.sunwayapart.com\/da\/stay-near-cleopatra-beach-feel-at-home-at-sun-way-apart-hotel-alanya\/\"><span class=\"raven-post-button-text\">L\u00e6s mere<\/span><\/a>\r\n\t\t<\/div>\r\n\t\t\t\t\t\t\t<\/div>\r\n\t\t\t\t<\/div>\r\n\t\t\t<\/div>\r\n\t\t<\/div>\r\n\t\t\r\n\t\t<div class=\"swiper-slide\">\r\n\t\t\t<div class=\"raven-post-wrapper\">\r\n\t\t\t\t<div class=\"raven-post\">\r\n\t\t\t\t\t\t\t<div class=\"raven-post-image-wrap\">\r\n\t\t\t<a class=\"raven-post-image raven-image-fit\"  href=\"https:\/\/hotel.sunwayapart.com\/da\/family-holidays-in-alanya-more-space-more-comfort-at-sun-way-apart-hotel-650-m-to-cleopatra-beach\/\"><img decoding=\"async\" width=\"1024\" height=\"1024\" src=\"https:\/\/hotel.sunwayapart.com\/wp-content\/uploads\/2025\/09\/DSC_1667.png\" class=\"attachment-large size-large wp-image-776\" alt=\"\" srcset=\"https:\/\/hotel.sunwayapart.com\/wp-content\/uploads\/2025\/09\/DSC_1667.png 1024w, https:\/\/hotel.sunwayapart.com\/wp-content\/uploads\/2025\/09\/DSC_1667-300x300.png 300w, https:\/\/hotel.sunwayapart.com\/wp-content\/uploads\/2025\/09\/DSC_1667-150x150.png 150w, https:\/\/hotel.sunwayapart.com\/wp-content\/uploads\/2025\/09\/DSC_1667-768x768.png 768w, https:\/\/hotel.sunwayapart.com\/wp-content\/uploads\/2025\/09\/DSC_1667-12x12.png 12w, https:\/\/hotel.sunwayapart.com\/wp-content\/uploads\/2025\/09\/DSC_1667-500x500.png 500w\" sizes=\"(max-width: 1024px) 100vw, 1024px\" \/> <span class=\"raven-post-image-overlay\"><\/span><\/a>\t\t<\/div>\r\n\t\t\r\n\t\t\t\t\t<div class=\"raven-post-content\">\r\n\t\t\t\t\t\t<h3 class=\"raven-post-title\"><a class=\"raven-post-title-link\" href=\"https:\/\/hotel.sunwayapart.com\/da\/family-holidays-in-alanya-more-space-more-comfort-at-sun-way-apart-hotel-650-m-to-cleopatra-beach\/\">Familieferie i Alanya: Mere plads, mere komfort p\u00e5 Sun Way Apart Hotel (650 m til Kleopatra-stranden)<\/a><\/h3><div class=\"raven-post-excerpt\">Familieferier i Alanya: Mere plads, mere komfort p\u00e5 Sun Way Apart Hotel (650 m til Cleopatra-stranden) Leder du efter et familievenligt lejlighedshotel i Alanya, hvor alle har plads<\/div>\t\t<div class=\"raven-post-read-more\">\r\n\t\t\t<a class=\"raven-post-button\" href=\"https:\/\/hotel.sunwayapart.com\/da\/family-holidays-in-alanya-more-space-more-comfort-at-sun-way-apart-hotel-650-m-to-cleopatra-beach\/\"><span class=\"raven-post-button-text\">L\u00e6s mere<\/span><\/a>\r\n\t\t<\/div>\r\n\t\t\t\t\t\t\t<\/div>\r\n\t\t\t\t<\/div>\r\n\t\t\t<\/div>\r\n\t\t<\/div>\r\n\t\t\r\n\t\t<div class=\"swiper-slide\">\r\n\t\t\t<div class=\"raven-post-wrapper\">\r\n\t\t\t\t<div class=\"raven-post\">\r\n\t\t\t\t\t\t\t<div class=\"raven-post-image-wrap\">\r\n\t\t\t<a class=\"raven-post-image raven-image-fit\"  href=\"https:\/\/hotel.sunwayapart.com\/da\/your-central-alanya-base-near-cleopatra-beach-sun-way-apart-hotel\/\"><img fetchpriority=\"high\" decoding=\"async\" width=\"1024\" height=\"1024\" src=\"https:\/\/hotel.sunwayapart.com\/wp-content\/uploads\/2025\/09\/DSC_0325-1-1.png\" class=\"attachment-large size-large wp-image-766\" alt=\"\" srcset=\"https:\/\/hotel.sunwayapart.com\/wp-content\/uploads\/2025\/09\/DSC_0325-1-1.png 1024w, https:\/\/hotel.sunwayapart.com\/wp-content\/uploads\/2025\/09\/DSC_0325-1-1-300x300.png 300w, https:\/\/hotel.sunwayapart.com\/wp-content\/uploads\/2025\/09\/DSC_0325-1-1-150x150.png 150w, https:\/\/hotel.sunwayapart.com\/wp-content\/uploads\/2025\/09\/DSC_0325-1-1-768x768.png 768w, https:\/\/hotel.sunwayapart.com\/wp-content\/uploads\/2025\/09\/DSC_0325-1-1-12x12.png 12w, https:\/\/hotel.sunwayapart.com\/wp-content\/uploads\/2025\/09\/DSC_0325-1-1-500x500.png 500w\" sizes=\"(max-width: 1024px) 100vw, 1024px\" \/> <span class=\"raven-post-image-overlay\"><\/span><\/a>\t\t<\/div>\r\n\t\t\r\n\t\t\t\t\t<div class=\"raven-post-content\">\r\n\t\t\t\t\t\t<h3 class=\"raven-post-title\"><a class=\"raven-post-title-link\" href=\"https:\/\/hotel.sunwayapart.com\/da\/your-central-alanya-base-near-cleopatra-beach-sun-way-apart-hotel\/\">Din base i det centrale Alanya n\u00e6r Kleopatra-stranden: Sun Way Apart Hotel<\/a><\/h3><div class=\"raven-post-excerpt\">Din base i det centrale Alanya n\u00e6r Kleopatra-stranden: Sun Way Apart Hotel. For rejsende, der \u00f8nsker plads, bekvemmelighed og en kort g\u00e5tur til havet, er Sun Way Apart Hotel et<\/div>\t\t<div class=\"raven-post-read-more\">\r\n\t\t\t<a class=\"raven-post-button\" href=\"https:\/\/hotel.sunwayapart.com\/da\/your-central-alanya-base-near-cleopatra-beach-sun-way-apart-hotel\/\"><span class=\"raven-post-button-text\">L\u00e6s mere<\/span><\/a>\r\n\t\t<\/div>\r\n\t\t\t\t\t\t\t<\/div>\r\n\t\t\t\t<\/div>\r\n\t\t\t<\/div>\r\n\t\t<\/div>\r\n\t\t\r\n\t\t<div class=\"swiper-slide\">\r\n\t\t\t<div class=\"raven-post-wrapper\">\r\n\t\t\t\t<div class=\"raven-post\">\r\n\t\t\t\t\t\t\t<div class=\"raven-post-image-wrap\">\r\n\t\t\t<a class=\"raven-post-image raven-image-fit\"  href=\"https:\/\/hotel.sunwayapart.com\/da\/long-stays-remote-work-in-alanya-your-home-base-at-sun-way-apart-hotel-650-m-to-cleopatra-beach\/\"><img loading=\"lazy\" decoding=\"async\" width=\"1024\" height=\"1024\" src=\"https:\/\/hotel.sunwayapart.com\/wp-content\/uploads\/2025\/09\/DSC_0246.png\" class=\"attachment-large size-large wp-image-759\" alt=\"\" srcset=\"https:\/\/hotel.sunwayapart.com\/wp-content\/uploads\/2025\/09\/DSC_0246.png 1024w, https:\/\/hotel.sunwayapart.com\/wp-content\/uploads\/2025\/09\/DSC_0246-300x300.png 300w, https:\/\/hotel.sunwayapart.com\/wp-content\/uploads\/2025\/09\/DSC_0246-150x150.png 150w, https:\/\/hotel.sunwayapart.com\/wp-content\/uploads\/2025\/09\/DSC_0246-768x768.png 768w, https:\/\/hotel.sunwayapart.com\/wp-content\/uploads\/2025\/09\/DSC_0246-12x12.png 12w, https:\/\/hotel.sunwayapart.com\/wp-content\/uploads\/2025\/09\/DSC_0246-500x500.png 500w\" sizes=\"(max-width: 1024px) 100vw, 1024px\" \/> <span class=\"raven-post-image-overlay\"><\/span><\/a>\t\t<\/div>\r\n\t\t\r\n\t\t\t\t\t<div class=\"raven-post-content\">\r\n\t\t\t\t\t\t<h3 class=\"raven-post-title\"><a class=\"raven-post-title-link\" href=\"https:\/\/hotel.sunwayapart.com\/da\/long-stays-remote-work-in-alanya-your-home-base-at-sun-way-apart-hotel-650-m-to-cleopatra-beach\/\">Langtidsophold og fjernarbejde i Alanya: Din base p\u00e5 Sun Way Apart Hotel (650 m til Cleopatra-stranden)<\/a><\/h3><div class=\"raven-post-excerpt\">Langtidsophold og fjernarbejde i Alanya: Din base p\u00e5 Sun Way Apart Hotel (650 m til Cleopatra-stranden). Hvis du planl\u00e6gger et l\u00e6ngerevarende ophold i Alanya eller arbejder<\/div>\t\t<div class=\"raven-post-read-more\">\r\n\t\t\t<a class=\"raven-post-button\" href=\"https:\/\/hotel.sunwayapart.com\/da\/long-stays-remote-work-in-alanya-your-home-base-at-sun-way-apart-hotel-650-m-to-cleopatra-beach\/\"><span class=\"raven-post-button-text\">L\u00e6s mere<\/span><\/a>\r\n\t\t<\/div>\r\n\t\t\t\t\t\t\t<\/div>\r\n\t\t\t\t<\/div>\r\n\t\t\t<\/div>\r\n\t\t<\/div>\r\n\t\t\r\n\t\t<div class=\"swiper-slide\">\r\n\t\t\t<div class=\"raven-post-wrapper\">\r\n\t\t\t\t<div class=\"raven-post\">\r\n\t\t\t\t\t\t\t<div class=\"raven-post-image-wrap\">\r\n\t\t\t<a class=\"raven-post-image raven-image-fit\"  href=\"https:\/\/hotel.sunwayapart.com\/da\/couples-friends-getaway-in-alanya-stay-close-to-cleopatra-beach-at-sun-way-apart-hotel\/\"><img loading=\"lazy\" decoding=\"async\" width=\"1024\" height=\"1024\" src=\"https:\/\/hotel.sunwayapart.com\/wp-content\/uploads\/2025\/09\/DSC_0254.png\" class=\"attachment-large size-large wp-image-760\" alt=\"\" srcset=\"https:\/\/hotel.sunwayapart.com\/wp-content\/uploads\/2025\/09\/DSC_0254.png 1024w, https:\/\/hotel.sunwayapart.com\/wp-content\/uploads\/2025\/09\/DSC_0254-300x300.png 300w, https:\/\/hotel.sunwayapart.com\/wp-content\/uploads\/2025\/09\/DSC_0254-150x150.png 150w, https:\/\/hotel.sunwayapart.com\/wp-content\/uploads\/2025\/09\/DSC_0254-768x768.png 768w, https:\/\/hotel.sunwayapart.com\/wp-content\/uploads\/2025\/09\/DSC_0254-12x12.png 12w, https:\/\/hotel.sunwayapart.com\/wp-content\/uploads\/2025\/09\/DSC_0254-500x500.png 500w\" sizes=\"(max-width: 1024px) 100vw, 1024px\" \/> <span class=\"raven-post-image-overlay\"><\/span><\/a>\t\t<\/div>\r\n\t\t\r\n\t\t\t\t\t<div class=\"raven-post-content\">\r\n\t\t\t\t\t\t<h3 class=\"raven-post-title\"><a class=\"raven-post-title-link\" href=\"https:\/\/hotel.sunwayapart.com\/da\/couples-friends-getaway-in-alanya-stay-close-to-cleopatra-beach-at-sun-way-apart-hotel\/\">Par- og venneferie i Alanya: Bo t\u00e6t p\u00e5 Kleopatra-stranden p\u00e5 Sun Way Apart Hotel<\/a><\/h3><div class=\"raven-post-excerpt\">Par- og venneferie i Alanya: Bo t\u00e6t p\u00e5 Kleopatra-stranden p\u00e5 Sun Way Apart Hotel. Planl\u00e6gger du en solrig ferie med dine yndlingsmennesker? Sun Way Apart Hotel giver dig et sted at bo<\/div>\t\t<div class=\"raven-post-read-more\">\r\n\t\t\t<a class=\"raven-post-button\" href=\"https:\/\/hotel.sunwayapart.com\/da\/couples-friends-getaway-in-alanya-stay-close-to-cleopatra-beach-at-sun-way-apart-hotel\/\"><span class=\"raven-post-button-text\">L\u00e6s mere<\/span><\/a>\r\n\t\t<\/div>\r\n\t\t\t\t\t\t\t<\/div>\r\n\t\t\t\t<\/div>\r\n\t\t\t<\/div>\r\n\t\t<\/div>\r\n\t\t\t\t\t\t<\/div>\r\n\t\t<div class=\"swiper-pagination swiper-pager-outside bullets-pagination-type\"><\/div>\r\n\t\t<\/div>\r\n\r\n\t\t\t\t\t\t\t<div class=\"swiper-button-prev\"><\/div>\r\n\t\t\t\t<div class=\"swiper-button-next\"><\/div>\r\n\t\t\t\r\n\t\t<\/div>\r\n\t\t\t\t\t\t<\/div>\n\t\t\t\t<\/div>\n\t\t\t\t<\/div>\n\t\t\t\t\t<\/div>\n\t\t\t\t<\/div>\n\t\t\t\t<\/div>","protected":false},"excerpt":{"rendered":"<p>Blog What We Have Prepared For You Your Alanya Stay Near Cleopatra Beach: Space, Comfort, and Value at Sun Way Apart Hotel Your Alanya Stay Near Cleopatra Beach: Space, Comfort, and Value at Sun Way Apart Hotel Planning a beach holiday in Alanya? For travelers who want more space than a standard Read More Stay [&hellip;]<\/p>","protected":false},"author":1,"featured_media":632,"parent":0,"menu_order":0,"comment_status":"closed","ping_status":"closed","template":"elementor_header_footer","meta":{"_acf_changed":false,"footnotes":""},"class_list":["post-105","page","type-page","status-publish","has-post-thumbnail","hentry"],"acf":[],"yoast_head":"<!-- This site is optimized with the Yoast SEO plugin v25.6 - https:\/\/yoast.com\/wordpress\/plugins\/seo\/ -->\n<title>Blog<\/title>\n<meta name=\"robots\" content=\"index, follow, max-snippet:-1, max-image-preview:large, max-video-preview:-1\" \/>\n<link rel=\"canonical\" href=\"https:\/\/hotel.sunwayapart.com\/da\/blog\/\" \/>\n<meta property=\"og:locale\" content=\"da_DK\" \/>\n<meta property=\"og:type\" content=\"article\" \/>\n<meta property=\"og:title\" content=\"Blog\" \/>\n<meta property=\"og:description\" content=\"Blog What We Have Prepared For You Your Alanya Stay Near Cleopatra Beach: Space, Comfort, and Value at Sun Way Apart Hotel Your Alanya Stay Near Cleopatra Beach: Space, Comfort, and Value at Sun Way Apart Hotel Planning a beach holiday in Alanya? For travelers who want more space than a standard Read More Stay [&hellip;]\" \/>\n<meta property=\"og:url\" content=\"https:\/\/hotel.sunwayapart.com\/da\/blog\/\" \/>\n<meta property=\"og:site_name\" content=\"Sun Way Apart Hotel Alanya\" \/>\n<meta property=\"article:modified_time\" content=\"2025-09-17T21:04:40+00:00\" \/>\n<meta property=\"og:image\" content=\"https:\/\/hotel.sunwayapart.com\/wp-content\/uploads\/2025\/09\/Sun-Way-Apart-Hotel-Favicon.png\" \/>\n\t<meta property=\"og:image:width\" content=\"512\" \/>\n\t<meta property=\"og:image:height\" content=\"512\" \/>\n\t<meta property=\"og:image:type\" content=\"image\/png\" \/>\n<meta name=\"twitter:card\" content=\"summary_large_image\" \/>\n<meta name=\"twitter:label1\" content=\"Estimeret l\u00e6setid\" \/>\n\t<meta name=\"twitter:data1\" content=\"7 minutter\" \/>\n<script type=\"application\/ld+json\" class=\"yoast-schema-graph\">{\"@context\":\"https:\/\/schema.org\",\"@graph\":[{\"@type\":\"WebPage\",\"@id\":\"https:\/\/hotel.sunwayapart.com\/blog\/\",\"url\":\"https:\/\/hotel.sunwayapart.com\/blog\/\",\"name\":\"Blog\",\"isPartOf\":{\"@id\":\"https:\/\/hotel.sunwayapart.com\/#website\"},\"primaryImageOfPage\":{\"@id\":\"https:\/\/hotel.sunwayapart.com\/blog\/#primaryimage\"},\"image\":{\"@id\":\"https:\/\/hotel.sunwayapart.com\/blog\/#primaryimage\"},\"thumbnailUrl\":\"https:\/\/hotel.sunwayapart.com\/wp-content\/uploads\/2025\/09\/Sun-Way-Apart-Hotel-Favicon.png\",\"datePublished\":\"2020-06-24T07:16:32+00:00\",\"dateModified\":\"2025-09-17T21:04:40+00:00\",\"breadcrumb\":{\"@id\":\"https:\/\/hotel.sunwayapart.com\/blog\/#breadcrumb\"},\"inLanguage\":\"da-DK\",\"potentialAction\":[{\"@type\":\"ReadAction\",\"target\":[\"https:\/\/hotel.sunwayapart.com\/blog\/\"]}]},{\"@type\":\"ImageObject\",\"inLanguage\":\"da-DK\",\"@id\":\"https:\/\/hotel.sunwayapart.com\/blog\/#primaryimage\",\"url\":\"https:\/\/hotel.sunwayapart.com\/wp-content\/uploads\/2025\/09\/Sun-Way-Apart-Hotel-Favicon.png\",\"contentUrl\":\"https:\/\/hotel.sunwayapart.com\/wp-content\/uploads\/2025\/09\/Sun-Way-Apart-Hotel-Favicon.png\",\"width\":512,\"height\":512},{\"@type\":\"BreadcrumbList\",\"@id\":\"https:\/\/hotel.sunwayapart.com\/blog\/#breadcrumb\",\"itemListElement\":[{\"@type\":\"ListItem\",\"position\":1,\"name\":\"Anasayfa\",\"item\":\"https:\/\/hotel.sunwayapart.com\/\"},{\"@type\":\"ListItem\",\"position\":2,\"name\":\"Blog\"}]},{\"@type\":\"WebSite\",\"@id\":\"https:\/\/hotel.sunwayapart.com\/#website\",\"url\":\"https:\/\/hotel.sunwayapart.com\/\",\"name\":\"Sun Way Apart Hotel Alanya\",\"description\":\"Sun Way Apart Hotel Alanya\",\"potentialAction\":[{\"@type\":\"SearchAction\",\"target\":{\"@type\":\"EntryPoint\",\"urlTemplate\":\"https:\/\/hotel.sunwayapart.com\/?s={search_term_string}\"},\"query-input\":{\"@type\":\"PropertyValueSpecification\",\"valueRequired\":true,\"valueName\":\"search_term_string\"}}],\"inLanguage\":\"da-DK\"}]}<\/script>\n<!-- \/ Yoast SEO plugin. -->","yoast_head_json":{"title":"Blog","robots":{"index":"index","follow":"follow","max-snippet":"max-snippet:-1","max-image-preview":"max-image-preview:large","max-video-preview":"max-video-preview:-1"},"canonical":"https:\/\/hotel.sunwayapart.com\/da\/blog\/","og_locale":"da_DK","og_type":"article","og_title":"Blog","og_description":"Blog What We Have Prepared For You Your Alanya Stay Near Cleopatra Beach: Space, Comfort, and Value at Sun Way Apart Hotel Your Alanya Stay Near Cleopatra Beach: Space, Comfort, and Value at Sun Way Apart Hotel Planning a beach holiday in Alanya? For travelers who want more space than a standard Read More Stay [&hellip;]","og_url":"https:\/\/hotel.sunwayapart.com\/da\/blog\/","og_site_name":"Sun Way Apart Hotel Alanya","article_modified_time":"2025-09-17T21:04:40+00:00","og_image":[{"width":512,"height":512,"url":"https:\/\/hotel.sunwayapart.com\/wp-content\/uploads\/2025\/09\/Sun-Way-Apart-Hotel-Favicon.png","type":"image\/png"}],"twitter_card":"summary_large_image","twitter_misc":{"Estimeret l\u00e6setid":"7 minutter"},"schema":{"@context":"https:\/\/schema.org","@graph":[{"@type":"WebPage","@id":"https:\/\/hotel.sunwayapart.com\/blog\/","url":"https:\/\/hotel.sunwayapart.com\/blog\/","name":"Blog","isPartOf":{"@id":"https:\/\/hotel.sunwayapart.com\/#website"},"primaryImageOfPage":{"@id":"https:\/\/hotel.sunwayapart.com\/blog\/#primaryimage"},"image":{"@id":"https:\/\/hotel.sunwayapart.com\/blog\/#primaryimage"},"thumbnailUrl":"https:\/\/hotel.sunwayapart.com\/wp-content\/uploads\/2025\/09\/Sun-Way-Apart-Hotel-Favicon.png","datePublished":"2020-06-24T07:16:32+00:00","dateModified":"2025-09-17T21:04:40+00:00","breadcrumb":{"@id":"https:\/\/hotel.sunwayapart.com\/blog\/#breadcrumb"},"inLanguage":"da-DK","potentialAction":[{"@type":"ReadAction","target":["https:\/\/hotel.sunwayapart.com\/blog\/"]}]},{"@type":"ImageObject","inLanguage":"da-DK","@id":"https:\/\/hotel.sunwayapart.com\/blog\/#primaryimage","url":"https:\/\/hotel.sunwayapart.com\/wp-content\/uploads\/2025\/09\/Sun-Way-Apart-Hotel-Favicon.png","contentUrl":"https:\/\/hotel.sunwayapart.com\/wp-content\/uploads\/2025\/09\/Sun-Way-Apart-Hotel-Favicon.png","width":512,"height":512},{"@type":"BreadcrumbList","@id":"https:\/\/hotel.sunwayapart.com\/blog\/#breadcrumb","itemListElement":[{"@type":"ListItem","position":1,"name":"Anasayfa","item":"https:\/\/hotel.sunwayapart.com\/"},{"@type":"ListItem","position":2,"name":"Blog"}]},{"@type":"WebSite","@id":"https:\/\/hotel.sunwayapart.com\/#website","url":"https:\/\/hotel.sunwayapart.com\/","name":"Sun Way Apart Hotel Alanya","description":"Sun Way Apart Hotel Alanya","potentialAction":[{"@type":"SearchAction","target":{"@type":"EntryPoint","urlTemplate":"https:\/\/hotel.sunwayapart.com\/?s={search_term_string}"},"query-input":{"@type":"PropertyValueSpecification","valueRequired":true,"valueName":"search_term_string"}}],"inLanguage":"da-DK"}]}},"_links":{"self":[{"href":"https:\/\/hotel.sunwayapart.com\/da\/wp-json\/wp\/v2\/pages\/105","targetHints":{"allow":["GET"]}}],"collection":[{"href":"https:\/\/hotel.sunwayapart.com\/da\/wp-json\/wp\/v2\/pages"}],"about":[{"href":"https:\/\/hotel.sunwayapart.com\/da\/wp-json\/wp\/v2\/types\/page"}],"author":[{"embeddable":true,"href":"https:\/\/hotel.sunwayapart.com\/da\/wp-json\/wp\/v2\/users\/1"}],"replies":[{"embeddable":true,"href":"https:\/\/hotel.sunwayapart.com\/da\/wp-json\/wp\/v2\/comments?post=105"}],"version-history":[{"count":15,"href":"https:\/\/hotel.sunwayapart.com\/da\/wp-json\/wp\/v2\/pages\/105\/revisions"}],"predecessor-version":[{"id":892,"href":"https:\/\/hotel.sunwayapart.com\/da\/wp-json\/wp\/v2\/pages\/105\/revisions\/892"}],"wp:featuredmedia":[{"embeddable":true,"href":"https:\/\/hotel.sunwayapart.com\/da\/wp-json\/wp\/v2\/media\/632"}],"wp:attachment":[{"href":"https:\/\/hotel.sunwayapart.com\/da\/wp-json\/wp\/v2\/media?parent=105"}],"curies":[{"name":"wp","href":"https:\/\/api.w.org\/{rel}","templated":true}]}}